{"id":166,"date":"2025-11-08T02:29:02","date_gmt":"2025-11-08T02:29:02","guid":{"rendered":"https:\/\/endf.ca\/?page_id=166"},"modified":"2025-12-05T13:38:50","modified_gmt":"2025-12-05T13:38:50","slug":"sobre-nosotros","status":"publish","type":"page","link":"https:\/\/endf.ca\/en\/sobre-nosotros\/","title":{"rendered":"Sobre Nosotros"},"content":{"rendered":"<div class=\"wp-block-group alignfull is-layout-flow wp-block-group-is-layout-flow\">\n<div class=\"wp-block-group has-global-padding is-layout-constrained wp-container-core-group-is-layout-19e250f3 wp-block-group-is-layout-constrained\">\n<div class=\"wp-block-cover alignfull\" style=\"min-height:430px;aspect-ratio:unset;\"><img data-recalc-dims=\"1\" loading=\"lazy\" decoding=\"async\" width=\"1024\" height=\"683\" data-attachment-id=\"805\" data-permalink=\"https:\/\/endf.ca\/en\/sobre-nosotros\/attachment\/12222\/\" data-orig-file=\"https:\/\/i0.wp.com\/endf.ca\/wp-content\/uploads\/2025\/11\/12222-scaled.jpg?fit=2560%2C1708&amp;ssl=1\" data-orig-size=\"2560,1708\" data-comments-opened=\"1\" data-image-meta=\"{&quot;aperture&quot;:&quot;2.8&quot;,&quot;credit&quot;:&quot;&quot;,&quot;camera&quot;:&quot;ILCE-7RM2&quot;,&quot;caption&quot;:&quot;&quot;,&quot;created_timestamp&quot;:&quot;1757504139&quot;,&quot;copyright&quot;:&quot;&quot;,&quot;focal_length&quot;:&quot;45&quot;,&quot;iso&quot;:&quot;100&quot;,&quot;shutter_speed&quot;:&quot;0.00125&quot;,&quot;title&quot;:&quot;&quot;,&quot;orientation&quot;:&quot;1&quot;}\" data-image-title=\"12222\" data-image-description=\"\" data-image-caption=\"\" data-large-file=\"https:\/\/i0.wp.com\/endf.ca\/wp-content\/uploads\/2025\/11\/12222-scaled.jpg?fit=1024%2C683&amp;ssl=1\" class=\"wp-block-cover__image-background wp-image-805 size-large\" alt=\"\" src=\"https:\/\/i0.wp.com\/endf.ca\/wp-content\/uploads\/2025\/11\/12222.jpg?resize=1024%2C683&#038;ssl=1\" style=\"object-position:33% 11%\" data-object-fit=\"cover\" data-object-position=\"33% 11%\" srcset=\"https:\/\/i0.wp.com\/endf.ca\/wp-content\/uploads\/2025\/11\/12222-scaled.jpg?resize=1024%2C683&amp;ssl=1 1024w, https:\/\/i0.wp.com\/endf.ca\/wp-content\/uploads\/2025\/11\/12222-scaled.jpg?resize=300%2C200&amp;ssl=1 300w, https:\/\/i0.wp.com\/endf.ca\/wp-content\/uploads\/2025\/11\/12222-scaled.jpg?resize=768%2C512&amp;ssl=1 768w, https:\/\/i0.wp.com\/endf.ca\/wp-content\/uploads\/2025\/11\/12222-scaled.jpg?resize=1536%2C1025&amp;ssl=1 1536w, https:\/\/i0.wp.com\/endf.ca\/wp-content\/uploads\/2025\/11\/12222-scaled.jpg?resize=2048%2C1366&amp;ssl=1 2048w, https:\/\/i0.wp.com\/endf.ca\/wp-content\/uploads\/2025\/11\/12222-scaled.jpg?resize=18%2C12&amp;ssl=1 18w, https:\/\/i0.wp.com\/endf.ca\/wp-content\/uploads\/2025\/11\/12222-scaled.jpg?resize=600%2C400&amp;ssl=1 600w\" sizes=\"auto, (max-width: 1000px) 100vw, 1000px\" \/><span aria-hidden=\"true\" class=\"wp-block-cover__background has-enf-deep-forest-background-color has-background-dim\"><\/span><div class=\"wp-block-cover__inner-container is-layout-flow wp-block-cover-is-layout-flow\">\n<figure class=\"wp-block-image aligncenter size-full\"><img data-recalc-dims=\"1\" decoding=\"async\" src=\"https:\/\/i0.wp.com\/endf.ca\/wp-content\/themes\/enf\/assets\/images\/image-2.png?ssl=1\" alt=\"\" class=\"wp-image-186\"\/><\/figure>\n<\/div><\/div>\n\n\n\n<div class=\"wp-block-cover alignfull is-light\" style=\"margin-top:0;margin-bottom:0;padding-top:0;padding-right:var(--wp--preset--spacing--30);padding-bottom:0;padding-left:var(--wp--preset--spacing--30);min-height:430px;aspect-ratio:unset;\"><img data-recalc-dims=\"1\" height=\"1024\" width=\"1024\" decoding=\"async\" class=\"wp-block-cover__image-background wp-image-195 size-large\" alt=\"\" src=\"https:\/\/i0.wp.com\/endf.ca\/wp-content\/themes\/enf\/assets\/images\/1766a29f43b7463767a6df690a846dc5d568f684-1024x538.jpg?fit=1024%2C1024&#038;ssl=1\" data-object-fit=\"cover\"\/><span aria-hidden=\"true\" class=\"wp-block-cover__background has-white-background-color has-background-dim-70 has-background-dim\"><\/span><div class=\"wp-block-cover__inner-container has-global-padding is-layout-constrained wp-container-core-cover-is-layout-d46ca558 wp-block-cover-is-layout-constrained\">\n<div class=\"wp-block-group alignwide is-layout-grid wp-container-core-group-is-layout-502dc16c wp-block-group-is-layout-grid\" style=\"padding-top:var(--wp--preset--spacing--80);padding-bottom:var(--wp--preset--spacing--80)\">\n<div class=\"wp-block-group has-white-color has-enf-blue-background-color has-text-color has-background has-link-color wp-elements-46df27c77eb9bdafbc2d9b81dd323db5 wp-container-content-806d4f1a is-vertical is-content-justification-stretch is-layout-flex wp-container-core-group-is-layout-1c03520e wp-block-group-is-layout-flex\" style=\"border-top-left-radius:5px;border-top-right-radius:5px;border-bottom-left-radius:5px;border-bottom-right-radius:5px\">\n<div class=\"wp-block-group has-global-padding is-layout-constrained wp-container-core-group-is-layout-2294234b wp-block-group-is-layout-constrained\" style=\"padding-top:var(--wp--preset--spacing--40);padding-right:var(--wp--preset--spacing--60);padding-bottom:var(--wp--preset--spacing--40);padding-left:var(--wp--preset--spacing--60)\">\n<h2 class=\"wp-block-heading has-text-align-left has-serif-font-family has-xx-large-font-size wp-container-content-7794cd7b\"><em>Mission<\/em><\/h2>\n<\/div>\n\n\n\n<hr class=\"wp-block-separator has-alpha-channel-opacity is-style-wide\"\/>\n\n\n\n<div class=\"wp-block-group has-global-padding is-layout-constrained wp-container-core-group-is-layout-b91ec625 wp-block-group-is-layout-constrained\" style=\"padding-top:var(--wp--preset--spacing--50);padding-right:var(--wp--preset--spacing--60);padding-bottom:var(--wp--preset--spacing--50);padding-left:var(--wp--preset--spacing--60)\">\n<p class=\"has-text-align-left has-medium-font-size wp-container-content-f52b31c8\">Established in Montr\u00e9al, l\u2019\u00c9cole Nationale de Fran\u00e7ais is dedicated to supporting adults in their integration and development process in Qu\u00e9bec, making French a source of confidence, freedom, and real opportunities.&nbsp;<\/p>\n\n\n\n<p class=\"has-medium-font-size\">Through a clear, human-centred approach rooted in Qu\u00e9bec\u2019s reality, ENDF helps students turn language learning into a powerful tool for both personal and professional growth.&nbsp;<\/p>\n<\/div>\n<\/div>\n\n\n\n<div class=\"wp-block-group has-white-color has-enf-blue-background-color has-text-color has-background has-link-color wp-elements-ade5c77b5ff89a0eb04142072a7b4b5e wp-container-content-a3517645 is-vertical is-content-justification-stretch is-layout-flex wp-container-core-group-is-layout-1c03520e wp-block-group-is-layout-flex\" style=\"border-top-left-radius:5px;border-top-right-radius:5px;border-bottom-left-radius:5px;border-bottom-right-radius:5px\">\n<div class=\"wp-block-group has-global-padding is-layout-constrained wp-container-core-group-is-layout-2294234b wp-block-group-is-layout-constrained\" style=\"padding-top:var(--wp--preset--spacing--40);padding-right:var(--wp--preset--spacing--60);padding-bottom:var(--wp--preset--spacing--40);padding-left:var(--wp--preset--spacing--60)\">\n<h2 class=\"wp-block-heading has-text-align-left has-serif-font-family has-xx-large-font-size wp-container-content-7794cd7b\"><em>Vision<\/em><\/h2>\n<\/div>\n\n\n\n<hr class=\"wp-block-separator has-alpha-channel-opacity is-style-wide\"\/>\n\n\n\n<div class=\"wp-block-group is-vertical is-content-justification-stretch is-layout-flex wp-container-core-group-is-layout-49e4f7d6 wp-block-group-is-layout-flex\" style=\"padding-top:var(--wp--preset--spacing--50);padding-right:var(--wp--preset--spacing--60);padding-bottom:var(--wp--preset--spacing--50);padding-left:var(--wp--preset--spacing--60)\">\n<p class=\"has-text-align-left has-medium-font-size wp-container-content-f52b31c8\">To establish itself as a leading institution in Qu\u00e9bec and across Canada, recognized for the <strong>academic quality<\/strong> of its training, the human warmth of its support, and its real impact on the long-term success and integration of its students.&nbsp;<\/p>\n\n\n\n<p class=\"has-medium-font-size\">ENDF aims to build a community where French becomes a driving force for growth, recognition, and mobility.<\/p>\n<\/div>\n<\/div>\n<\/div>\n<\/div><\/div>\n\n\n\n<div class=\"wp-block-group alignfull has-enf-green-light-background-color has-background has-global-padding is-layout-constrained wp-container-core-group-is-layout-c7b768a6 wp-block-group-is-layout-constrained\" style=\"margin-top:0;margin-bottom:0;padding-top:var(--wp--preset--spacing--80);padding-bottom:var(--wp--preset--spacing--80)\">\n<h2 class=\"wp-block-heading has-text-align-center has-serif-font-family has-xx-large-font-size\">Our values<\/h2>\n\n\n\n<div class=\"wp-block-group alignwide is-layout-grid wp-container-core-group-is-layout-07d7edb8 wp-block-group-is-layout-grid\">\n<div class=\"wp-block-group wp-container-content-9342bb75 has-global-padding is-layout-constrained wp-block-group-is-layout-constrained\">\n<figure class=\"wp-block-image aligncenter size-full is-resized\"><img data-recalc-dims=\"1\" decoding=\"async\" src=\"https:\/\/i0.wp.com\/endf.ca\/wp-content\/themes\/enf\/assets\/images\/Group-257.png?ssl=1\" alt=\"\" class=\"wp-image-199\" style=\"width:auto;height:100px\"\/><\/figure>\n\n\n\n<h2 class=\"wp-block-heading has-text-align-center has-medium-font-size\"><strong>Human warmth and structure\u00a0<\/strong><\/h2>\n\n\n\n<p class=\"has-text-align-center has-medium-font-size\">We teach with empathy and closeness, but also with order, clarity, and professionalism.<\/p>\n<\/div>\n\n\n\n<div class=\"wp-block-group wp-container-content-4fdd3329 has-global-padding is-layout-constrained wp-block-group-is-layout-constrained\">\n<figure class=\"wp-block-image aligncenter size-full is-resized\"><img data-recalc-dims=\"1\" decoding=\"async\" src=\"https:\/\/i0.wp.com\/endf.ca\/wp-content\/themes\/enf\/assets\/images\/Group-256.png?ssl=1\" alt=\"\" class=\"wp-image-205\" style=\"width:auto;height:100px\"\/><\/figure>\n\n\n\n<h2 class=\"wp-block-heading has-text-align-center has-medium-font-size\"><strong>Academic rigor &nbsp;<\/strong><\/h2>\n\n\n\n<p class=\"has-text-align-center has-medium-font-size\">We guarantee quality, method, and measurable results at every stage of learning.<\/p>\n<\/div>\n\n\n\n<div class=\"wp-block-group wp-container-content-477dd359 has-global-padding is-layout-constrained wp-block-group-is-layout-constrained\">\n<figure class=\"wp-block-image aligncenter size-full is-resized\"><img data-recalc-dims=\"1\" decoding=\"async\" src=\"https:\/\/i0.wp.com\/endf.ca\/wp-content\/themes\/enf\/assets\/images\/Group-259.png?ssl=1\" alt=\"\" class=\"wp-image-204\" style=\"width:auto;height:100px\"\/><\/figure>\n\n\n\n<h2 class=\"wp-block-heading has-text-align-center has-medium-font-size\"><strong>Respect and commitment<\/strong><\/h2>\n\n\n\n<p class=\"has-text-align-center has-medium-font-size\">We value the time, effort, and goals of each student.<\/p>\n<\/div>\n\n\n\n<div class=\"wp-block-group wp-container-content-ab8183b6 is-layout-grid wp-container-core-group-is-layout-478b6e6b wp-block-group-is-layout-grid\">\n<figure class=\"wp-block-image aligncenter size-full is-resized\"><img data-recalc-dims=\"1\" decoding=\"async\" src=\"https:\/\/i0.wp.com\/endf.ca\/wp-content\/themes\/enf\/assets\/images\/Group-258.png?ssl=1\" alt=\"\" class=\"wp-image-203\" style=\"width:auto;height:100px\"\/><\/figure>\n\n\n\n<h2 class=\"wp-block-heading has-text-align-center has-medium-font-size wp-container-content-69bc4bdf\"><strong>Constant growth<\/strong> &nbsp;&nbsp;<\/h2>\n\n\n\n<p class=\"has-text-align-center has-medium-font-size wp-container-content-69bc4bdf\">We encourage continuous learning among teachers, students, and staff.<\/p>\n<\/div>\n\n\n\n<div class=\"wp-block-group wp-container-content-05c27934 has-global-padding is-layout-constrained wp-block-group-is-layout-constrained\">\n<figure class=\"wp-block-image aligncenter size-full is-resized\"><img data-recalc-dims=\"1\" decoding=\"async\" src=\"https:\/\/i0.wp.com\/endf.ca\/wp-content\/themes\/enf\/assets\/images\/Group-254.png?ssl=1\" alt=\"\" class=\"wp-image-202\" style=\"width:auto;height:100px\"\/><\/figure>\n\n\n\n<h2 class=\"wp-block-heading has-text-align-center has-medium-font-size\"><strong>Human focus<strong> <\/strong>&nbsp;<\/strong><\/h2>\n\n\n\n<p class=\"has-text-align-center\">We teach to transform lives, not just to impart knowledge.<\/p>\n<\/div>\n<\/div>\n<\/div>\n\n\n\n<div class=\"wp-block-group alignwide has-global-padding is-layout-constrained wp-container-core-group-is-layout-f5bc1b40 wp-block-group-is-layout-constrained\" style=\"margin-top:0;margin-bottom:0;padding-top:var(--wp--preset--spacing--80);padding-bottom:var(--wp--preset--spacing--80)\">\n<h2 class=\"wp-block-heading has-text-align-center has-serif-font-family has-xx-large-font-size\"><strong><em>Who do we accompany?&nbsp;<\/em><\/strong><\/h2>\n\n\n\n<div class=\"wp-block-group alignwide is-layout-grid wp-container-core-group-is-layout-e4de9f04 wp-block-group-is-layout-grid\">\n<div class=\"wp-block-group has-white-color has-enf-deep-forest-background-color has-text-color has-background has-link-color wp-elements-dcea183801a2e193d9be109276d818cb wp-container-content-806d4f1a has-global-padding is-layout-constrained wp-container-core-group-is-layout-f729c617 wp-block-group-is-layout-constrained\" style=\"border-top-left-radius:5px;border-top-right-radius:5px;border-bottom-left-radius:5px;border-bottom-right-radius:5px;margin-top:0;margin-bottom:0;padding-top:0;padding-right:0;padding-bottom:0;padding-left:0\">\n<figure class=\"wp-block-image alignwide size-full has-custom-border\" style=\"margin-top:0;margin-right:0;margin-bottom:0;margin-left:0\"><img data-recalc-dims=\"1\" decoding=\"async\" src=\"https:\/\/i0.wp.com\/endf.ca\/wp-content\/themes\/enf\/assets\/images\/Rectangle-84-edited.png?ssl=1\" alt=\"\" class=\"wp-image-211\" style=\"border-top-left-radius:5px;border-top-right-radius:5px;border-bottom-left-radius:5px;border-bottom-right-radius:5px\"\/><\/figure>\n\n\n\n<div class=\"wp-block-group is-vertical is-content-justification-center is-layout-flex wp-container-core-group-is-layout-54368b8f wp-block-group-is-layout-flex\" style=\"min-height:250px;padding-top:var(--wp--preset--spacing--60);padding-right:var(--wp--preset--spacing--60);padding-bottom:var(--wp--preset--spacing--60);padding-left:var(--wp--preset--spacing--60)\">\n<h2 class=\"wp-block-heading has-text-align-center has-medium-font-size wp-container-content-83f1840e\"><strong>Les nouveaux arrivants<\/strong><\/h2>\n\n\n\n<p class=\"has-text-align-center has-small-font-size wp-container-content-efb9f924\">Adults who arrive in Quebec to start a new professional and personal life. They seek to acquire the level of French necessary to work, communicate confidently, and establish themselves in a stable manner.\u00a0<\/p>\n<\/div>\n<\/div>\n\n\n\n<div class=\"wp-block-group has-white-color has-enf-deep-forest-background-color has-text-color has-background has-link-color wp-elements-55216f819941ca982564a44e3bfba7bf wp-container-content-ac92baf4 has-global-padding is-layout-constrained wp-container-core-group-is-layout-19e250f3 wp-block-group-is-layout-constrained\" style=\"border-top-left-radius:5px;border-top-right-radius:5px;border-bottom-left-radius:5px;border-bottom-right-radius:5px\">\n<figure class=\"wp-block-image alignwide size-full has-custom-border is-style-default\"><img data-recalc-dims=\"1\" decoding=\"async\" src=\"https:\/\/i0.wp.com\/endf.ca\/wp-content\/themes\/enf\/assets\/images\/Rectangle-85-edited.png?ssl=1\" alt=\"\" class=\"wp-image-212\" style=\"border-top-left-radius:5px;border-top-right-radius:5px;border-bottom-left-radius:5px;border-bottom-right-radius:5px\"\/><\/figure>\n\n\n\n<div class=\"wp-block-group is-vertical is-content-justification-center is-layout-flex wp-container-core-group-is-layout-54368b8f wp-block-group-is-layout-flex\" style=\"min-height:250px;padding-top:var(--wp--preset--spacing--60);padding-right:var(--wp--preset--spacing--60);padding-bottom:var(--wp--preset--spacing--60);padding-left:var(--wp--preset--spacing--60)\">\n<h2 class=\"wp-block-heading has-text-align-center has-medium-font-size wp-container-content-83f1840e\"><strong>Adultes professionnels en r\u00e9orientation professionnelle&nbsp;<\/strong><\/h2>\n\n\n\n<p class=\"has-text-align-center has-small-font-size wp-container-content-efb9f924\">People already living in Quebec who want to change careers, access better opportunities, or obtain certification to advance professionally through mastery of professional French.\u00a0<\/p>\n<\/div>\n<\/div>\n<\/div>\n<\/div>\n\n\n\n<div class=\"wp-block-cover alignfull is-light\" style=\"border-radius:0px;padding-top:var(--wp--preset--spacing--80);padding-right:var(--wp--preset--spacing--50);padding-bottom:var(--wp--preset--spacing--80);padding-left:var(--wp--preset--spacing--50);min-height:420px;aspect-ratio:unset;\"><img data-recalc-dims=\"1\" decoding=\"async\" class=\"wp-block-cover__image-background wp-image-1136 size-full\" alt=\"\" src=\"https:\/\/i0.wp.com\/endf.ca\/wp-content\/themes\/enf\/assets\/images\/enf-banner-aqua-1.png?ssl=1\" style=\"object-position:36% 47%\" data-object-fit=\"cover\" data-object-position=\"36% 47%\"\/><span aria-hidden=\"true\" class=\"wp-block-cover__background has-background-dim-0 has-background-dim\" style=\"background-color:#c5e9d4\"><\/span><div class=\"wp-block-cover__inner-container has-global-padding is-layout-constrained wp-container-core-cover-is-layout-8953c37e wp-block-cover-is-layout-constrained\">\n<div class=\"wp-block-group alignwide has-global-padding is-content-justification-left is-layout-constrained wp-container-core-group-is-layout-5c786a90 wp-block-group-is-layout-constrained\" style=\"margin-top:var(--wp--preset--spacing--80);margin-bottom:var(--wp--preset--spacing--80)\">\n<div class=\"wp-block-group has-global-padding is-layout-constrained wp-container-core-group-is-layout-19e250f3 wp-block-group-is-layout-constrained\">\n<p class=\"has-text-align-left has-enf-blue-color has-text-color has-link-color wp-elements-0d054fbb6472a315651d4ae758e0120d\" style=\"font-size:clamp(1.092rem, 1.092rem + ((1vw - 0.2rem) * 1.013), 1.7rem);line-height:1\">Take the next step toward new opportunities in French.<\/p>\n\n\n\n<div style=\"height:20px\" aria-hidden=\"true\" class=\"wp-block-spacer\"><\/div>\n\n\n\n<p class=\"has-text-align-left has-enf-blue-color has-text-color has-serif-font-family\" style=\"font-size:clamp(0.875rem, 0.875rem + ((1vw - 0.2rem) * 0.708), 1.3rem);line-height:1\"><em>Begin your admission process and start building the stability and confidence that will open new doors for you.<\/em><\/p>\n<\/div>\n\n\n\n<div class=\"wp-block-buttons is-content-justification-left is-nowrap is-layout-flex wp-container-core-buttons-is-layout-4afcac09 wp-block-buttons-is-layout-flex\" style=\"margin-top:30px\">\n<div class=\"wp-block-button\"><a class=\"wp-block-button__link has-white-color has-enf-blue-background-color has-text-color has-background has-medium-font-size has-custom-font-size wp-element-button\" href=\"\/en\/programas\/\" style=\"border-radius:5px;font-style:normal;font-weight:700\">View our programms -&gt;<\/a><\/div>\n<\/div>\n<\/div>\n<\/div><\/div>\n<\/div>\n<\/div>","protected":false},"excerpt":{"rendered":"<p>Nos valeurs Chaleur et structure\u00a0 Nous enseignons avec empathie et proximit\u00e9, mais aussi avec ordre, clart\u00e9 et professionnalisme. Rigueur acad\u00e9mique &nbsp; Nous garantissons la qualit\u00e9, la m\u00e9thode et des r\u00e9sultats mesurables \u00e0 chaque \u00e9tape de l&rsquo;apprentissage. Respect et engagement Nous valorisons le temps, les efforts et les objectifs de chaque \u00e9l\u00e8ve. Croissance constante &nbsp;&nbsp; Nous [&hellip;]<\/p>","protected":false},"author":2,"featured_media":0,"parent":0,"menu_order":0,"comment_status":"closed","ping_status":"closed","template":"page-no-title","meta":{"content-type":"","advanced_seo_description":"","jetpack_seo_html_title":"","jetpack_seo_noindex":false,"footnotes":""},"class_list":["post-166","page","type-page","status-publish","hentry"],"jetpack_sharing_enabled":true,"_links":{"self":[{"href":"https:\/\/endf.ca\/en\/wp-json\/wp\/v2\/pages\/166","targetHints":{"allow":["GET"]}}],"collection":[{"href":"https:\/\/endf.ca\/en\/wp-json\/wp\/v2\/pages"}],"about":[{"href":"https:\/\/endf.ca\/en\/wp-json\/wp\/v2\/types\/page"}],"author":[{"embeddable":true,"href":"https:\/\/endf.ca\/en\/wp-json\/wp\/v2\/users\/2"}],"replies":[{"embeddable":true,"href":"https:\/\/endf.ca\/en\/wp-json\/wp\/v2\/comments?post=166"}],"version-history":[{"count":29,"href":"https:\/\/endf.ca\/en\/wp-json\/wp\/v2\/pages\/166\/revisions"}],"predecessor-version":[{"id":1581,"href":"https:\/\/endf.ca\/en\/wp-json\/wp\/v2\/pages\/166\/revisions\/1581"}],"wp:attachment":[{"href":"https:\/\/endf.ca\/en\/wp-json\/wp\/v2\/media?parent=166"}],"curies":[{"name":"wp","href":"https:\/\/api.w.org\/{rel}","templated":true}]}}