{"id":1800,"date":"2026-02-05T01:34:54","date_gmt":"2026-02-05T01:34:54","guid":{"rendered":"https:\/\/endf.ca\/privacy\/"},"modified":"2026-04-15T14:25:29","modified_gmt":"2026-04-15T14:25:29","slug":"privacy","status":"publish","type":"page","link":"https:\/\/endf.ca\/en\/privacy\/","title":{"rendered":"Privacy Policy"},"content":{"rendered":"<p><em><strong>Last Updated: April 15, 2026<\/strong><\/em><\/p>\n\n\n\n<p><\/p>\n\n\n\n<p>At \u00c9cole Nationale de Fran\u00e7ais (ENDF), we are committed to protecting your personal information. This policy outlines how we collect, use, and safeguard your data in compliance with Law 25 of Quebec.<\/p>\n\n\n\n<h4 class=\"wp-block-heading\"><strong>1. Information Collected<\/strong><\/h4>\n\n\n\n<p>We collect information you voluntarily provide through our forms:<\/p>\n\n\n\n<ul class=\"wp-block-list\">\n<li>First and last name.<\/li>\n\n\n\n<li>Contact details (email address, phone number).<\/li>\n\n\n\n<li>Course enrollment information.<\/li>\n\n\n\n<li>Browsing data (cookies).<\/li>\n<\/ul>\n\n\n\n<h4 class=\"wp-block-heading\"><strong>2. Use of Data and SMS<\/strong><\/h4>\n\n\n\n<p>Your data is used to manage your enrollments, respond to inquiries, and send relevant information.<\/p>\n\n\n\n<ul class=\"wp-block-list\">\n<li><strong>SMS Consent:<\/strong> If you have opted-in to receive text messages (SMS), we will use your number to send course notifications or promotional offers.<\/li>\n<\/ul>\n\n\n\n<h4 class=\"wp-block-heading\"><strong>3. Mobile Data Non-Disclosure Clause <\/strong><\/h4>\n\n\n\n<p><strong>No mobile information will be shared with third parties or affiliates for marketing or promotional purposes. All the above categories exclude text messaging originator opt-in data and consent; this information will not be shared with any third parties.<\/strong><\/p>\n\n\n\n<h4 class=\"wp-block-heading\"><strong>4. Security and Retention<\/strong><\/h4>\n\n\n\n<p>We implement strict security measures to protect your data. Your information is retained only as long as necessary for the purposes for which it was collected.<\/p>\n\n\n\n<h4 class=\"wp-block-heading\"><strong>5. Your Rights<\/strong><\/h4>\n\n\n\n<p>You have the right to access, correct, or withdraw your consent at any time (including opting out of SMS by replying STOP).<\/p>\n\n\n\n<h4 class=\"wp-block-heading\"><strong>6. Privacy Officer<\/strong><\/h4>\n\n\n\n<p>For any questions or to exercise your rights, please contact our designated officer:<\/p>\n\n\n\n<p><strong>Administration Department<\/strong> <\/p>\n\n\n\n<p>\u00c9cole Nationale de Fran\u00e7ais 1626 Boul. Saint-Laurent Bureau 100, Montr\u00e9al, QC H2X 3V7 <\/p>\n\n\n\n<p>Email: contact@endf.ca <\/p>\n\n\n\n<p>Phone : +1 (438) 238 4660 <\/p>\n\n\n\n<p>Office Hours: Monday to Friday, 10 am to 6 pm<\/p>\n\n\n\n<p><\/p>\n\n\n\n<p><\/p>\n\n\n\n<p><\/p>","protected":false},"excerpt":{"rendered":"<p>Derni\u00e8re mise \u00e0 jour : 15 avril 2026 \u00c0 l&rsquo;\u00c9cole Nationale de Fran\u00e7ais (ENDF), nous accordons une grande importance \u00e0 la protection de vos renseignements personnels. Cette politique d\u00e9taille comment nous collectons, utilisons et prot\u00e9geons vos donn\u00e9es, conform\u00e9ment \u00e0 la Loi sur la protection des renseignements personnels dans le secteur priv\u00e9 (Loi 25) au Qu\u00e9bec. [&hellip;]<\/p>","protected":false},"author":1,"featured_media":923,"parent":0,"menu_order":0,"comment_status":"closed","ping_status":"closed","template":"","meta":{"content-type":"","advanced_seo_description":"","jetpack_seo_html_title":"","jetpack_seo_noindex":false,"footnotes":""},"class_list":["post-1800","page","type-page","status-publish","has-post-thumbnail","hentry"],"jetpack_sharing_enabled":true,"_links":{"self":[{"href":"https:\/\/endf.ca\/en\/wp-json\/wp\/v2\/pages\/1800","targetHints":{"allow":["GET"]}}],"collection":[{"href":"https:\/\/endf.ca\/en\/wp-json\/wp\/v2\/pages"}],"about":[{"href":"https:\/\/endf.ca\/en\/wp-json\/wp\/v2\/types\/page"}],"author":[{"embeddable":true,"href":"https:\/\/endf.ca\/en\/wp-json\/wp\/v2\/users\/1"}],"replies":[{"embeddable":true,"href":"https:\/\/endf.ca\/en\/wp-json\/wp\/v2\/comments?post=1800"}],"version-history":[{"count":4,"href":"https:\/\/endf.ca\/en\/wp-json\/wp\/v2\/pages\/1800\/revisions"}],"predecessor-version":[{"id":2266,"href":"https:\/\/endf.ca\/en\/wp-json\/wp\/v2\/pages\/1800\/revisions\/2266"}],"wp:featuredmedia":[{"embeddable":true,"href":"https:\/\/endf.ca\/en\/wp-json\/wp\/v2\/media\/923"}],"wp:attachment":[{"href":"https:\/\/endf.ca\/en\/wp-json\/wp\/v2\/media?parent=1800"}],"curies":[{"name":"wp","href":"https:\/\/api.w.org\/{rel}","templated":true}]}}