{"id":2259,"date":"2026-04-15T14:00:18","date_gmt":"2026-04-15T14:00:18","guid":{"rendered":"https:\/\/endf.ca\/?page_id=2259"},"modified":"2026-04-15T14:05:49","modified_gmt":"2026-04-15T14:05:49","slug":"declaration-daccessibilite","status":"publish","type":"page","link":"https:\/\/endf.ca\/en\/declaration-daccessibilite\/","title":{"rendered":"Accessibility Statement"},"content":{"rendered":"<p><strong><em>Last Updated: April 15, 2026<\/em><\/strong><\/p>\n\n\n\n<p>\u00c9cole Nationale de Fran\u00e7ais (ENDF) is committed to providing an inclusive digital environment. We believe that education and information should be accessible to everyone, regardless of their physical or technological abilities.<\/p>\n\n\n\n<h4 class=\"wp-block-heading\"><strong>1. Our Commitment<\/strong><\/h4>\n\n\n\n<p>We strive to make our website (<a target=\"_blank\" rel=\"noreferrer noopener\" href=\"https:\/\/endf.ca\/en\/\">https:\/\/endf.ca\/<\/a>) as accessible as possible to a wide audience and are continuously working to improve the user experience for everyone.<\/p>\n\n\n\n<h4 class=\"wp-block-heading\"><strong>2. Known Limitations and Continuous Improvement<\/strong><\/h4>\n\n\n\n<p>Accessibility is an ongoing process. We are aware that some parts of our site may not yet be fully optimized for all assistive technologies. We regularly evaluate our site to identify and address accessibility barriers as it continues to develop.<\/p>\n\n\n\n<h4 class=\"wp-block-heading\"><strong>3. Feedback and Assistance<\/strong><\/h4>\n\n\n\n<p>Your experience matters to us. If you encounter any barriers to accessing information or a service on our site, we encourage you to let us know. We will endeavor to provide you with the content in an alternative format tailored to your needs as quickly as possible.<\/p>\n\n\n\n<p><strong>Please contact our administration department:<\/strong><\/p>\n\n\n\n<ul class=\"wp-block-list\">\n<li><strong>Email:<\/strong> contact@endf.ca<\/li>\n\n\n\n<li><strong>Phone:<\/strong> +1 (438) 238 4660<\/li>\n\n\n\n<li><strong>Address:<\/strong> 1626 Boul. Saint-Laurent Bureau 100, Montr\u00e9al, QC H2X 3V7<\/li>\n<\/ul>\n\n\n\n<p>We aim to respond to accessibility inquiries within 3 to 5 business days.<\/p>\n\n\n\n<p><\/p>\n\n\n\n<p><\/p>\n\n\n\n<p><\/p>","protected":false},"excerpt":{"rendered":"<p>Derni\u00e8re mise \u00e0 jour : 15 avril 2026 L&rsquo;\u00c9cole Nationale de Fran\u00e7ais (ENDF) s&rsquo;engage \u00e0 offrir un environnement num\u00e9rique inclusif. Nous croyons que l&rsquo;\u00e9ducation et l&rsquo;information doivent \u00eatre accessibles \u00e0 tous, quelles que soient les capacit\u00e9s physiques ou technologiques de chacun. 1. Notre engagement Nous nous effor\u00e7ons de rendre notre site web (https:\/\/endf.ca\/) le plus [&hellip;]<\/p>","protected":false},"author":2,"featured_media":0,"parent":0,"menu_order":0,"comment_status":"closed","ping_status":"closed","template":"","meta":{"content-type":"","advanced_seo_description":"","jetpack_seo_html_title":"","jetpack_seo_noindex":false,"footnotes":""},"class_list":["post-2259","page","type-page","status-publish","hentry"],"jetpack_sharing_enabled":true,"_links":{"self":[{"href":"https:\/\/endf.ca\/en\/wp-json\/wp\/v2\/pages\/2259","targetHints":{"allow":["GET"]}}],"collection":[{"href":"https:\/\/endf.ca\/en\/wp-json\/wp\/v2\/pages"}],"about":[{"href":"https:\/\/endf.ca\/en\/wp-json\/wp\/v2\/types\/page"}],"author":[{"embeddable":true,"href":"https:\/\/endf.ca\/en\/wp-json\/wp\/v2\/users\/2"}],"replies":[{"embeddable":true,"href":"https:\/\/endf.ca\/en\/wp-json\/wp\/v2\/comments?post=2259"}],"version-history":[{"count":1,"href":"https:\/\/endf.ca\/en\/wp-json\/wp\/v2\/pages\/2259\/revisions"}],"predecessor-version":[{"id":2260,"href":"https:\/\/endf.ca\/en\/wp-json\/wp\/v2\/pages\/2259\/revisions\/2260"}],"wp:attachment":[{"href":"https:\/\/endf.ca\/en\/wp-json\/wp\/v2\/media?parent=2259"}],"curies":[{"name":"wp","href":"https:\/\/api.w.org\/{rel}","templated":true}]}}