{"id":308,"date":"2025-11-21T22:43:41","date_gmt":"2025-11-21T22:43:41","guid":{"rendered":"https:\/\/endf.ca\/?page_id=308"},"modified":"2025-12-06T23:07:42","modified_gmt":"2025-12-06T23:07:42","slug":"noticias-culturales","status":"publish","type":"page","link":"https:\/\/endf.ca\/en\/noticias-culturales\/","title":{"rendered":"Vida franc\u00f3fona"},"content":{"rendered":"<main class=\"wp-block-group alignfull has-global-padding is-layout-constrained wp-block-group-is-layout-constrained\">\n<div class=\"wp-block-cover alignfull\" style=\"min-height:430px;aspect-ratio:unset;\"><img data-recalc-dims=\"1\" height=\"1024\" width=\"1024\" decoding=\"async\" class=\"wp-block-cover__image-background wp-image-276 size-large\" alt=\"\" src=\"https:\/\/i0.wp.com\/endf.ca\/wp-content\/themes\/enf\/assets\/images\/1766a29f43b7463767a6df690a846dc5d568f684-1024x538.jpg?fit=1024%2C1024&#038;ssl=1\" data-object-fit=\"cover\"\/><span aria-hidden=\"true\" class=\"wp-block-cover__background has-enf-deep-forest-background-color has-background-dim\"><\/span><div class=\"wp-block-cover__inner-container is-layout-flow wp-block-cover-is-layout-flow\">\n<figure class=\"wp-block-image aligncenter size-full\"><img data-recalc-dims=\"1\" decoding=\"async\" src=\"https:\/\/i0.wp.com\/endf.ca\/wp-content\/themes\/enf\/assets\/images\/image-2.png?ssl=1\" alt=\"\" class=\"wp-image-186\"\/><\/figure>\n<\/div><\/div>\n\n\n\n\n\n<div class=\"wp-block-group alignfull has-global-padding is-layout-constrained wp-block-group-is-layout-constrained\" style=\"padding-top:var(--wp--preset--spacing--80);padding-bottom:var(--wp--preset--spacing--80)\">\n<h2 class=\"wp-block-heading has-text-align-center has-serif-font-family has-xx-large-font-size\"><strong><em>Francophone Life<\/em><\/strong><\/h2>\n\n\n\n<div style=\"height:1rem\" aria-hidden=\"true\" class=\"wp-block-spacer\"><\/div>\n\n\n\n<div class=\"wp-block-query alignfull is-layout-flow wp-block-query-is-layout-flow\">\n\n\n<div class=\"wp-block-group is-layout-flow wp-block-group-is-layout-flow\" style=\"margin-top:0;margin-bottom:0;padding-top:var(--wp--preset--spacing--50);padding-right:var(--wp--preset--spacing--80);padding-bottom:var(--wp--preset--spacing--50);padding-left:var(--wp--preset--spacing--80)\"><ul class=\"columns-4 alignfull wp-block-post-template is-layout-grid wp-container-core-post-template-is-layout-1dccc6d9 wp-block-post-template-is-layout-grid\"><li class=\"wp-block-post post-966 post type-post status-publish format-standard has-post-thumbnail hentry\">\n\n<div class=\"wp-block-group has-white-background-color has-background has-global-padding is-layout-constrained wp-block-group-is-layout-constrained\" style=\"min-height:100%\"><figure style=\"aspect-ratio:16\/9; padding-bottom:var(--wp--preset--spacing--20);margin-bottom:0;\" class=\"wp-block-post-featured-image\"><a href=\"https:\/\/endf.ca\/en\/recursos-gratuitos-y-oficiales-para-aprender-y-mejorar-tu-frances-en-quebec\/\" target=\"_self\"  ><img data-recalc-dims=\"1\" loading=\"lazy\" decoding=\"async\" width=\"800\" height=\"560\" src=\"https:\/\/i0.wp.com\/endf.ca\/wp-content\/uploads\/2025\/11\/image-4.jpeg?resize=800%2C560&#038;ssl=1\" class=\"attachment-post-thumbnail size-post-thumbnail wp-post-image\" alt=\"Ressources gratuites et officielles pour apprendre et am\u00e9liorer votre fran\u00e7ais au Qu\u00e9bec\" style=\"width:100%;height:100%;object-fit:cover;\" srcset=\"https:\/\/i0.wp.com\/endf.ca\/wp-content\/uploads\/2025\/11\/image-4.jpeg?w=800&amp;ssl=1 800w, https:\/\/i0.wp.com\/endf.ca\/wp-content\/uploads\/2025\/11\/image-4.jpeg?resize=300%2C210&amp;ssl=1 300w, https:\/\/i0.wp.com\/endf.ca\/wp-content\/uploads\/2025\/11\/image-4.jpeg?resize=768%2C538&amp;ssl=1 768w, https:\/\/i0.wp.com\/endf.ca\/wp-content\/uploads\/2025\/11\/image-4.jpeg?resize=18%2C12&amp;ssl=1 18w, https:\/\/i0.wp.com\/endf.ca\/wp-content\/uploads\/2025\/11\/image-4.jpeg?resize=600%2C420&amp;ssl=1 600w\" sizes=\"auto, (max-width: 800px) 100vw, 800px\" data-attachment-id=\"967\" data-permalink=\"https:\/\/endf.ca\/en\/recursos-gratuitos-y-oficiales-para-aprender-y-mejorar-tu-frances-en-quebec\/image-34\/\" data-orig-file=\"https:\/\/i0.wp.com\/endf.ca\/wp-content\/uploads\/2025\/11\/image-4.jpeg?fit=800%2C560&amp;ssl=1\" data-orig-size=\"800,560\" data-comments-opened=\"1\" data-image-meta=\"{&quot;aperture&quot;:&quot;0&quot;,&quot;credit&quot;:&quot;&quot;,&quot;camera&quot;:&quot;&quot;,&quot;caption&quot;:&quot;&quot;,&quot;created_timestamp&quot;:&quot;0&quot;,&quot;copyright&quot;:&quot;&quot;,&quot;focal_length&quot;:&quot;0&quot;,&quot;iso&quot;:&quot;0&quot;,&quot;shutter_speed&quot;:&quot;0&quot;,&quot;title&quot;:&quot;&quot;,&quot;orientation&quot;:&quot;0&quot;}\" data-image-title=\"image\" data-image-description=\"\" data-image-caption=\"\" data-large-file=\"https:\/\/i0.wp.com\/endf.ca\/wp-content\/uploads\/2025\/11\/image-4.jpeg?fit=800%2C560&amp;ssl=1\" \/><\/a><\/figure>\n\n\n<div class=\"wp-block-group is-vertical is-content-justification-stretch is-nowrap is-layout-flex wp-container-core-group-is-layout-0c325cc4 wp-block-group-is-layout-flex\" style=\"min-height:100%;margin-top:var(--wp--preset--spacing--20);padding-right:var(--wp--preset--spacing--50);padding-left:var(--wp--preset--spacing--50)\"><h2 style=\"font-style:normal;font-weight:600;\" class=\"wp-block-post-title has-large-font-size wp-container-content-32e3a40d\"><a href=\"https:\/\/endf.ca\/en\/recursos-gratuitos-y-oficiales-para-aprender-y-mejorar-tu-frances-en-quebec\/\" target=\"_self\" >Free and official resources to learn and improve your French in Quebec<\/a><\/h2>\n\n<div class=\"wp-block-post-excerpt has-text-color has-contrast-2-color has-small-font-size wp-container-content-32e3a40d\"><p class=\"wp-block-post-excerpt__excerpt\">Expressions, vocabulary and tools that bring you closer to Quebec culture<\/p><p class=\"wp-block-post-excerpt__more-text\"><a class=\"wp-block-post-excerpt__more-link\" href=\"https:\/\/endf.ca\/en\/recursos-gratuitos-y-oficiales-para-aprender-y-mejorar-tu-frances-en-quebec\/\"><strong>Read more<\/strong><\/a><\/p><\/div>\n\n\n<div style=\"height:0px\" aria-hidden=\"true\" class=\"wp-block-spacer wp-container-content-32e3a40d\"><\/div>\n<\/div>\n<\/div>\n\n<\/li><li class=\"wp-block-post post-970 post type-post status-publish format-standard has-post-thumbnail hentry\">\n\n<div class=\"wp-block-group has-white-background-color has-background has-global-padding is-layout-constrained wp-block-group-is-layout-constrained\" style=\"min-height:100%\"><figure style=\"aspect-ratio:16\/9; padding-bottom:var(--wp--preset--spacing--20);margin-bottom:0;\" class=\"wp-block-post-featured-image\"><a href=\"https:\/\/endf.ca\/en\/vivir-en-montreal-y-en-quebec-guia-practica-y-oficial-para-nuevos-inmigrantes-y-residents\/\" target=\"_self\"  ><img data-recalc-dims=\"1\" loading=\"lazy\" decoding=\"async\" width=\"1200\" height=\"628\" src=\"https:\/\/i0.wp.com\/endf.ca\/wp-content\/uploads\/2025\/11\/image-6.jpeg?resize=1200%2C628&#038;ssl=1\" class=\"attachment-post-thumbnail size-post-thumbnail wp-post-image\" alt=\"Vivre \u00e0 Montr\u00e9al et au Qu\u00e9bec : guide pratique et officiel pour les nouveaux immigrants et r\u00e9sidents.\" style=\"width:100%;height:100%;object-fit:cover;\" srcset=\"https:\/\/i0.wp.com\/endf.ca\/wp-content\/uploads\/2025\/11\/image-6.jpeg?w=1200&amp;ssl=1 1200w, https:\/\/i0.wp.com\/endf.ca\/wp-content\/uploads\/2025\/11\/image-6.jpeg?resize=300%2C157&amp;ssl=1 300w, https:\/\/i0.wp.com\/endf.ca\/wp-content\/uploads\/2025\/11\/image-6.jpeg?resize=1024%2C536&amp;ssl=1 1024w, https:\/\/i0.wp.com\/endf.ca\/wp-content\/uploads\/2025\/11\/image-6.jpeg?resize=768%2C402&amp;ssl=1 768w, https:\/\/i0.wp.com\/endf.ca\/wp-content\/uploads\/2025\/11\/image-6.jpeg?resize=18%2C9&amp;ssl=1 18w, https:\/\/i0.wp.com\/endf.ca\/wp-content\/uploads\/2025\/11\/image-6.jpeg?resize=600%2C314&amp;ssl=1 600w\" sizes=\"auto, (max-width: 1000px) 100vw, 1000px\" data-attachment-id=\"971\" data-permalink=\"https:\/\/endf.ca\/en\/vivir-en-montreal-y-en-quebec-guia-practica-y-oficial-para-nuevos-inmigrantes-y-residents\/image-36\/\" data-orig-file=\"https:\/\/i0.wp.com\/endf.ca\/wp-content\/uploads\/2025\/11\/image-6.jpeg?fit=1200%2C628&amp;ssl=1\" data-orig-size=\"1200,628\" data-comments-opened=\"1\" data-image-meta=\"{&quot;aperture&quot;:&quot;0&quot;,&quot;credit&quot;:&quot;&quot;,&quot;camera&quot;:&quot;&quot;,&quot;caption&quot;:&quot;&quot;,&quot;created_timestamp&quot;:&quot;0&quot;,&quot;copyright&quot;:&quot;&quot;,&quot;focal_length&quot;:&quot;0&quot;,&quot;iso&quot;:&quot;0&quot;,&quot;shutter_speed&quot;:&quot;0&quot;,&quot;title&quot;:&quot;&quot;,&quot;orientation&quot;:&quot;0&quot;}\" data-image-title=\"image\" data-image-description=\"\" data-image-caption=\"\" data-large-file=\"https:\/\/i0.wp.com\/endf.ca\/wp-content\/uploads\/2025\/11\/image-6.jpeg?fit=1024%2C536&amp;ssl=1\" \/><\/a><\/figure>\n\n\n<div class=\"wp-block-group is-vertical is-content-justification-stretch is-nowrap is-layout-flex wp-container-core-group-is-layout-0c325cc4 wp-block-group-is-layout-flex\" style=\"min-height:100%;margin-top:var(--wp--preset--spacing--20);padding-right:var(--wp--preset--spacing--50);padding-left:var(--wp--preset--spacing--50)\"><h2 style=\"font-style:normal;font-weight:600;\" class=\"wp-block-post-title has-large-font-size wp-container-content-32e3a40d\"><a href=\"https:\/\/endf.ca\/en\/vivir-en-montreal-y-en-quebec-guia-practica-y-oficial-para-nuevos-inmigrantes-y-residents\/\" target=\"_self\" >Living in Montreal and Quebec: a practical and official guide for new immigrants and residents.<\/a><\/h2>\n\n<div class=\"wp-block-post-excerpt has-text-color has-contrast-2-color has-small-font-size wp-container-content-32e3a40d\"><p class=\"wp-block-post-excerpt__excerpt\">Costs, services and essential steps to get started<\/p><p class=\"wp-block-post-excerpt__more-text\"><a class=\"wp-block-post-excerpt__more-link\" href=\"https:\/\/endf.ca\/en\/vivir-en-montreal-y-en-quebec-guia-practica-y-oficial-para-nuevos-inmigrantes-y-residents\/\"><strong>Read more<\/strong><\/a><\/p><\/div>\n\n\n<div style=\"height:0px\" aria-hidden=\"true\" class=\"wp-block-spacer wp-container-content-32e3a40d\"><\/div>\n<\/div>\n<\/div>\n\n<\/li><li class=\"wp-block-post post-975 post type-post status-publish format-standard has-post-thumbnail hentry\">\n\n<div class=\"wp-block-group has-white-background-color has-background has-global-padding is-layout-constrained wp-block-group-is-layout-constrained\" style=\"min-height:100%\"><figure style=\"aspect-ratio:16\/9; padding-bottom:var(--wp--preset--spacing--20);margin-bottom:0;\" class=\"wp-block-post-featured-image\"><a href=\"https:\/\/endf.ca\/en\/la-gastronomia-quebecoise-los-sabores-que-me-hicieron-amar-montreal-y-todo-quebec\/\" target=\"_self\"  ><img data-recalc-dims=\"1\" loading=\"lazy\" decoding=\"async\" width=\"1027\" height=\"588\" src=\"https:\/\/i0.wp.com\/endf.ca\/wp-content\/uploads\/2025\/11\/image-28.png?resize=1027%2C588&#038;ssl=1\" class=\"attachment-post-thumbnail size-post-thumbnail wp-post-image\" alt=\"La gastronomie qu\u00e9b\u00e9coise : les saveurs qui m&rsquo;ont fait aimer Montr\u00e9al et tout le Qu\u00e9bec\" style=\"width:100%;height:100%;object-fit:cover;\" srcset=\"https:\/\/i0.wp.com\/endf.ca\/wp-content\/uploads\/2025\/11\/image-28.png?w=1027&amp;ssl=1 1027w, https:\/\/i0.wp.com\/endf.ca\/wp-content\/uploads\/2025\/11\/image-28.png?resize=300%2C172&amp;ssl=1 300w, https:\/\/i0.wp.com\/endf.ca\/wp-content\/uploads\/2025\/11\/image-28.png?resize=1024%2C586&amp;ssl=1 1024w, https:\/\/i0.wp.com\/endf.ca\/wp-content\/uploads\/2025\/11\/image-28.png?resize=768%2C440&amp;ssl=1 768w, https:\/\/i0.wp.com\/endf.ca\/wp-content\/uploads\/2025\/11\/image-28.png?resize=18%2C10&amp;ssl=1 18w, https:\/\/i0.wp.com\/endf.ca\/wp-content\/uploads\/2025\/11\/image-28.png?resize=600%2C344&amp;ssl=1 600w\" sizes=\"auto, (max-width: 1000px) 100vw, 1000px\" data-attachment-id=\"976\" data-permalink=\"https:\/\/endf.ca\/en\/la-gastronomia-quebecoise-los-sabores-que-me-hicieron-amar-montreal-y-todo-quebec\/image-39\/\" data-orig-file=\"https:\/\/i0.wp.com\/endf.ca\/wp-content\/uploads\/2025\/11\/image-28.png?fit=1027%2C588&amp;ssl=1\" data-orig-size=\"1027,588\" data-comments-opened=\"1\" data-image-meta=\"{&quot;aperture&quot;:&quot;0&quot;,&quot;credit&quot;:&quot;&quot;,&quot;camera&quot;:&quot;&quot;,&quot;caption&quot;:&quot;&quot;,&quot;created_timestamp&quot;:&quot;0&quot;,&quot;copyright&quot;:&quot;&quot;,&quot;focal_length&quot;:&quot;0&quot;,&quot;iso&quot;:&quot;0&quot;,&quot;shutter_speed&quot;:&quot;0&quot;,&quot;title&quot;:&quot;&quot;,&quot;orientation&quot;:&quot;0&quot;}\" data-image-title=\"image\" data-image-description=\"\" data-image-caption=\"\" data-large-file=\"https:\/\/i0.wp.com\/endf.ca\/wp-content\/uploads\/2025\/11\/image-28.png?fit=1024%2C586&amp;ssl=1\" \/><\/a><\/figure>\n\n\n<div class=\"wp-block-group is-vertical is-content-justification-stretch is-nowrap is-layout-flex wp-container-core-group-is-layout-0c325cc4 wp-block-group-is-layout-flex\" style=\"min-height:100%;margin-top:var(--wp--preset--spacing--20);padding-right:var(--wp--preset--spacing--50);padding-left:var(--wp--preset--spacing--50)\"><h2 style=\"font-style:normal;font-weight:600;\" class=\"wp-block-post-title has-large-font-size wp-container-content-32e3a40d\"><a href=\"https:\/\/endf.ca\/en\/la-gastronomia-quebecoise-los-sabores-que-me-hicieron-amar-montreal-y-todo-quebec\/\" target=\"_self\" >Quebec cuisine: the flavors that made me fall in love with Montreal and all of Quebec<\/a><\/h2>\n\n<div class=\"wp-block-post-excerpt has-text-color has-contrast-2-color has-small-font-size wp-container-content-32e3a40d\"><p class=\"wp-block-post-excerpt__excerpt\">Between a bonjour and a miam, I understood that French is learned with the soul... and with the appetite.<\/p><p class=\"wp-block-post-excerpt__more-text\"><a class=\"wp-block-post-excerpt__more-link\" href=\"https:\/\/endf.ca\/en\/la-gastronomia-quebecoise-los-sabores-que-me-hicieron-amar-montreal-y-todo-quebec\/\"><strong>Read more<\/strong><\/a><\/p><\/div>\n\n\n<div style=\"height:0px\" aria-hidden=\"true\" class=\"wp-block-spacer wp-container-content-32e3a40d\"><\/div>\n<\/div>\n<\/div>\n\n<\/li><li class=\"wp-block-post post-935 post type-post status-publish format-standard has-post-thumbnail hentry\">\n\n<div class=\"wp-block-group has-white-background-color has-background has-global-padding is-layout-constrained wp-block-group-is-layout-constrained\" style=\"min-height:100%\"><figure style=\"aspect-ratio:16\/9; padding-bottom:var(--wp--preset--spacing--20);margin-bottom:0;\" class=\"wp-block-post-featured-image\"><a href=\"https:\/\/endf.ca\/en\/lugares-que-me-hicieron-enamorarme-de-quebec\/\" target=\"_self\"  ><img data-recalc-dims=\"1\" loading=\"lazy\" decoding=\"async\" width=\"1280\" height=\"853\" src=\"https:\/\/i0.wp.com\/endf.ca\/wp-content\/uploads\/2025\/11\/image.jpeg?resize=1280%2C853&#038;ssl=1\" class=\"attachment-post-thumbnail size-post-thumbnail wp-post-image\" alt=\"Les lieux qui m\u2019ont fait aimer le Qu\u00e9bec\" style=\"width:100%;height:100%;object-fit:cover;\" srcset=\"https:\/\/i0.wp.com\/endf.ca\/wp-content\/uploads\/2025\/11\/image.jpeg?w=1280&amp;ssl=1 1280w, https:\/\/i0.wp.com\/endf.ca\/wp-content\/uploads\/2025\/11\/image.jpeg?resize=300%2C200&amp;ssl=1 300w, https:\/\/i0.wp.com\/endf.ca\/wp-content\/uploads\/2025\/11\/image.jpeg?resize=1024%2C682&amp;ssl=1 1024w, https:\/\/i0.wp.com\/endf.ca\/wp-content\/uploads\/2025\/11\/image.jpeg?resize=768%2C512&amp;ssl=1 768w, https:\/\/i0.wp.com\/endf.ca\/wp-content\/uploads\/2025\/11\/image.jpeg?resize=18%2C12&amp;ssl=1 18w, https:\/\/i0.wp.com\/endf.ca\/wp-content\/uploads\/2025\/11\/image.jpeg?resize=600%2C400&amp;ssl=1 600w\" sizes=\"auto, (max-width: 1000px) 100vw, 1000px\" data-attachment-id=\"936\" data-permalink=\"https:\/\/endf.ca\/en\/lugares-que-me-hicieron-enamorarme-de-quebec\/image-29\/\" data-orig-file=\"https:\/\/i0.wp.com\/endf.ca\/wp-content\/uploads\/2025\/11\/image.jpeg?fit=1280%2C853&amp;ssl=1\" data-orig-size=\"1280,853\" data-comments-opened=\"1\" data-image-meta=\"{&quot;aperture&quot;:&quot;0&quot;,&quot;credit&quot;:&quot;&quot;,&quot;camera&quot;:&quot;&quot;,&quot;caption&quot;:&quot;&quot;,&quot;created_timestamp&quot;:&quot;0&quot;,&quot;copyright&quot;:&quot;&quot;,&quot;focal_length&quot;:&quot;0&quot;,&quot;iso&quot;:&quot;0&quot;,&quot;shutter_speed&quot;:&quot;0&quot;,&quot;title&quot;:&quot;&quot;,&quot;orientation&quot;:&quot;0&quot;}\" data-image-title=\"image\" data-image-description=\"\" data-image-caption=\"\" data-large-file=\"https:\/\/i0.wp.com\/endf.ca\/wp-content\/uploads\/2025\/11\/image.jpeg?fit=1024%2C682&amp;ssl=1\" \/><\/a><\/figure>\n\n\n<div class=\"wp-block-group is-vertical is-content-justification-stretch is-nowrap is-layout-flex wp-container-core-group-is-layout-0c325cc4 wp-block-group-is-layout-flex\" style=\"min-height:100%;margin-top:var(--wp--preset--spacing--20);padding-right:var(--wp--preset--spacing--50);padding-left:var(--wp--preset--spacing--50)\"><h2 style=\"font-style:normal;font-weight:600;\" class=\"wp-block-post-title has-large-font-size wp-container-content-32e3a40d\"><a href=\"https:\/\/endf.ca\/en\/lugares-que-me-hicieron-enamorarme-de-quebec\/\" target=\"_self\" >Places that made me fall in love with Quebec<\/a><\/h2>\n\n<div class=\"wp-block-post-excerpt has-text-color has-contrast-2-color has-small-font-size wp-container-content-32e3a40d\"><p class=\"wp-block-post-excerpt__excerpt\">From Gasp\u00e9sie to Saint-Laurent: the journey that transformed my life as an immigrant<\/p><p class=\"wp-block-post-excerpt__more-text\"><a class=\"wp-block-post-excerpt__more-link\" href=\"https:\/\/endf.ca\/en\/lugares-que-me-hicieron-enamorarme-de-quebec\/\"><strong>Read more<\/strong><\/a><\/p><\/div>\n\n\n<div style=\"height:0px\" aria-hidden=\"true\" class=\"wp-block-spacer wp-container-content-32e3a40d\"><\/div>\n<\/div>\n<\/div>\n\n<\/li><\/ul>\n\n\n<div style=\"margin-top:0;margin-bottom:0;height:var(--wp--preset--spacing--40)\" aria-hidden=\"true\" class=\"wp-block-spacer\"><\/div>\n\n\n<\/div>\n<\/div>\n<\/div>\n\n\n\n<div class=\"wp-block-cover alignfull is-light\" style=\"border-radius:0px;padding-top:var(--wp--preset--spacing--80);padding-right:var(--wp--preset--spacing--50);padding-bottom:var(--wp--preset--spacing--80);padding-left:var(--wp--preset--spacing--50);min-height:420px;aspect-ratio:unset;\"><img data-recalc-dims=\"1\" decoding=\"async\" class=\"wp-block-cover__image-background wp-image-1136 size-full\" alt=\"\" src=\"https:\/\/i0.wp.com\/endf.ca\/wp-content\/themes\/enf\/assets\/images\/enf-banner-aqua-1.png?ssl=1\" style=\"object-position:36% 47%\" data-object-fit=\"cover\" data-object-position=\"36% 47%\"\/><span aria-hidden=\"true\" class=\"wp-block-cover__background has-background-dim-0 has-background-dim\" style=\"background-color:#c5e9d4\"><\/span><div class=\"wp-block-cover__inner-container has-global-padding is-layout-constrained wp-container-core-cover-is-layout-8953c37e wp-block-cover-is-layout-constrained\">\n<div class=\"wp-block-group alignwide has-global-padding is-content-justification-left is-layout-constrained wp-container-core-group-is-layout-5c786a90 wp-block-group-is-layout-constrained\" style=\"margin-top:var(--wp--preset--spacing--80);margin-bottom:var(--wp--preset--spacing--80)\">\n<div class=\"wp-block-group has-global-padding is-layout-constrained wp-container-core-group-is-layout-19e250f3 wp-block-group-is-layout-constrained\">\n<p class=\"has-text-align-left has-enf-blue-color has-text-color has-link-color wp-elements-9d63b0120f67bc987bd889adfe8b9a60\" style=\"font-size:clamp(1.301rem, 1.301rem + ((1vw - 0.2rem) * 1.332), 2.1rem);line-height:1\"><em>French<\/em><\/p>\n\n\n\n<div style=\"height:20px\" aria-hidden=\"true\" class=\"wp-block-spacer\"><\/div>\n\n\n\n<p class=\"has-text-align-left has-enf-blue-color has-text-color has-serif-font-family\" style=\"font-size:clamp(1.146rem, 1.146rem + ((1vw - 0.2rem) * 1.09), 1.8rem);line-height:1\"><em><em>is the beginning of a new story.<\/em><\/em><\/p>\n<\/div>\n\n\n\n<div class=\"wp-block-buttons is-content-justification-left is-nowrap is-layout-flex wp-container-core-buttons-is-layout-4afcac09 wp-block-buttons-is-layout-flex\" style=\"margin-top:30px\">\n<div class=\"wp-block-button\"><a class=\"wp-block-button__link has-white-color has-enf-blue-background-color has-text-color has-background has-medium-font-size has-custom-font-size wp-element-button\" href=\"\/en\/programas\/\" style=\"border-radius:5px;font-style:normal;font-weight:700\">View our programs<\/a><\/div>\n<\/div>\n<\/div>\n<\/div><\/div>\n<\/main>","protected":false},"excerpt":{"rendered":"<p>Francophone Life<\/p>","protected":false},"author":2,"featured_media":0,"parent":0,"menu_order":0,"comment_status":"closed","ping_status":"closed","template":"page-no-title","meta":{"content-type":"","advanced_seo_description":"","jetpack_seo_html_title":"","jetpack_seo_noindex":false,"footnotes":""},"class_list":["post-308","page","type-page","status-publish","hentry"],"jetpack_sharing_enabled":true,"_links":{"self":[{"href":"https:\/\/endf.ca\/en\/wp-json\/wp\/v2\/pages\/308","targetHints":{"allow":["GET"]}}],"collection":[{"href":"https:\/\/endf.ca\/en\/wp-json\/wp\/v2\/pages"}],"about":[{"href":"https:\/\/endf.ca\/en\/wp-json\/wp\/v2\/types\/page"}],"author":[{"embeddable":true,"href":"https:\/\/endf.ca\/en\/wp-json\/wp\/v2\/users\/2"}],"replies":[{"embeddable":true,"href":"https:\/\/endf.ca\/en\/wp-json\/wp\/v2\/comments?post=308"}],"version-history":[{"count":28,"href":"https:\/\/endf.ca\/en\/wp-json\/wp\/v2\/pages\/308\/revisions"}],"predecessor-version":[{"id":1680,"href":"https:\/\/endf.ca\/en\/wp-json\/wp\/v2\/pages\/308\/revisions\/1680"}],"wp:attachment":[{"href":"https:\/\/endf.ca\/en\/wp-json\/wp\/v2\/media?parent=308"}],"curies":[{"name":"wp","href":"https:\/\/api.w.org\/{rel}","templated":true}]}}