{"id":322,"date":"2025-11-09T23:52:06","date_gmt":"2025-11-09T23:52:06","guid":{"rendered":"https:\/\/endf.ca\/?page_id=322"},"modified":"2025-12-01T21:07:56","modified_gmt":"2025-12-01T21:07:56","slug":"test-de-nivel","status":"publish","type":"page","link":"https:\/\/endf.ca\/en\/programas\/test-de-nivel\/","title":{"rendered":"Test de Nivel"},"content":{"rendered":"<div class=\"wp-block-cover alignfull\" style=\"min-height:430px;aspect-ratio:unset;\"><img data-recalc-dims=\"1\" height=\"1024\" width=\"1024\" decoding=\"async\" class=\"wp-block-cover__image-background size-large\" alt=\"\" src=\"https:\/\/i0.wp.com\/endf.ca\/wp-content\/themes\/enf\/assets\/images\/fa51a9ce35278a94f624173efa4a43d56885f905-1024x664.jpg?fit=1024%2C1024&#038;ssl=1\" style=\"object-position:50% 25%\" data-object-fit=\"cover\" data-object-position=\"50% 25%\"\/><span aria-hidden=\"true\" class=\"wp-block-cover__background has-enf-deep-forest-background-color has-background-dim\"><\/span><div class=\"wp-block-cover__inner-container is-layout-flow wp-block-cover-is-layout-flow\">\n<figure class=\"wp-block-image aligncenter size-full\"><img data-recalc-dims=\"1\" decoding=\"async\" src=\"https:\/\/i0.wp.com\/endf.ca\/wp-content\/themes\/enf\/assets\/images\/image-2.png?ssl=1\" alt=\"\"\/><\/figure>\n<\/div><\/div>\n\n\n\n<div class=\"wp-block-group alignfull is-layout-flow wp-block-group-is-layout-flow\">\n<div class=\"wp-block-group has-global-padding is-layout-constrained wp-block-group-is-layout-constrained\" style=\"padding-top:var(--wp--preset--spacing--80);padding-bottom:var(--wp--preset--spacing--80)\">\n<div class=\"wp-block-group alignfull has-global-padding is-layout-constrained wp-block-group-is-layout-constrained\">\n<h2 class=\"wp-block-heading alignwide has-text-align-center has-serif-font-family has-xx-large-font-size\"><em><strong>Level Test: Your Starting Point<\/strong><\/em><\/h2>\n\n\n\n<div style=\"height:1rem\" aria-hidden=\"true\" class=\"wp-block-spacer\"><\/div>\n<\/div>\n\n\n\n<div class=\"wp-block-group alignwide is-layout-grid wp-container-core-group-is-layout-a20aced6 wp-block-group-is-layout-grid\">\n<div class=\"wp-block-cover alignfull is-light\"><img data-recalc-dims=\"1\" height=\"1024\" width=\"1024\" decoding=\"async\" class=\"wp-block-cover__image-background size-large\" alt=\"\" src=\"https:\/\/i0.wp.com\/endf.ca\/wp-content\/themes\/enf\/assets\/images\/eaf61eba096cce937a061204378ebc34e41892ee-1024x683.jpg?fit=1024%2C1024&#038;ssl=1\" data-object-fit=\"cover\"\/><span aria-hidden=\"true\" class=\"wp-block-cover__background has-enf-turquoise-background-color has-background-dim-30 has-background-dim\"><\/span><div class=\"wp-block-cover__inner-container has-global-padding is-layout-constrained wp-block-cover-is-layout-constrained\">\n<div class=\"wp-block-group has-global-padding is-layout-constrained wp-container-core-group-is-layout-19e250f3 wp-block-group-is-layout-constrained\">\n<figure class=\"wp-block-image aligncenter size-full is-resized\"><img data-recalc-dims=\"1\" decoding=\"async\" src=\"https:\/\/i0.wp.com\/endf.ca\/wp-content\/themes\/enf\/assets\/images\/image.png?ssl=1\" alt=\"\" style=\"aspect-ratio:1.2765257443658498;object-fit:cover;width:150px\"\/><\/figure>\n\n\n\n<p class=\"has-text-align-center has-white-color has-text-color has-link-color has-medium-font-size wp-elements-3f6567b36ada81e8a6b97d2a8f53627f\" style=\"line-height:1\">\u00c9COLE NATIONALE<\/p>\n\n\n\n<p class=\"has-text-align-center has-white-color has-text-color has-link-color has-medium-font-size wp-elements-5120f433b29343c9859a31284f647364\" style=\"line-height:1\">DE FRAN\u00c7AIS<\/p>\n<\/div>\n<\/div><\/div>\n\n\n\n<div class=\"wp-block-group has-global-padding is-layout-constrained wp-block-group-is-layout-constrained\">\n<h3 class=\"wp-block-heading has-medium-font-size\"><strong>Accurate Assessment<\/strong><\/h3>\n\n\n\n<p>Our level test evaluates your current French skills using the NCLC criteria through a combined oral and written assessment of approximately 30 minutes. \n This evaluation helps determine the most suitable level and sub-level to begin your training.<\/p>\n\n\n\n<ul class=\"wp-block-list\">\n<li>Oral comprehension through audio exercises<\/li>\n\n\n\n<li>Progressive written evaluation<\/li>\n\n\n\n<li>Conversation with our head teacher<\/li>\n\n\n\n<li>Recommandations personnalis\u00e9es<\/li>\n<\/ul>\n\n\n\n<div class=\"wp-block-group alignfull is-content-justification-center is-nowrap is-layout-flex wp-container-core-group-is-layout-23441af8 wp-block-group-is-layout-flex\">\n<figure class=\"wp-block-image size-full\"><img data-recalc-dims=\"1\" decoding=\"async\" src=\"https:\/\/i0.wp.com\/endf.ca\/wp-content\/themes\/enf\/assets\/images\/Group-1.png?ssl=1\" alt=\"\"\/><\/figure>\n\n\n<p class=\"product woocommerce add_to_cart_inline\" style=\"border:4px solid #ccc; padding: 12px;\"><span class=\"woocommerce-Price-amount amount\"><bdi><span class=\"woocommerce-Price-currencySymbol\">&#36;<\/span>20.00<\/bdi><\/span><a href=\"\/en\/wp-json\/wp\/v2\/pages\/322?add-to-cart=614\" aria-describedby=\"woocommerce_loop_add_to_cart_link_describedby_614\" data-quantity=\"1\" class=\"button wp-element-button product_type_simple add_to_cart_button ajax_add_to_cart\" data-product_id=\"614\" data-product_sku=\"\" aria-label=\"Register: \u201cTEST DE NIVEAU\u201d\" rel=\"nofollow\" data-success_message=\"\u201cTEST DE NIVEAU\u201d has been added to your cart\" data-product_price=\"20\" data-product_name=\"TEST DE NIVEAU\" data-google_product_id=\"\" data-no-translation=\"\" data-trp-gettext=\"\" data-no-translation-aria-label=\"\" data-no-translation-data-success_message=\"\">Register<\/a>\t<span id=\"woocommerce_loop_add_to_cart_link_describedby_614\" class=\"screen-reader-text\">\n\t\t\t<\/span>\n<\/p>\n<\/div>\n<\/div>\n<\/div>\n<\/div>\n\n\n\n<div class=\"wp-block-group alignfull enf-infolettre-section has-enf-green-light-background-color has-background has-global-padding is-layout-constrained wp-block-group-is-layout-constrained\" style=\"padding-top:var(--wp--preset--spacing--80);padding-bottom:var(--wp--preset--spacing--80)\">\n<div class=\"wp-block-columns alignwide is-layout-flex wp-container-core-columns-is-layout-28f84493 wp-block-columns-is-layout-flex\">\n<div class=\"wp-block-column is-vertically-aligned-center is-layout-flow wp-block-column-is-layout-flow\">\n<div class=\"wp-block-group is-vertical is-content-justification-stretch is-layout-flex wp-container-core-group-is-layout-01897ef8 wp-block-group-is-layout-flex\" style=\"padding-top:0;padding-bottom:0\">\n<h2 class=\"wp-block-heading has-enf-blue-color has-text-color has-serif-font-family has-xx-large-font-size\"><em>Subscribe to our<\/em><\/h2>\n\n\n\n<h2 class=\"wp-block-heading\" style=\"font-size:clamp(2.2rem, 2.2rem + ((1vw - 0.2rem) * 3), 4rem);\">Newsletter<\/h2>\n<\/div>\n<\/div>\n\n\n\n<div class=\"wp-block-column is-layout-flow wp-block-column-is-layout-flow\">\n<div class=\"wp-block-group has-global-padding is-layout-constrained wp-block-group-is-layout-constrained\">\n<p class=\"has-large-font-size\"><strong>It\u2019s not just a infolettre.<br>It\u2019s an experience.<\/strong><\/p>\n\n\n\n<p class=\"has-enf-blue-color has-text-color has-small-font-size\" style=\"line-height:1.6\">Receive purpose-built resources: guides that help you move forward and practical tools that make life in Qu\u00e9bec easier.&nbsp;<\/p>\n\n\n\n<p class=\"has-enf-blue-color has-text-color has-small-font-size\" style=\"line-height:1.6\">Everything is designed to help French become your strength.&nbsp;<\/p>\n\n\n<div class=\"wp-block-enf-dialog\" data-wp-interactive=\"enf\/dialog\" data-wp-context=\"{&quot;id&quot;:&quot;0b7468ad-674a-413b-bf1a-0aea2498cf30&quot;}\" data-wp-key=\"0b7468ad-674a-413b-bf1a-0aea2498cf30\">\n<button class=\"wp-block-enf-dialog-trigger wp-block-enf-dialog-trigger\" id=\"dialog-trigger-1\" aria-haspopup=\"dialog\" aria-controls=\"0b7468ad-674a-413b-bf1a-0aea2498cf30\" data-wp-bind--aria-expanded=\"state.isOpen\" data-wp-interactive=\"enf\/dialog\" data-wp-on--click=\"actions.onClickOpen\" type=\"button\">\n\n<div class=\"wp-block-buttons is-layout-flex wp-block-buttons-is-layout-flex\">\n<div class=\"wp-block-button\"><a class=\"wp-block-button__link has-enf-blue-color has-enf-turquoise-background-color has-text-color has-background has-link-color has-small-font-size has-custom-font-size wp-element-button\">Subscribe \u2192<\/a><\/div>\n<\/div>\n\n<\/button>\n\n<dialog style=\"--wp--style--dialog-animation-duration: 500ms;\" class=\"is-size-medium is-animation-fade wp-block-enf-dialog-element has-background has-enf-green-light-background-color is-layout-flow wp-block-enf-dialog-element-is-layout-flow\" id=\"0b7468ad-674a-413b-bf1a-0aea2498cf30\" role=\"dialog\" aria-modal=\"true\" aria-labelledby=\"dialog-heading-2\" data-wp-interactive=\"enf\/dialog\" data-wp-init=\"callbacks.onInit\" data-wp-class--is-closing=\"state.isClosing\" data-wp-on--click=\"callbacks.onBackdropClick\" data-wp-on-document--keydown=\"callbacks.onESCKey\" data-wp-watch--on-dialog-open=\"callbacks.onOpen\" data-wp-watch--on-dialog-close=\"callbacks.onClose\"><button class=\"wp-block-enf-dialog-element__close-button\" data-wp-on--click=\"actions.onClickClose\" type=\"button\" aria-label=\"Close dialog\"><svg aria-hidden=\"true\" viewbox=\"0 0 24 24\" width=\"20\" height=\"20\" focusable=\"false\"><path fill=\"currentColor\" d=\"M12 1.5a10.5 10.5 0 1 1 0 21 10.5 10.5 0 0 1 0-21zm0 1.5a9 9 0 1 0 0 18 9 9 0 0 0 0-18zm3.53 4.97.97.97L13.47 12l3.03 3.06-.97.97L12.5 12.97 9.47 16l-.97-.97L11.53 12 8.5 8.97l.97-.97 3.03 3.03 3.03-3.06z\"\/><\/svg><\/button><div class=\"wp-block-enf-dialog-element__inner\"><h2 id=\"dialog-heading-2\" class=\"screen-reader-text\">\/h<\/h2>\n\n<div class=\"wp-block-group has-global-padding is-layout-constrained wp-block-group-is-layout-constrained\">\n\n\n\n\n<iframe loading=\"lazy\" width=\"600\" height=\"800\" src=\"https:\/\/154918a4.sibforms.com\/serve\/MUIFAGTsT6VESE9PafDsnQ3e-w-lIrK4tiEVTjguBYAcZR5xKvpEKJYJJP3Sv0wR7leVQIcx-IQqna55C9qMYpLEWfOvY3ogtHtSeVfFs5jkOy_-7IpsTbrteSXJ6zjExFvAjTanvt_5WsuXjm1wlLn13MxcDwUXbc1dEdDaGtZUVHMyjlQkS0JF4a4f6Doqy5KaVoK-J0JxrhU_Wg==\" frameborder=\"0\" scrolling=\"auto\" allowfullscreen style=\"display: block;margin:  auto;width: 100%;max-width: 100%;\"><\/iframe>\n<\/div>\n\n<\/div><\/dialog>\n<\/div><\/div>\n<\/div>\n<\/div>\n<\/div>\n<\/div>","protected":false},"excerpt":{"rendered":"<p>Test de niveau : ton point de d\u00e9part \u00c9valuation pr\u00e9cise Notre test de niveau \u00e9value tes comp\u00e9tences actuelles en fran\u00e7ais selon les crit\u00e8res NCLC par le biais d&rsquo;une \u00e9valuation orale et \u00e9crite d&rsquo;environ 30 minutes. Cette \u00e9valuation permet de d\u00e9terminer le niveau et le sous-niveau les plus appropri\u00e9s pour commencer ta formation. Abonnez-vous \u00e0 notre [&hellip;]<\/p>","protected":false},"author":2,"featured_media":0,"parent":323,"menu_order":0,"comment_status":"closed","ping_status":"closed","template":"page-no-title","meta":{"content-type":"","advanced_seo_description":"","jetpack_seo_html_title":"","jetpack_seo_noindex":false,"footnotes":""},"class_list":["post-322","page","type-page","status-publish","hentry"],"jetpack_sharing_enabled":true,"_links":{"self":[{"href":"https:\/\/endf.ca\/en\/wp-json\/wp\/v2\/pages\/322","targetHints":{"allow":["GET"]}}],"collection":[{"href":"https:\/\/endf.ca\/en\/wp-json\/wp\/v2\/pages"}],"about":[{"href":"https:\/\/endf.ca\/en\/wp-json\/wp\/v2\/types\/page"}],"author":[{"embeddable":true,"href":"https:\/\/endf.ca\/en\/wp-json\/wp\/v2\/users\/2"}],"replies":[{"embeddable":true,"href":"https:\/\/endf.ca\/en\/wp-json\/wp\/v2\/comments?post=322"}],"version-history":[{"count":17,"href":"https:\/\/endf.ca\/en\/wp-json\/wp\/v2\/pages\/322\/revisions"}],"predecessor-version":[{"id":1546,"href":"https:\/\/endf.ca\/en\/wp-json\/wp\/v2\/pages\/322\/revisions\/1546"}],"up":[{"embeddable":true,"href":"https:\/\/endf.ca\/en\/wp-json\/wp\/v2\/pages\/323"}],"wp:attachment":[{"href":"https:\/\/endf.ca\/en\/wp-json\/wp\/v2\/media?parent=322"}],"curies":[{"name":"wp","href":"https:\/\/api.w.org\/{rel}","templated":true}]}}