{"id":324,"date":"2025-11-10T23:48:32","date_gmt":"2025-11-10T23:48:32","guid":{"rendered":"https:\/\/endf.ca\/?page_id=324"},"modified":"2026-04-14T12:38:06","modified_gmt":"2026-04-14T12:38:06","slug":"calendrier","status":"publish","type":"page","link":"https:\/\/endf.ca\/en\/calendrier\/","title":{"rendered":"Calendario"},"content":{"rendered":"<div class=\"wp-block-cover alignfull\" style=\"min-height:430px;aspect-ratio:unset;\"><img data-recalc-dims=\"1\" loading=\"lazy\" decoding=\"async\" width=\"1024\" height=\"683\" data-attachment-id=\"1696\" data-permalink=\"https:\/\/endf.ca\/en\/calendrier\/2025-009-september-24_session-marialis_r6-287-copy\/\" data-orig-file=\"https:\/\/i0.wp.com\/endf.ca\/wp-content\/uploads\/2025\/12\/2025-009-September-24_SESSION-Marialis_R6-287-copy-scaled.jpg?fit=2560%2C1707&amp;ssl=1\" data-orig-size=\"2560,1707\" data-comments-opened=\"1\" data-image-meta=\"{&quot;aperture&quot;:&quot;2.8&quot;,&quot;credit&quot;:&quot;LUIS MANRIQUE&quot;,&quot;camera&quot;:&quot;Canon EOS R6m2&quot;,&quot;caption&quot;:&quot;&quot;,&quot;created_timestamp&quot;:&quot;1758743005&quot;,&quot;copyright&quot;:&quot;Luis Manrique Photography COPYRIGHT [www.luismanrique.ca]&quot;,&quot;focal_length&quot;:&quot;70&quot;,&quot;iso&quot;:&quot;400&quot;,&quot;shutter_speed&quot;:&quot;0.0015625&quot;,&quot;title&quot;:&quot;&quot;,&quot;orientation&quot;:&quot;1&quot;}\" data-image-title=\"2025 009 September 24_SESSION Marialis_R6 (287) copy\" data-image-description=\"\" data-image-caption=\"\" data-large-file=\"https:\/\/i0.wp.com\/endf.ca\/wp-content\/uploads\/2025\/12\/2025-009-September-24_SESSION-Marialis_R6-287-copy-scaled.jpg?fit=1024%2C683&amp;ssl=1\" class=\"wp-block-cover__image-background wp-image-1696 size-large\" alt=\"\" src=\"https:\/\/i0.wp.com\/endf.ca\/wp-content\/uploads\/2025\/12\/2025-009-September-24_SESSION-Marialis_R6-287-copy.jpg?resize=1024%2C683&#038;ssl=1\" data-object-fit=\"cover\" srcset=\"https:\/\/i0.wp.com\/endf.ca\/wp-content\/uploads\/2025\/12\/2025-009-September-24_SESSION-Marialis_R6-287-copy-scaled.jpg?resize=1024%2C683&amp;ssl=1 1024w, https:\/\/i0.wp.com\/endf.ca\/wp-content\/uploads\/2025\/12\/2025-009-September-24_SESSION-Marialis_R6-287-copy-scaled.jpg?resize=300%2C200&amp;ssl=1 300w, https:\/\/i0.wp.com\/endf.ca\/wp-content\/uploads\/2025\/12\/2025-009-September-24_SESSION-Marialis_R6-287-copy-scaled.jpg?resize=768%2C512&amp;ssl=1 768w, https:\/\/i0.wp.com\/endf.ca\/wp-content\/uploads\/2025\/12\/2025-009-September-24_SESSION-Marialis_R6-287-copy-scaled.jpg?resize=1536%2C1024&amp;ssl=1 1536w, https:\/\/i0.wp.com\/endf.ca\/wp-content\/uploads\/2025\/12\/2025-009-September-24_SESSION-Marialis_R6-287-copy-scaled.jpg?resize=2048%2C1365&amp;ssl=1 2048w, https:\/\/i0.wp.com\/endf.ca\/wp-content\/uploads\/2025\/12\/2025-009-September-24_SESSION-Marialis_R6-287-copy-scaled.jpg?resize=18%2C12&amp;ssl=1 18w, https:\/\/i0.wp.com\/endf.ca\/wp-content\/uploads\/2025\/12\/2025-009-September-24_SESSION-Marialis_R6-287-copy-scaled.jpg?resize=600%2C400&amp;ssl=1 600w\" sizes=\"auto, (max-width: 1000px) 100vw, 1000px\" \/><span aria-hidden=\"true\" class=\"wp-block-cover__background has-enf-deep-forest-background-color has-background-dim\"><\/span><div class=\"wp-block-cover__inner-container is-layout-flow wp-block-cover-is-layout-flow\">\n<figure class=\"wp-block-image aligncenter size-full\"><img data-recalc-dims=\"1\" decoding=\"async\" src=\"https:\/\/i0.wp.com\/endf.ca\/wp-content\/themes\/enf\/assets\/images\/image-2.png?ssl=1\" alt=\"\"\/><\/figure>\n<\/div><\/div>\n\n\n\n\n\n\n\n<div class=\"wp-block-group alignwide has-global-padding is-layout-constrained wp-block-group-is-layout-constrained\" style=\"margin-top:var(--wp--preset--spacing--80);margin-bottom:var(--wp--preset--spacing--80)\">\n<div class=\"wp-block-group alignwide is-layout-flow wp-block-group-is-layout-flow\">\n<h2 class=\"wp-block-heading has-text-align-center has-serif-font-family has-xx-large-font-size\"><strong><em>Group Courses Calendar<\/em><\/strong><\/h2>\n\n\n\n<p class=\"has-text-align-center has-small-font-size\">Your learning journey deserves clarity and structure.<br>In this calendar, you\u2019ll find the start dates, duration, and class days for each cycle, along with holidays and other relevant activities.<\/p>\n\n\n\n<p class=\"has-text-align-center has-small-font-size\">Please note that our private courses, exam preparation programs, and level tests follow separate schedules. To check availability for these options, contact us at contact@endf.ca or send us a message through the contact form in the \u201cContact Us\u201d section.<\/p>\n<\/div>\n\n\n\n<div class=\"wp-block-group has-global-padding is-layout-constrained wp-container-core-group-is-layout-878dc3d3 wp-block-group-is-layout-constrained\">\n<div class=\"wp-block-jetpack-slideshow aligncenter\" data-effect=\"slide\" style=\"--aspect-ratio:calc(689 \/ 832)\"><div class=\"wp-block-jetpack-slideshow_container swiper\"><ul class=\"wp-block-jetpack-slideshow_swiper-wrapper swiper-wrapper\"><li class=\"wp-block-jetpack-slideshow_slide swiper-slide\"><figure><img data-recalc-dims=\"1\" loading=\"lazy\" decoding=\"async\" width=\"689\" height=\"832\" alt=\"\" class=\"wp-block-jetpack-slideshow_image wp-image-1470\" data-id=\"1470\" data-aspect-ratio=\"689 \/ 832\" src=\"https:\/\/i0.wp.com\/endf.ca\/wp-content\/uploads\/2025\/11\/Group-534_en.png?resize=689%2C832&#038;ssl=1\" srcset=\"https:\/\/i0.wp.com\/endf.ca\/wp-content\/uploads\/2025\/11\/Group-534_en.png?w=689&amp;ssl=1 689w, https:\/\/i0.wp.com\/endf.ca\/wp-content\/uploads\/2025\/11\/Group-534_en.png?resize=248%2C300&amp;ssl=1 248w, https:\/\/i0.wp.com\/endf.ca\/wp-content\/uploads\/2025\/11\/Group-534_en.png?resize=10%2C12&amp;ssl=1 10w, https:\/\/i0.wp.com\/endf.ca\/wp-content\/uploads\/2025\/11\/Group-534_en.png?resize=600%2C725&amp;ssl=1 600w\" sizes=\"(max-width: 689px) 100vw, 689px\" \/><\/figure><\/li><li class=\"wp-block-jetpack-slideshow_slide swiper-slide\"><figure><img data-recalc-dims=\"1\" loading=\"lazy\" decoding=\"async\" width=\"689\" height=\"768\" alt=\"\" class=\"wp-block-jetpack-slideshow_image wp-image-1471\" data-id=\"1471\" data-aspect-ratio=\"689 \/ 768\" src=\"https:\/\/i0.wp.com\/endf.ca\/wp-content\/uploads\/2025\/11\/Group-535_en.png?resize=689%2C768&#038;ssl=1\" srcset=\"https:\/\/i0.wp.com\/endf.ca\/wp-content\/uploads\/2025\/11\/Group-535_en.png?w=689&amp;ssl=1 689w, https:\/\/i0.wp.com\/endf.ca\/wp-content\/uploads\/2025\/11\/Group-535_en.png?resize=269%2C300&amp;ssl=1 269w, https:\/\/i0.wp.com\/endf.ca\/wp-content\/uploads\/2025\/11\/Group-535_en.png?resize=11%2C12&amp;ssl=1 11w, https:\/\/i0.wp.com\/endf.ca\/wp-content\/uploads\/2025\/11\/Group-535_en.png?resize=600%2C669&amp;ssl=1 600w\" sizes=\"(max-width: 689px) 100vw, 689px\" \/><\/figure><\/li><li class=\"wp-block-jetpack-slideshow_slide swiper-slide\"><figure><img data-recalc-dims=\"1\" loading=\"lazy\" decoding=\"async\" width=\"689\" height=\"765\" alt=\"\" class=\"wp-block-jetpack-slideshow_image wp-image-1472\" data-id=\"1472\" data-aspect-ratio=\"689 \/ 765\" src=\"https:\/\/i0.wp.com\/endf.ca\/wp-content\/uploads\/2025\/11\/Group-536_en.png?resize=689%2C765&#038;ssl=1\" srcset=\"https:\/\/i0.wp.com\/endf.ca\/wp-content\/uploads\/2025\/11\/Group-536_en.png?w=689&amp;ssl=1 689w, https:\/\/i0.wp.com\/endf.ca\/wp-content\/uploads\/2025\/11\/Group-536_en.png?resize=270%2C300&amp;ssl=1 270w, https:\/\/i0.wp.com\/endf.ca\/wp-content\/uploads\/2025\/11\/Group-536_en.png?resize=11%2C12&amp;ssl=1 11w, https:\/\/i0.wp.com\/endf.ca\/wp-content\/uploads\/2025\/11\/Group-536_en.png?resize=600%2C666&amp;ssl=1 600w\" sizes=\"(max-width: 689px) 100vw, 689px\" \/><\/figure><\/li><li class=\"wp-block-jetpack-slideshow_slide swiper-slide\"><figure><img data-recalc-dims=\"1\" loading=\"lazy\" decoding=\"async\" width=\"689\" height=\"837\" alt=\"\" class=\"wp-block-jetpack-slideshow_image wp-image-1461\" data-id=\"1461\" data-aspect-ratio=\"689 \/ 837\" src=\"https:\/\/i0.wp.com\/endf.ca\/wp-content\/uploads\/2025\/11\/Group-525_en.png?resize=689%2C837&#038;ssl=1\" srcset=\"https:\/\/i0.wp.com\/endf.ca\/wp-content\/uploads\/2025\/11\/Group-525_en.png?w=689&amp;ssl=1 689w, https:\/\/i0.wp.com\/endf.ca\/wp-content\/uploads\/2025\/11\/Group-525_en.png?resize=247%2C300&amp;ssl=1 247w, https:\/\/i0.wp.com\/endf.ca\/wp-content\/uploads\/2025\/11\/Group-525_en.png?resize=10%2C12&amp;ssl=1 10w, https:\/\/i0.wp.com\/endf.ca\/wp-content\/uploads\/2025\/11\/Group-525_en.png?resize=600%2C729&amp;ssl=1 600w\" sizes=\"(max-width: 689px) 100vw, 689px\" \/><\/figure><\/li><li class=\"wp-block-jetpack-slideshow_slide swiper-slide\"><figure><img data-recalc-dims=\"1\" loading=\"lazy\" decoding=\"async\" width=\"694\" height=\"885\" alt=\"\" class=\"wp-block-jetpack-slideshow_image wp-image-1462\" data-id=\"1462\" data-aspect-ratio=\"694 \/ 885\" src=\"https:\/\/i0.wp.com\/endf.ca\/wp-content\/uploads\/2025\/11\/Group-526_en.png?resize=694%2C885&#038;ssl=1\" srcset=\"https:\/\/i0.wp.com\/endf.ca\/wp-content\/uploads\/2025\/11\/Group-526_en.png?w=694&amp;ssl=1 694w, https:\/\/i0.wp.com\/endf.ca\/wp-content\/uploads\/2025\/11\/Group-526_en.png?resize=235%2C300&amp;ssl=1 235w, https:\/\/i0.wp.com\/endf.ca\/wp-content\/uploads\/2025\/11\/Group-526_en.png?resize=9%2C12&amp;ssl=1 9w, https:\/\/i0.wp.com\/endf.ca\/wp-content\/uploads\/2025\/11\/Group-526_en.png?resize=600%2C765&amp;ssl=1 600w\" sizes=\"(max-width: 694px) 100vw, 694px\" \/><\/figure><\/li><li class=\"wp-block-jetpack-slideshow_slide swiper-slide\"><figure><img data-recalc-dims=\"1\" loading=\"lazy\" decoding=\"async\" width=\"689\" height=\"882\" alt=\"\" class=\"wp-block-jetpack-slideshow_image wp-image-1463\" data-id=\"1463\" data-aspect-ratio=\"689 \/ 882\" src=\"https:\/\/i0.wp.com\/endf.ca\/wp-content\/uploads\/2025\/11\/Group-527_en.png?resize=689%2C882&#038;ssl=1\" srcset=\"https:\/\/i0.wp.com\/endf.ca\/wp-content\/uploads\/2025\/11\/Group-527_en.png?w=689&amp;ssl=1 689w, https:\/\/i0.wp.com\/endf.ca\/wp-content\/uploads\/2025\/11\/Group-527_en.png?resize=234%2C300&amp;ssl=1 234w, https:\/\/i0.wp.com\/endf.ca\/wp-content\/uploads\/2025\/11\/Group-527_en.png?resize=9%2C12&amp;ssl=1 9w, https:\/\/i0.wp.com\/endf.ca\/wp-content\/uploads\/2025\/11\/Group-527_en.png?resize=600%2C768&amp;ssl=1 600w\" sizes=\"(max-width: 689px) 100vw, 689px\" \/><\/figure><\/li><li class=\"wp-block-jetpack-slideshow_slide swiper-slide\"><figure><img data-recalc-dims=\"1\" loading=\"lazy\" decoding=\"async\" width=\"689\" height=\"885\" alt=\"\" class=\"wp-block-jetpack-slideshow_image wp-image-1464\" data-id=\"1464\" data-aspect-ratio=\"689 \/ 885\" src=\"https:\/\/i0.wp.com\/endf.ca\/wp-content\/uploads\/2025\/11\/Group-528_en.png?resize=689%2C885&#038;ssl=1\" srcset=\"https:\/\/i0.wp.com\/endf.ca\/wp-content\/uploads\/2025\/11\/Group-528_en.png?w=689&amp;ssl=1 689w, https:\/\/i0.wp.com\/endf.ca\/wp-content\/uploads\/2025\/11\/Group-528_en.png?resize=234%2C300&amp;ssl=1 234w, https:\/\/i0.wp.com\/endf.ca\/wp-content\/uploads\/2025\/11\/Group-528_en.png?resize=9%2C12&amp;ssl=1 9w, https:\/\/i0.wp.com\/endf.ca\/wp-content\/uploads\/2025\/11\/Group-528_en.png?resize=600%2C771&amp;ssl=1 600w\" sizes=\"(max-width: 689px) 100vw, 689px\" \/><\/figure><\/li><li class=\"wp-block-jetpack-slideshow_slide swiper-slide\"><figure><img data-recalc-dims=\"1\" loading=\"lazy\" decoding=\"async\" width=\"694\" height=\"817\" alt=\"\" class=\"wp-block-jetpack-slideshow_image wp-image-1465\" data-id=\"1465\" data-aspect-ratio=\"694 \/ 817\" src=\"https:\/\/i0.wp.com\/endf.ca\/wp-content\/uploads\/2025\/11\/Group-529_en.png?resize=694%2C817&#038;ssl=1\" srcset=\"https:\/\/i0.wp.com\/endf.ca\/wp-content\/uploads\/2025\/11\/Group-529_en.png?w=694&amp;ssl=1 694w, https:\/\/i0.wp.com\/endf.ca\/wp-content\/uploads\/2025\/11\/Group-529_en.png?resize=255%2C300&amp;ssl=1 255w, https:\/\/i0.wp.com\/endf.ca\/wp-content\/uploads\/2025\/11\/Group-529_en.png?resize=10%2C12&amp;ssl=1 10w, https:\/\/i0.wp.com\/endf.ca\/wp-content\/uploads\/2025\/11\/Group-529_en.png?resize=600%2C706&amp;ssl=1 600w\" sizes=\"(max-width: 694px) 100vw, 694px\" \/><\/figure><\/li><li class=\"wp-block-jetpack-slideshow_slide swiper-slide\"><figure><img data-recalc-dims=\"1\" loading=\"lazy\" decoding=\"async\" width=\"742\" height=\"882\" alt=\"\" class=\"wp-block-jetpack-slideshow_image wp-image-1466\" data-id=\"1466\" data-aspect-ratio=\"742 \/ 882\" src=\"https:\/\/i0.wp.com\/endf.ca\/wp-content\/uploads\/2025\/11\/Group-530_en.png?resize=742%2C882&#038;ssl=1\" srcset=\"https:\/\/i0.wp.com\/endf.ca\/wp-content\/uploads\/2025\/11\/Group-530_en.png?w=742&amp;ssl=1 742w, https:\/\/i0.wp.com\/endf.ca\/wp-content\/uploads\/2025\/11\/Group-530_en.png?resize=252%2C300&amp;ssl=1 252w, https:\/\/i0.wp.com\/endf.ca\/wp-content\/uploads\/2025\/11\/Group-530_en.png?resize=10%2C12&amp;ssl=1 10w, https:\/\/i0.wp.com\/endf.ca\/wp-content\/uploads\/2025\/11\/Group-530_en.png?resize=600%2C713&amp;ssl=1 600w\" sizes=\"(max-width: 742px) 100vw, 742px\" \/><\/figure><\/li><li class=\"wp-block-jetpack-slideshow_slide swiper-slide\"><figure><img data-recalc-dims=\"1\" loading=\"lazy\" decoding=\"async\" width=\"690\" height=\"846\" alt=\"\" class=\"wp-block-jetpack-slideshow_image wp-image-1467\" data-id=\"1467\" data-aspect-ratio=\"690 \/ 846\" src=\"https:\/\/i0.wp.com\/endf.ca\/wp-content\/uploads\/2025\/11\/Group-531_en.png?resize=690%2C846&#038;ssl=1\" srcset=\"https:\/\/i0.wp.com\/endf.ca\/wp-content\/uploads\/2025\/11\/Group-531_en.png?w=690&amp;ssl=1 690w, https:\/\/i0.wp.com\/endf.ca\/wp-content\/uploads\/2025\/11\/Group-531_en.png?resize=245%2C300&amp;ssl=1 245w, https:\/\/i0.wp.com\/endf.ca\/wp-content\/uploads\/2025\/11\/Group-531_en.png?resize=10%2C12&amp;ssl=1 10w, https:\/\/i0.wp.com\/endf.ca\/wp-content\/uploads\/2025\/11\/Group-531_en.png?resize=600%2C736&amp;ssl=1 600w\" sizes=\"(max-width: 690px) 100vw, 690px\" \/><\/figure><\/li><li class=\"wp-block-jetpack-slideshow_slide swiper-slide\"><figure><img data-recalc-dims=\"1\" loading=\"lazy\" decoding=\"async\" width=\"738\" height=\"834\" alt=\"\" class=\"wp-block-jetpack-slideshow_image wp-image-1468\" data-id=\"1468\" data-aspect-ratio=\"738 \/ 834\" src=\"https:\/\/i0.wp.com\/endf.ca\/wp-content\/uploads\/2025\/11\/Group-532_en.png?resize=738%2C834&#038;ssl=1\" srcset=\"https:\/\/i0.wp.com\/endf.ca\/wp-content\/uploads\/2025\/11\/Group-532_en.png?w=738&amp;ssl=1 738w, https:\/\/i0.wp.com\/endf.ca\/wp-content\/uploads\/2025\/11\/Group-532_en.png?resize=265%2C300&amp;ssl=1 265w, https:\/\/i0.wp.com\/endf.ca\/wp-content\/uploads\/2025\/11\/Group-532_en.png?resize=11%2C12&amp;ssl=1 11w, https:\/\/i0.wp.com\/endf.ca\/wp-content\/uploads\/2025\/11\/Group-532_en.png?resize=600%2C678&amp;ssl=1 600w\" sizes=\"(max-width: 738px) 100vw, 738px\" \/><\/figure><\/li><li class=\"wp-block-jetpack-slideshow_slide swiper-slide\"><figure><img data-recalc-dims=\"1\" loading=\"lazy\" decoding=\"async\" width=\"731\" height=\"936\" alt=\"\" class=\"wp-block-jetpack-slideshow_image wp-image-1469\" data-id=\"1469\" data-aspect-ratio=\"731 \/ 936\" src=\"https:\/\/i0.wp.com\/endf.ca\/wp-content\/uploads\/2025\/11\/Group-533_en.png?resize=731%2C936&#038;ssl=1\" srcset=\"https:\/\/i0.wp.com\/endf.ca\/wp-content\/uploads\/2025\/11\/Group-533_en.png?w=731&amp;ssl=1 731w, https:\/\/i0.wp.com\/endf.ca\/wp-content\/uploads\/2025\/11\/Group-533_en.png?resize=234%2C300&amp;ssl=1 234w, https:\/\/i0.wp.com\/endf.ca\/wp-content\/uploads\/2025\/11\/Group-533_en.png?resize=9%2C12&amp;ssl=1 9w, https:\/\/i0.wp.com\/endf.ca\/wp-content\/uploads\/2025\/11\/Group-533_en.png?resize=600%2C768&amp;ssl=1 600w\" sizes=\"(max-width: 731px) 100vw, 731px\" \/><\/figure><\/li><\/ul><a class=\"wp-block-jetpack-slideshow_button-prev swiper-button-prev swiper-button-white\" role=\"button\"><\/a><a class=\"wp-block-jetpack-slideshow_button-next swiper-button-next swiper-button-white\" role=\"button\"><\/a><a aria-label=\"Pause Slideshow\" class=\"wp-block-jetpack-slideshow_button-pause\" role=\"button\"><\/a><div class=\"wp-block-jetpack-slideshow_pagination swiper-pagination swiper-pagination-white\"><\/div><\/div><\/div>\n<\/div>\n\n\n\n<div class=\"wp-block-buttons is-content-justification-center is-layout-flex wp-container-core-buttons-is-layout-a89b3969 wp-block-buttons-is-layout-flex\">\n<div class=\"wp-block-button\"><a class=\"wp-block-button__link wp-element-button\" href=\"https:\/\/endf.ca\/wp-content\/uploads\/2025\/11\/Calendario-Frances-scaled.png\" target=\"_blank\" rel=\"noreferrer noopener\">Download complete calendar&nbsp;<\/a><\/div>\n<\/div>\n<\/div>\n\n\n\n<div class=\"wp-block-group alignfull has-global-padding is-layout-constrained wp-container-core-group-is-layout-19e250f3 wp-block-group-is-layout-constrained\">\n\n\n\n\n<div class=\"wp-block-group alignfull has-enf-green-light-background-color has-background has-global-padding is-layout-constrained wp-block-group-is-layout-constrained\" style=\"padding-top:var(--wp--preset--spacing--80);padding-bottom:var(--wp--preset--spacing--80)\">\n<h2 class=\"wp-block-heading has-text-align-center has-serif-font-family has-xx-large-font-size\"><strong><em>Important dates and exams<\/em><\/strong><\/h2>\n\n\n\n<div style=\"height:1rem\" aria-hidden=\"true\" class=\"wp-block-spacer\"><\/div>\n\n\n\n<figure class=\"wp-block-image alignwide size-full\"><img data-recalc-dims=\"1\" loading=\"lazy\" decoding=\"async\" width=\"2560\" height=\"975\" data-attachment-id=\"1431\" data-permalink=\"https:\/\/endf.ca\/en\/group-509-2\/\" data-orig-file=\"https:\/\/i0.wp.com\/endf.ca\/wp-content\/uploads\/2025\/11\/Group-509-2-scaled.png?fit=2560%2C975&amp;ssl=1\" data-orig-size=\"2560,975\" data-comments-opened=\"1\" data-image-meta=\"{&quot;aperture&quot;:&quot;0&quot;,&quot;credit&quot;:&quot;&quot;,&quot;camera&quot;:&quot;&quot;,&quot;caption&quot;:&quot;&quot;,&quot;created_timestamp&quot;:&quot;0&quot;,&quot;copyright&quot;:&quot;&quot;,&quot;focal_length&quot;:&quot;0&quot;,&quot;iso&quot;:&quot;0&quot;,&quot;shutter_speed&quot;:&quot;0&quot;,&quot;title&quot;:&quot;&quot;,&quot;orientation&quot;:&quot;0&quot;}\" data-image-title=\"Group 509 (2)\" data-image-description=\"\" data-image-caption=\"\" data-large-file=\"https:\/\/i0.wp.com\/endf.ca\/wp-content\/uploads\/2025\/11\/Group-509-2-scaled.png?fit=1024%2C390&amp;ssl=1\" src=\"https:\/\/i0.wp.com\/endf.ca\/wp-content\/uploads\/2025\/11\/Group-509-2-scaled.png?resize=2560%2C975&#038;ssl=1\" alt=\"\" class=\"wp-image-1431\" srcset=\"https:\/\/i0.wp.com\/endf.ca\/wp-content\/uploads\/2025\/11\/Group-509-2-scaled.png?w=2560&amp;ssl=1 2560w, https:\/\/i0.wp.com\/endf.ca\/wp-content\/uploads\/2025\/11\/Group-509-2-scaled.png?resize=300%2C114&amp;ssl=1 300w, https:\/\/i0.wp.com\/endf.ca\/wp-content\/uploads\/2025\/11\/Group-509-2-scaled.png?resize=1024%2C390&amp;ssl=1 1024w, https:\/\/i0.wp.com\/endf.ca\/wp-content\/uploads\/2025\/11\/Group-509-2-scaled.png?resize=768%2C293&amp;ssl=1 768w, https:\/\/i0.wp.com\/endf.ca\/wp-content\/uploads\/2025\/11\/Group-509-2-scaled.png?resize=1536%2C585&amp;ssl=1 1536w, https:\/\/i0.wp.com\/endf.ca\/wp-content\/uploads\/2025\/11\/Group-509-2-scaled.png?resize=2048%2C780&amp;ssl=1 2048w, https:\/\/i0.wp.com\/endf.ca\/wp-content\/uploads\/2025\/11\/Group-509-2-scaled.png?resize=18%2C7&amp;ssl=1 18w, https:\/\/i0.wp.com\/endf.ca\/wp-content\/uploads\/2025\/11\/Group-509-2-scaled.png?resize=600%2C229&amp;ssl=1 600w\" sizes=\"auto, (max-width: 1000px) 100vw, 1000px\" \/><\/figure>\n<\/div>\n\n\n\n<div class=\"wp-block-cover alignfull is-light\" style=\"border-radius:0px;padding-top:var(--wp--preset--spacing--80);padding-right:var(--wp--preset--spacing--50);padding-bottom:var(--wp--preset--spacing--80);padding-left:var(--wp--preset--spacing--50);line-height:1.1;min-height:420px;aspect-ratio:unset;\"><img data-recalc-dims=\"1\" decoding=\"async\" class=\"wp-block-cover__image-background size-full\" alt=\"\" src=\"https:\/\/i0.wp.com\/endf.ca\/wp-content\/themes\/enf\/assets\/images\/baller-llave-aqua-scaled.png?ssl=1\" data-object-fit=\"cover\"\/><span aria-hidden=\"true\" class=\"wp-block-cover__background has-background-dim-0 has-background-dim\" style=\"background-color:#a0c2aa\"><\/span><div class=\"wp-block-cover__inner-container has-global-padding is-layout-constrained wp-container-core-cover-is-layout-8953c37e wp-block-cover-is-layout-constrained\">\n<div class=\"wp-block-group alignwide has-global-padding is-content-justification-left is-layout-constrained wp-container-core-group-is-layout-5c786a90 wp-block-group-is-layout-constrained\" style=\"margin-top:var(--wp--preset--spacing--80);margin-bottom:var(--wp--preset--spacing--80)\">\n<div class=\"wp-block-group has-global-padding is-layout-constrained wp-container-core-group-is-layout-19e250f3 wp-block-group-is-layout-constrained\">\n<p class=\"has-text-align-left has-white-color has-text-color has-link-color wp-elements-456c6c0eb0e38e860b27f747cedbe20b\" style=\"font-size:clamp(1.092rem, 1.092rem + ((1vw - 0.2rem) * 1.013), 1.7rem);line-height:1.3\">We know how hard it is to move forward when the words just aren\u2019t there.<\/p>\n\n\n\n<div style=\"height:20px\" aria-hidden=\"true\" class=\"wp-block-spacer\"><\/div>\n\n\n\n<p class=\"has-text-align-left has-white-color has-text-color has-serif-font-family\" style=\"font-size:clamp(1.146rem, 1.146rem + ((1vw - 0.2rem) * 1.09), 1.8rem);line-height:1.2\">That\u2019s why we\u2019ve created a clear, human, and effective path to help you find your voice in French.<\/p>\n<\/div>\n\n\n\n<div class=\"wp-block-buttons is-content-justification-left is-nowrap is-layout-flex wp-container-core-buttons-is-layout-4afcac09 wp-block-buttons-is-layout-flex\" style=\"margin-top:30px\">\n<div class=\"wp-block-button\"><a class=\"wp-block-button__link has-white-color has-enf-blue-background-color has-text-color has-background has-small-font-size has-custom-font-size wp-element-button\" href=\"https:\/\/endf.ca\/en\/programas\/\" style=\"border-radius:5px;font-style:normal;font-weight:700\">View our programms -&gt;<\/a><\/div>\n<\/div>\n<\/div>\n<\/div><\/div>\n<\/div>","protected":false},"excerpt":{"rendered":"<p>Calendario Cursos Grupales Tu proceso merece claridad y orden.&nbsp;En este calendario encontrar\u00e1s las fechas de inicio, duraci\u00f3n y d\u00edas de clase de cada ciclo, adem\u00e1s de feriados y actividades relevantes.&nbsp; *Recuerda que nuestros cursos privados, de preparaci\u00f3n y test de nivel tienen fechas distintas seg\u00fan sus respectivas agendas. Para conocer la disponibilidad de estos, cont\u00e1ctanos [&hellip;]<\/p>","protected":false},"author":2,"featured_media":0,"parent":0,"menu_order":0,"comment_status":"closed","ping_status":"closed","template":"page-no-title","meta":{"content-type":"","advanced_seo_description":"","jetpack_seo_html_title":"","jetpack_seo_noindex":false,"footnotes":""},"class_list":["post-324","page","type-page","status-publish","hentry"],"jetpack_sharing_enabled":true,"_links":{"self":[{"href":"https:\/\/endf.ca\/en\/wp-json\/wp\/v2\/pages\/324","targetHints":{"allow":["GET"]}}],"collection":[{"href":"https:\/\/endf.ca\/en\/wp-json\/wp\/v2\/pages"}],"about":[{"href":"https:\/\/endf.ca\/en\/wp-json\/wp\/v2\/types\/page"}],"author":[{"embeddable":true,"href":"https:\/\/endf.ca\/en\/wp-json\/wp\/v2\/users\/2"}],"replies":[{"embeddable":true,"href":"https:\/\/endf.ca\/en\/wp-json\/wp\/v2\/comments?post=324"}],"version-history":[{"count":29,"href":"https:\/\/endf.ca\/en\/wp-json\/wp\/v2\/pages\/324\/revisions"}],"predecessor-version":[{"id":1697,"href":"https:\/\/endf.ca\/en\/wp-json\/wp\/v2\/pages\/324\/revisions\/1697"}],"wp:attachment":[{"href":"https:\/\/endf.ca\/en\/wp-json\/wp\/v2\/media?parent=324"}],"curies":[{"name":"wp","href":"https:\/\/api.w.org\/{rel}","templated":true}]}}