{"id":15,"date":"2025-11-08T00:38:09","date_gmt":"2025-11-08T00:38:09","guid":{"rendered":"https:\/\/endf.ca\/cart\/"},"modified":"2026-03-26T17:16:22","modified_gmt":"2026-03-26T17:16:22","slug":"cart","status":"publish","type":"page","link":"https:\/\/endf.ca\/es\/cart\/","title":{"rendered":"Carrito"},"content":{"rendered":"<div class=\"wp-block-columns alignwide are-vertically-aligned-center has-background is-layout-flex wp-container-core-columns-is-layout-4a33225c wp-block-columns-is-layout-flex\" style=\"background-color:#254094;padding-top:30px;padding-right:30px;padding-bottom:30px;padding-left:30px\">\n<div class=\"wp-block-column is-vertically-aligned-center is-layout-flow wp-block-column-is-layout-flow\">\n<div class=\"wp-block-group has-global-padding is-content-justification-right is-layout-constrained wp-container-core-group-is-layout-8460d5e3 wp-block-group-is-layout-constrained\" style=\"padding-top:15px\">\n<p style=\"color:#ffffff\">\u26a0\ufe0f <strong>Atenci\u00f3n \u2013 Nuevos estudiantes:<\/strong> Si es la primera vez que estudias en ENDF, debes a\u00f1adir el <strong>Cuota de inscripci\u00f3n ($40)<\/strong> A\u00f1adir a tu carrito. <em>Su inscripci\u00f3n no quedar\u00e1 completada hasta que se realice este pago.<\/em><\/p>\n\n\n\n<div class=\"wp-block-buttons is-content-justification-center is-layout-flex wp-container-core-buttons-is-layout-a89b3969 wp-block-buttons-is-layout-flex\">\n<div class=\"wp-block-button\"><a class=\"wp-block-button__link wp-element-button\" href=\"\/es\/?add-to-cart=1736\">A\u00f1adir la cuota de inscripci\u00f3n (40 d\u00f3lares)<\/a><\/div>\n<\/div>\n\n\n\n<div class=\"wp-block-buttons is-layout-flex wp-block-buttons-is-layout-flex\"><\/div>\n<\/div>\n<\/div>\n\n\n\n<div class=\"wp-block-column is-vertically-aligned-center is-layout-flow wp-block-column-is-layout-flow\">\n<figure class=\"wp-block-image aligncenter size-full is-resized has-custom-border\"><img data-recalc-dims=\"1\" loading=\"lazy\" decoding=\"async\" width=\"1279\" height=\"854\" data-attachment-id=\"1706\" data-permalink=\"https:\/\/endf.ca\/es\/programas\/pexels-marta-klement-636760-1438081\/\" data-orig-file=\"https:\/\/i0.wp.com\/endf.ca\/wp-content\/uploads\/2025\/12\/pexels-marta-klement-636760-1438081.jpg?fit=1279%2C854&amp;ssl=1\" data-orig-size=\"1279,854\" data-comments-opened=\"1\" data-image-meta=\"{&quot;aperture&quot;:&quot;0&quot;,&quot;credit&quot;:&quot;&quot;,&quot;camera&quot;:&quot;&quot;,&quot;caption&quot;:&quot;&quot;,&quot;created_timestamp&quot;:&quot;0&quot;,&quot;copyright&quot;:&quot;&quot;,&quot;focal_length&quot;:&quot;0&quot;,&quot;iso&quot;:&quot;0&quot;,&quot;shutter_speed&quot;:&quot;0&quot;,&quot;title&quot;:&quot;&quot;,&quot;orientation&quot;:&quot;0&quot;}\" data-image-title=\"pexels-marta-klement-636760-1438081\" data-image-description=\"\" data-image-caption=\"\" data-large-file=\"https:\/\/i0.wp.com\/endf.ca\/wp-content\/uploads\/2025\/12\/pexels-marta-klement-636760-1438081.jpg?fit=1024%2C684&amp;ssl=1\" src=\"https:\/\/i0.wp.com\/endf.ca\/wp-content\/uploads\/2025\/12\/pexels-marta-klement-636760-1438081.jpg?resize=1279%2C854&#038;ssl=1\" alt=\"\" class=\"wp-image-1706\" style=\"border-top-left-radius:100px;border-top-right-radius:10px;border-bottom-left-radius:10px;border-bottom-right-radius:100px;aspect-ratio:1.4976763836079425;width:300px;height:auto\" srcset=\"https:\/\/i0.wp.com\/endf.ca\/wp-content\/uploads\/2025\/12\/pexels-marta-klement-636760-1438081.jpg?w=1279&amp;ssl=1 1279w, https:\/\/i0.wp.com\/endf.ca\/wp-content\/uploads\/2025\/12\/pexels-marta-klement-636760-1438081.jpg?resize=300%2C200&amp;ssl=1 300w, https:\/\/i0.wp.com\/endf.ca\/wp-content\/uploads\/2025\/12\/pexels-marta-klement-636760-1438081.jpg?resize=1024%2C684&amp;ssl=1 1024w, https:\/\/i0.wp.com\/endf.ca\/wp-content\/uploads\/2025\/12\/pexels-marta-klement-636760-1438081.jpg?resize=768%2C513&amp;ssl=1 768w, https:\/\/i0.wp.com\/endf.ca\/wp-content\/uploads\/2025\/12\/pexels-marta-klement-636760-1438081.jpg?resize=18%2C12&amp;ssl=1 18w, https:\/\/i0.wp.com\/endf.ca\/wp-content\/uploads\/2025\/12\/pexels-marta-klement-636760-1438081.jpg?resize=600%2C401&amp;ssl=1 600w\" sizes=\"auto, (max-width: 1000px) 100vw, 1000px\" \/><\/figure>\n<\/div>\n<\/div>\n\n\n\n<div data-block-name=\"woocommerce\/cart\" class=\"wp-block-woocommerce-cart alignwide is-loading\">\n<div data-block-name=\"woocommerce\/filled-cart-block\" class=\"wp-block-woocommerce-filled-cart-block\">\n<div data-block-name=\"woocommerce\/cart-items-block\" class=\"wp-block-woocommerce-cart-items-block\">\n<div data-block-name=\"woocommerce\/cart-line-items-block\" class=\"wp-block-woocommerce-cart-line-items-block\"><\/div>\n\n\n<\/div>\n\n\n\n<div data-block-name=\"woocommerce\/cart-totals-block\" class=\"wp-block-woocommerce-cart-totals-block\">\n<div data-block-name=\"woocommerce\/cart-order-summary-block\" class=\"wp-block-woocommerce-cart-order-summary-block\">\n\n\n<p class=\"has-small-font-size\"><strong>TOTAL CARRITO<\/strong><\/p>\n\n\n\n<div data-block-name=\"woocommerce\/cart-order-summary-coupon-form-block\" class=\"wp-block-woocommerce-cart-order-summary-coupon-form-block\"><\/div>\n\n\n\n<div data-block-name=\"woocommerce\/cart-order-summary-totals-block\" class=\"wp-block-woocommerce-cart-order-summary-totals-block\">\n<div data-block-name=\"woocommerce\/cart-order-summary-subtotal-block\" class=\"wp-block-woocommerce-cart-order-summary-subtotal-block\"><\/div>\n\n\n\n<div data-block-name=\"woocommerce\/cart-order-summary-fee-block\" class=\"wp-block-woocommerce-cart-order-summary-fee-block\"><\/div>\n\n\n\n<div data-block-name=\"woocommerce\/cart-order-summary-discount-block\" class=\"wp-block-woocommerce-cart-order-summary-discount-block\"><\/div>\n\n\n\n<div data-block-name=\"woocommerce\/cart-order-summary-shipping-block\" class=\"wp-block-woocommerce-cart-order-summary-shipping-block\"><\/div>\n\n\n\n<div data-block-name=\"woocommerce\/cart-order-summary-taxes-block\" class=\"wp-block-woocommerce-cart-order-summary-taxes-block\"><\/div>\n<\/div>\n<\/div>\n\n\n<div data-lock=\"{&quot;remove&quot;:true}\" data-ppcp-id=\"ppcp-c50e6554-0443-46db-b0df-9202d2f6f424\" data-block-name=\"woocommerce-paypal-payments\/cart-paylater-messages\" data-pp-placement=\"cart\" data-pp-style-layout=\"text\" data-pp-style-logo-position=\"left\" data-pp-style-logo-type=\"inline\" data-pp-style-text-color=\"black\" data-pp-style-text-size=\"12\" id=\"ppcp-c50e6554-0443-46db-b0df-9202d2f6f424\" class=\"ppcp-messages\" data-partner-attribution-id=\"WooPPCP_Ecom_PS_CoreProfiler\"><\/div>\n\n\n<div data-block-name=\"woocommerce\/cart-express-payment-block\" class=\"wp-block-woocommerce-cart-express-payment-block\"><\/div>\n\n\n\n<div data-block-name=\"woocommerce\/proceed-to-checkout-block\" class=\"wp-block-woocommerce-proceed-to-checkout-block\"><\/div>\n\n\n\n<div data-block-name=\"woocommerce\/cart-accepted-payment-methods-block\" class=\"wp-block-woocommerce-cart-accepted-payment-methods-block\"><\/div>\n<\/div>\n<\/div>\n\n\n\n<div data-block-name=\"woocommerce\/empty-cart-block\" class=\"wp-block-woocommerce-empty-cart-block\">\n<div class=\"wp-block-group has-global-padding is-layout-constrained wp-block-group-is-layout-constrained\">\n<figure class=\"wp-block-image aligncenter size-full is-resized\"><img data-recalc-dims=\"1\" loading=\"lazy\" decoding=\"async\" width=\"512\" height=\"512\" data-attachment-id=\"1613\" data-permalink=\"https:\/\/endf.ca\/es\/cart\/cart-empty\/\" data-orig-file=\"https:\/\/i0.wp.com\/endf.ca\/wp-content\/uploads\/2025\/12\/cart-empty.png?fit=512%2C512&amp;ssl=1\" data-orig-size=\"512,512\" data-comments-opened=\"1\" data-image-meta=\"{&quot;aperture&quot;:&quot;0&quot;,&quot;credit&quot;:&quot;&quot;,&quot;camera&quot;:&quot;&quot;,&quot;caption&quot;:&quot;&quot;,&quot;created_timestamp&quot;:&quot;0&quot;,&quot;copyright&quot;:&quot;&quot;,&quot;focal_length&quot;:&quot;0&quot;,&quot;iso&quot;:&quot;0&quot;,&quot;shutter_speed&quot;:&quot;0&quot;,&quot;title&quot;:&quot;&quot;,&quot;orientation&quot;:&quot;0&quot;}\" data-image-title=\"cart-empty\" data-image-description=\"\" data-image-caption=\"\" data-large-file=\"https:\/\/i0.wp.com\/endf.ca\/wp-content\/uploads\/2025\/12\/cart-empty.png?fit=512%2C512&amp;ssl=1\" src=\"https:\/\/i0.wp.com\/endf.ca\/wp-content\/uploads\/2025\/12\/cart-empty.png?resize=512%2C512&#038;ssl=1\" alt=\"\" class=\"wp-image-1613\" style=\"width:auto;height:100px\" srcset=\"https:\/\/i0.wp.com\/endf.ca\/wp-content\/uploads\/2025\/12\/cart-empty.png?w=512&amp;ssl=1 512w, https:\/\/i0.wp.com\/endf.ca\/wp-content\/uploads\/2025\/12\/cart-empty.png?resize=300%2C300&amp;ssl=1 300w, https:\/\/i0.wp.com\/endf.ca\/wp-content\/uploads\/2025\/12\/cart-empty.png?resize=150%2C150&amp;ssl=1 150w, https:\/\/i0.wp.com\/endf.ca\/wp-content\/uploads\/2025\/12\/cart-empty.png?resize=12%2C12&amp;ssl=1 12w, https:\/\/i0.wp.com\/endf.ca\/wp-content\/uploads\/2025\/12\/cart-empty.png?resize=100%2C100&amp;ssl=1 100w\" sizes=\"auto, (max-width: 512px) 100vw, 512px\" \/><\/figure>\n<\/div>\n\n\n\n<p class=\"has-text-align-center\">Votre panier est actuellement vide&nbsp;!<\/p>\n\n\n\n<p class=\"has-text-align-center\"><a href=\"https:\/\/endf.ca\/es\/shop\/\">Parcourir la boutique<\/a><\/p>\n\n\n\n<hr class=\"wp-block-separator has-alpha-channel-opacity is-style-dots\"\/>\n\n\n\n<h2 class=\"wp-block-heading has-text-align-center\">Nouveau dans la boutique<\/h2>\n\n\n<div data-block-name=\"woocommerce\/product-new\" data-columns=\"4\" data-rows=\"1\" class=\"wc-block-grid wp-block-product-new wp-block-woocommerce-product-new wc-block-product-new has-4-columns\"><ul class=\"wc-block-grid__products\"><li class=\"wc-block-grid__product\">\n\t\t\t\t<a href=\"https:\/\/endf.ca\/es\/product\/programme-pour-les-entreprises-approfondi-et-integration\/\" class=\"wc-block-grid__product-link\">\n\t\t\t\t\t\n\t\t\t\t\t<div class=\"wc-block-grid__product-image\"><img loading=\"lazy\" decoding=\"async\" width=\"300\" height=\"300\" src=\"https:\/\/i0.wp.com\/endf.ca\/wp-content\/uploads\/2026\/02\/prog-comp-03.jpg?resize=300%2C300&amp;ssl=1\" class=\"attachment-woocommerce_thumbnail size-woocommerce_thumbnail\" alt=\"PROGRAMME POUR LES ENTREPRISES APPROFONDI ET INT\u00c9GRATION\" srcset=\"https:\/\/i0.wp.com\/endf.ca\/wp-content\/uploads\/2026\/02\/prog-comp-03.jpg?w=600&amp;ssl=1 600w, https:\/\/i0.wp.com\/endf.ca\/wp-content\/uploads\/2026\/02\/prog-comp-03.jpg?resize=300%2C300&amp;ssl=1 300w, https:\/\/i0.wp.com\/endf.ca\/wp-content\/uploads\/2026\/02\/prog-comp-03.jpg?resize=150%2C150&amp;ssl=1 150w, https:\/\/i0.wp.com\/endf.ca\/wp-content\/uploads\/2026\/02\/prog-comp-03.jpg?resize=12%2C12&amp;ssl=1 12w, https:\/\/i0.wp.com\/endf.ca\/wp-content\/uploads\/2026\/02\/prog-comp-03.jpg?resize=100%2C100&amp;ssl=1 100w\" sizes=\"auto, (max-width: 300px) 100vw, 300px\" data-attachment-id=\"1811\" data-permalink=\"https:\/\/endf.ca\/es\/?attachment_id=1811\" data-orig-file=\"https:\/\/i0.wp.com\/endf.ca\/wp-content\/uploads\/2026\/02\/prog-comp-03.jpg?fit=600%2C600&amp;ssl=1\" data-orig-size=\"600,600\" data-comments-opened=\"1\" data-image-meta=\"{&quot;aperture&quot;:&quot;0&quot;,&quot;credit&quot;:&quot;&quot;,&quot;camera&quot;:&quot;&quot;,&quot;caption&quot;:&quot;&quot;,&quot;created_timestamp&quot;:&quot;0&quot;,&quot;copyright&quot;:&quot;&quot;,&quot;focal_length&quot;:&quot;0&quot;,&quot;iso&quot;:&quot;0&quot;,&quot;shutter_speed&quot;:&quot;0&quot;,&quot;title&quot;:&quot;&quot;,&quot;orientation&quot;:&quot;0&quot;}\" data-image-title=\"prog-comp-03\" data-image-description=\"\" data-image-caption=\"\" data-large-file=\"https:\/\/i0.wp.com\/endf.ca\/wp-content\/uploads\/2026\/02\/prog-comp-03.jpg?fit=600%2C600&amp;ssl=1\" \/><\/div>\n\t\t\t\t\t<div class=\"wc-block-grid__product-title\">PROGRAMME POUR LES ENTREPRISES APPROFONDI ET INT\u00c9GRATION<\/div>\n\t\t\t\t<\/a>\n\t\t\t\t<div class=\"wc-block-grid__product-price price\"><span class=\"woocommerce-Price-amount amount\"><span class=\"woocommerce-Price-currencySymbol\">&#036;<\/span>5,440.00<\/span><\/div>\n\t\t\t\t\n\t\t\t\t<div class=\"wp-block-button wc-block-grid__product-add-to-cart\"><a href=\"\/es\/wp-json\/wp\/v2\/pages\/15?add-to-cart=1814\" aria-label=\"Inscribirme: \u201cPROGRAMME POUR LES ENTREPRISES APPROFONDI ET INT\u00c9GRATION\u201d\" data-quantity=\"1\" data-product_id=\"1814\" data-product_sku=\"\" data-price=\"5440\" rel=\"nofollow\" class=\"wp-block-button__link wp-element-button add_to_cart_button ajax_add_to_cart\" data-no-translation=\"\" data-trp-gettext=\"\" data-no-translation-aria-label=\"\">Inscribirme<\/a><\/div>\n\t\t\t<\/li><li class=\"wc-block-grid__product\">\n\t\t\t\t<a href=\"https:\/\/endf.ca\/es\/product\/programme-pour-les-entreprises-developpement-et-aisance\/\" class=\"wc-block-grid__product-link\">\n\t\t\t\t\t\n\t\t\t\t\t<div class=\"wc-block-grid__product-image\"><img loading=\"lazy\" decoding=\"async\" width=\"300\" height=\"300\" src=\"https:\/\/i0.wp.com\/endf.ca\/wp-content\/uploads\/2026\/02\/prog-comp-02.jpg?resize=300%2C300&amp;ssl=1\" class=\"attachment-woocommerce_thumbnail size-woocommerce_thumbnail\" alt=\"PROGRAMME POUR LES ENTREPRISES D\u00c9VELOPPEMENT ET AISANCE\" srcset=\"https:\/\/i0.wp.com\/endf.ca\/wp-content\/uploads\/2026\/02\/prog-comp-02.jpg?w=600&amp;ssl=1 600w, https:\/\/i0.wp.com\/endf.ca\/wp-content\/uploads\/2026\/02\/prog-comp-02.jpg?resize=300%2C300&amp;ssl=1 300w, https:\/\/i0.wp.com\/endf.ca\/wp-content\/uploads\/2026\/02\/prog-comp-02.jpg?resize=150%2C150&amp;ssl=1 150w, https:\/\/i0.wp.com\/endf.ca\/wp-content\/uploads\/2026\/02\/prog-comp-02.jpg?resize=12%2C12&amp;ssl=1 12w, https:\/\/i0.wp.com\/endf.ca\/wp-content\/uploads\/2026\/02\/prog-comp-02.jpg?resize=100%2C100&amp;ssl=1 100w\" sizes=\"auto, (max-width: 300px) 100vw, 300px\" data-attachment-id=\"1812\" data-permalink=\"https:\/\/endf.ca\/es\/?attachment_id=1812\" data-orig-file=\"https:\/\/i0.wp.com\/endf.ca\/wp-content\/uploads\/2026\/02\/prog-comp-02.jpg?fit=600%2C600&amp;ssl=1\" data-orig-size=\"600,600\" data-comments-opened=\"1\" data-image-meta=\"{&quot;aperture&quot;:&quot;0&quot;,&quot;credit&quot;:&quot;&quot;,&quot;camera&quot;:&quot;&quot;,&quot;caption&quot;:&quot;&quot;,&quot;created_timestamp&quot;:&quot;0&quot;,&quot;copyright&quot;:&quot;&quot;,&quot;focal_length&quot;:&quot;0&quot;,&quot;iso&quot;:&quot;0&quot;,&quot;shutter_speed&quot;:&quot;0&quot;,&quot;title&quot;:&quot;&quot;,&quot;orientation&quot;:&quot;0&quot;}\" data-image-title=\"prog-comp-02\" data-image-description=\"\" data-image-caption=\"\" data-large-file=\"https:\/\/i0.wp.com\/endf.ca\/wp-content\/uploads\/2026\/02\/prog-comp-02.jpg?fit=600%2C600&amp;ssl=1\" \/><\/div>\n\t\t\t\t\t<div class=\"wc-block-grid__product-title\">PROGRAMME POUR LES ENTREPRISES D\u00c9VELOPPEMENT ET AISANCE<\/div>\n\t\t\t\t<\/a>\n\t\t\t\t<div class=\"wc-block-grid__product-price price\"><span class=\"woocommerce-Price-amount amount\"><span class=\"woocommerce-Price-currencySymbol\">&#036;<\/span>4,080.00<\/span><\/div>\n\t\t\t\t\n\t\t\t\t<div class=\"wp-block-button wc-block-grid__product-add-to-cart\"><a href=\"\/es\/wp-json\/wp\/v2\/pages\/15?add-to-cart=1813\" aria-label=\"Inscribirme: \u201cPROGRAMME POUR LES ENTREPRISES D\u00c9VELOPPEMENT ET AISANCE\u201d\" data-quantity=\"1\" data-product_id=\"1813\" data-product_sku=\"\" data-price=\"4080\" rel=\"nofollow\" class=\"wp-block-button__link wp-element-button add_to_cart_button ajax_add_to_cart\" data-no-translation=\"\" data-trp-gettext=\"\" data-no-translation-aria-label=\"\">Inscribirme<\/a><\/div>\n\t\t\t<\/li><li class=\"wc-block-grid__product\">\n\t\t\t\t<a href=\"https:\/\/endf.ca\/es\/product\/programme-pour-les-entreprises-fondation\/\" class=\"wc-block-grid__product-link\">\n\t\t\t\t\t\n\t\t\t\t\t<div class=\"wc-block-grid__product-image\"><img loading=\"lazy\" decoding=\"async\" width=\"300\" height=\"300\" src=\"https:\/\/i0.wp.com\/endf.ca\/wp-content\/uploads\/2026\/02\/prog-comp-01.jpg?resize=300%2C300&amp;ssl=1\" class=\"attachment-woocommerce_thumbnail size-woocommerce_thumbnail\" alt=\"PROGRAMME POUR LES ENTREPRISES FONDATION\" srcset=\"https:\/\/i0.wp.com\/endf.ca\/wp-content\/uploads\/2026\/02\/prog-comp-01.jpg?w=600&amp;ssl=1 600w, https:\/\/i0.wp.com\/endf.ca\/wp-content\/uploads\/2026\/02\/prog-comp-01.jpg?resize=300%2C300&amp;ssl=1 300w, https:\/\/i0.wp.com\/endf.ca\/wp-content\/uploads\/2026\/02\/prog-comp-01.jpg?resize=150%2C150&amp;ssl=1 150w, https:\/\/i0.wp.com\/endf.ca\/wp-content\/uploads\/2026\/02\/prog-comp-01.jpg?resize=12%2C12&amp;ssl=1 12w, https:\/\/i0.wp.com\/endf.ca\/wp-content\/uploads\/2026\/02\/prog-comp-01.jpg?resize=100%2C100&amp;ssl=1 100w\" sizes=\"auto, (max-width: 300px) 100vw, 300px\" data-attachment-id=\"1810\" data-permalink=\"https:\/\/endf.ca\/es\/?attachment_id=1810\" data-orig-file=\"https:\/\/i0.wp.com\/endf.ca\/wp-content\/uploads\/2026\/02\/prog-comp-01.jpg?fit=600%2C600&amp;ssl=1\" data-orig-size=\"600,600\" data-comments-opened=\"1\" data-image-meta=\"{&quot;aperture&quot;:&quot;0&quot;,&quot;credit&quot;:&quot;&quot;,&quot;camera&quot;:&quot;&quot;,&quot;caption&quot;:&quot;&quot;,&quot;created_timestamp&quot;:&quot;0&quot;,&quot;copyright&quot;:&quot;&quot;,&quot;focal_length&quot;:&quot;0&quot;,&quot;iso&quot;:&quot;0&quot;,&quot;shutter_speed&quot;:&quot;0&quot;,&quot;title&quot;:&quot;&quot;,&quot;orientation&quot;:&quot;0&quot;}\" data-image-title=\"prog-comp-01\" data-image-description=\"\" data-image-caption=\"\" data-large-file=\"https:\/\/i0.wp.com\/endf.ca\/wp-content\/uploads\/2026\/02\/prog-comp-01.jpg?fit=600%2C600&amp;ssl=1\" \/><\/div>\n\t\t\t\t\t<div class=\"wc-block-grid__product-title\">PROGRAMME POUR LES ENTREPRISES FONDATION<\/div>\n\t\t\t\t<\/a>\n\t\t\t\t<div class=\"wc-block-grid__product-price price\"><span class=\"woocommerce-Price-amount amount\"><span class=\"woocommerce-Price-currencySymbol\">&#036;<\/span>2,160.00<\/span><\/div>\n\t\t\t\t\n\t\t\t\t<div class=\"wp-block-button wc-block-grid__product-add-to-cart\"><a href=\"\/es\/wp-json\/wp\/v2\/pages\/15?add-to-cart=1807\" aria-label=\"Inscribirme: \u201cPROGRAMME POUR LES ENTREPRISES FONDATION\u201d\" data-quantity=\"1\" data-product_id=\"1807\" data-product_sku=\"\" data-price=\"2160\" rel=\"nofollow\" class=\"wp-block-button__link wp-element-button add_to_cart_button ajax_add_to_cart\" data-no-translation=\"\" data-trp-gettext=\"\" data-no-translation-aria-label=\"\">Inscribirme<\/a><\/div>\n\t\t\t<\/li><li class=\"wc-block-grid__product\">\n\t\t\t\t<a href=\"https:\/\/endf.ca\/es\/product\/frais-administratifs-annuels-dinscription\/\" class=\"wc-block-grid__product-link\">\n\t\t\t\t\t\n\t\t\t\t\t<div class=\"wc-block-grid__product-image\"><img loading=\"lazy\" decoding=\"async\" width=\"300\" height=\"300\" src=\"https:\/\/i0.wp.com\/endf.ca\/wp-content\/uploads\/2025\/12\/Frame-402.png?resize=300%2C300&amp;ssl=1\" class=\"attachment-woocommerce_thumbnail size-woocommerce_thumbnail\" alt=\"Frais administratifs annuels d\u2019inscription\" srcset=\"https:\/\/i0.wp.com\/endf.ca\/wp-content\/uploads\/2025\/12\/Frame-402.png?w=1000&amp;ssl=1 1000w, https:\/\/i0.wp.com\/endf.ca\/wp-content\/uploads\/2025\/12\/Frame-402.png?resize=300%2C300&amp;ssl=1 300w, https:\/\/i0.wp.com\/endf.ca\/wp-content\/uploads\/2025\/12\/Frame-402.png?resize=150%2C150&amp;ssl=1 150w, https:\/\/i0.wp.com\/endf.ca\/wp-content\/uploads\/2025\/12\/Frame-402.png?resize=768%2C768&amp;ssl=1 768w, https:\/\/i0.wp.com\/endf.ca\/wp-content\/uploads\/2025\/12\/Frame-402.png?resize=12%2C12&amp;ssl=1 12w, https:\/\/i0.wp.com\/endf.ca\/wp-content\/uploads\/2025\/12\/Frame-402.png?resize=600%2C600&amp;ssl=1 600w, https:\/\/i0.wp.com\/endf.ca\/wp-content\/uploads\/2025\/12\/Frame-402.png?resize=100%2C100&amp;ssl=1 100w\" sizes=\"auto, (max-width: 300px) 100vw, 300px\" data-attachment-id=\"1739\" data-permalink=\"https:\/\/endf.ca\/es\/?attachment_id=1739\" data-orig-file=\"https:\/\/i0.wp.com\/endf.ca\/wp-content\/uploads\/2025\/12\/Frame-402.png?fit=1000%2C1000&amp;ssl=1\" data-orig-size=\"1000,1000\" data-comments-opened=\"1\" data-image-meta=\"{&quot;aperture&quot;:&quot;0&quot;,&quot;credit&quot;:&quot;&quot;,&quot;camera&quot;:&quot;&quot;,&quot;caption&quot;:&quot;&quot;,&quot;created_timestamp&quot;:&quot;0&quot;,&quot;copyright&quot;:&quot;&quot;,&quot;focal_length&quot;:&quot;0&quot;,&quot;iso&quot;:&quot;0&quot;,&quot;shutter_speed&quot;:&quot;0&quot;,&quot;title&quot;:&quot;&quot;,&quot;orientation&quot;:&quot;0&quot;}\" data-image-title=\"Frame 402\" data-image-description=\"\" data-image-caption=\"\" data-large-file=\"https:\/\/i0.wp.com\/endf.ca\/wp-content\/uploads\/2025\/12\/Frame-402.png?fit=1000%2C1000&amp;ssl=1\" \/><\/div>\n\t\t\t\t\t<div class=\"wc-block-grid__product-title\">Gasto administrativo anual de inscripci\u00f3n<\/div>\n\t\t\t\t<\/a>\n\t\t\t\t<div class=\"wc-block-grid__product-price price\"><span class=\"woocommerce-Price-amount amount\"><span class=\"woocommerce-Price-currencySymbol\">&#036;<\/span>40.00<\/span><\/div>\n\t\t\t\t\n\t\t\t\t<div class=\"wp-block-button wc-block-grid__product-add-to-cart\"><a href=\"\/es\/wp-json\/wp\/v2\/pages\/15?add-to-cart=1736\" aria-label=\"Inscribirme: \u201cFrais administratifs annuels d\u2019inscription\u201d\" data-quantity=\"1\" data-product_id=\"1736\" data-product_sku=\"\" data-price=\"40\" rel=\"nofollow\" class=\"wp-block-button__link wp-element-button add_to_cart_button ajax_add_to_cart\" data-no-translation=\"\" data-trp-gettext=\"\" data-no-translation-aria-label=\"\">Inscribirme<\/a><\/div>\n\t\t\t<\/li><\/ul><\/div><\/div>\n<\/div>\n\n\n\n<p><\/p>","protected":false},"excerpt":{"rendered":"<p>\u26a0\ufe0f Attention &#8211; Nouveaux \u00e9tudiants : Si c&rsquo;est la premi\u00e8re fois que vous \u00e9tudiez \u00e0 l&rsquo;ENDF, vous devez obligatoirement ajouter les Frais d&rsquo;inscription (40$) \u00e0 votre panier. Votre inscription ne sera pas finalis\u00e9e tant que ce paiement ne sera pas effectu\u00e9.<\/p>","protected":false},"author":1,"featured_media":0,"parent":0,"menu_order":0,"comment_status":"closed","ping_status":"closed","template":"","meta":{"content-type":"","advanced_seo_description":"","jetpack_seo_html_title":"","jetpack_seo_noindex":false,"footnotes":""},"class_list":["post-15","page","type-page","status-publish","hentry"],"jetpack_sharing_enabled":true,"_links":{"self":[{"href":"https:\/\/endf.ca\/es\/wp-json\/wp\/v2\/pages\/15","targetHints":{"allow":["GET"]}}],"collection":[{"href":"https:\/\/endf.ca\/es\/wp-json\/wp\/v2\/pages"}],"about":[{"href":"https:\/\/endf.ca\/es\/wp-json\/wp\/v2\/types\/page"}],"author":[{"embeddable":true,"href":"https:\/\/endf.ca\/es\/wp-json\/wp\/v2\/users\/1"}],"replies":[{"embeddable":true,"href":"https:\/\/endf.ca\/es\/wp-json\/wp\/v2\/comments?post=15"}],"version-history":[{"count":13,"href":"https:\/\/endf.ca\/es\/wp-json\/wp\/v2\/pages\/15\/revisions"}],"predecessor-version":[{"id":1964,"href":"https:\/\/endf.ca\/es\/wp-json\/wp\/v2\/pages\/15\/revisions\/1964"}],"wp:attachment":[{"href":"https:\/\/endf.ca\/es\/wp-json\/wp\/v2\/media?parent=15"}],"curies":[{"name":"wp","href":"https:\/\/api.w.org\/{rel}","templated":true}]}}