{"id":2252,"date":"2026-04-15T13:49:02","date_gmt":"2026-04-15T13:49:02","guid":{"rendered":"https:\/\/endf.ca\/?page_id=2252"},"modified":"2026-04-15T14:54:00","modified_gmt":"2026-04-15T14:54:00","slug":"conditions-dutilisation-des-sms","status":"publish","type":"page","link":"https:\/\/endf.ca\/es\/conditions-dutilisation-des-sms\/","title":{"rendered":"T\u00e9rminos y Condiciones de SMS"},"content":{"rendered":"<p><strong><em>\u00daltima actualizaci\u00f3n: 15 de abril de 2026<\/em><\/strong><\/p>\n\n\n\n<p>Al suscribirse a los servicios de mensajer\u00eda de texto de la \u00c9cole Nationale de Fran\u00e7ais (ENDF), usted acepta los siguientes t\u00e9rminos y condiciones:<\/p>\n\n\n\n<h4 class=\"wp-block-heading\"><strong>1. Descripci\u00f3n del programa<\/strong><\/h4>\n\n\n\n<p>Los mensajes de texto de ENDF se utilizan para enviar notificaciones de inscripci\u00f3n, recordatorios de clases, actualizaciones administrativas y ofertas promocionales relacionadas con nuestros programas de idiomas.<\/p>\n\n\n\n<h4 class=\"wp-block-heading\"><strong>2. Frecuencia de los mensajes<\/strong><\/h4>\n\n\n\n<p>La frecuencia de los mensajes var\u00eda seg\u00fan su interacci\u00f3n con nuestros servicios y su estado de inscripci\u00f3n.<\/p>\n\n\n\n<h4 class=\"wp-block-heading\"><strong>3. Costos<\/strong><\/h4>\n\n\n\n<p>ENDF no cobra por los servicios de SMS; sin embargo, <strong>se pueden aplicar tarifas de mensajes y datos<\/strong> seg\u00fan su proveedor de servicios m\u00f3viles y su plan.<\/p>\n\n\n\n<h4 class=\"wp-block-heading\"><strong>4. C\u00f3mo cancelar la suscripci\u00f3n (Opt-out)<\/strong><\/h4>\n\n\n\n<p>Puede cancelar el servicio de SMS en cualquier momento. Simplemente env\u00ede la palabra <strong>STOP<\/strong> por mensaje de texto. Despu\u00e9s de enviar <strong>STOP<\/strong>, le enviaremos un mensaje de confirmaci\u00f3n de cancelaci\u00f3n. Una vez confirmado, dejar\u00e1 de recibir mensajes nuestros.<\/p>\n\n\n\n<h4 class=\"wp-block-heading\"><strong>5. Ayuda y Soporte<\/strong><\/h4>\n\n\n\n<p>Si tiene problemas con el servicio de mensajer\u00eda, puede enviar la palabra <strong>HELP<\/strong> para obtener m\u00e1s informaci\u00f3n, o contactarnos directamente en:<\/p>\n\n\n\n<ul class=\"wp-block-list\">\n<li><strong>Correo:<\/strong> contact@endf.ca<\/li>\n\n\n\n<li><strong>Tel\u00e9fono:<\/strong> +1 (438) 238 4660<\/li>\n<\/ul>\n\n\n\n<h4 class=\"wp-block-heading\"><strong>6. Privacidad<\/strong><\/h4>\n\n\n\n<p>El uso de su informaci\u00f3n personal se rige por nuestra <a href=\"https:\/\/endf.ca\/es\/privacy\/\" data-type=\"page\" data-id=\"1800\">[Pol\u00edtica de Privacidad]<\/a>. Sus datos m\u00f3viles nunca se compartir\u00e1n con terceros con fines de marketing.<\/p>\n\n\n\n<p><\/p>\n\n\n\n<p><\/p>\n\n\n\n<p><\/p>","protected":false},"excerpt":{"rendered":"<p>Derni\u00e8re mise \u00e0 jour : 15 avril 2026 En vous abonnant aux services de messagerie texte de l&rsquo;\u00c9cole Nationale de Fran\u00e7ais (ENDF), vous acceptez les conditions suivantes : 1. Description du programme Les messages texte d&rsquo;ENDF sont utilis\u00e9s pour envoyer des notifications relatives aux inscriptions, des rappels de cours, des mises \u00e0 jour administratives et [&hellip;]<\/p>","protected":false},"author":2,"featured_media":0,"parent":0,"menu_order":0,"comment_status":"closed","ping_status":"closed","template":"","meta":{"content-type":"","advanced_seo_description":"","jetpack_seo_html_title":"","jetpack_seo_noindex":false,"footnotes":""},"class_list":["post-2252","page","type-page","status-publish","hentry"],"jetpack_sharing_enabled":true,"_links":{"self":[{"href":"https:\/\/endf.ca\/es\/wp-json\/wp\/v2\/pages\/2252","targetHints":{"allow":["GET"]}}],"collection":[{"href":"https:\/\/endf.ca\/es\/wp-json\/wp\/v2\/pages"}],"about":[{"href":"https:\/\/endf.ca\/es\/wp-json\/wp\/v2\/types\/page"}],"author":[{"embeddable":true,"href":"https:\/\/endf.ca\/es\/wp-json\/wp\/v2\/users\/2"}],"replies":[{"embeddable":true,"href":"https:\/\/endf.ca\/es\/wp-json\/wp\/v2\/comments?post=2252"}],"version-history":[{"count":2,"href":"https:\/\/endf.ca\/es\/wp-json\/wp\/v2\/pages\/2252\/revisions"}],"predecessor-version":[{"id":2268,"href":"https:\/\/endf.ca\/es\/wp-json\/wp\/v2\/pages\/2252\/revisions\/2268"}],"wp:attachment":[{"href":"https:\/\/endf.ca\/es\/wp-json\/wp\/v2\/media?parent=2252"}],"curies":[{"name":"wp","href":"https:\/\/api.w.org\/{rel}","templated":true}]}}