{"id":2259,"date":"2026-04-15T14:00:18","date_gmt":"2026-04-15T14:00:18","guid":{"rendered":"https:\/\/endf.ca\/?page_id=2259"},"modified":"2026-04-15T14:05:49","modified_gmt":"2026-04-15T14:05:49","slug":"declaration-daccessibilite","status":"publish","type":"page","link":"https:\/\/endf.ca\/es\/declaration-daccessibilite\/","title":{"rendered":"Declaraci\u00f3n de Accesibilidad"},"content":{"rendered":"<p><strong><em>\u00daltima actualizaci\u00f3n: 15 de abril de 2026<\/em><\/strong><\/p>\n\n\n\n<p>La \u00c9cole Nationale de Fran\u00e7ais (ENDF) est\u00e1 firmemente comprometida a ofrecer un entorno digital inclusivo. Creemos que la educaci\u00f3n y la informaci\u00f3n deben ser accesibles para todos, independientemente de sus capacidades f\u00edsicas o tecnol\u00f3gicas.<\/p>\n\n\n\n<h4 class=\"wp-block-heading\"><strong>1. Nuestro Compromiso<\/strong><\/h4>\n\n\n\n<p>Nos esforzamos por hacer que nuestro sitio web (<a target=\"_blank\" rel=\"noreferrer noopener\" href=\"https:\/\/endf.ca\/es\/\">https:\/\/endf.ca\/<\/a>) sea lo m\u00e1s accesible posible para un p\u00fablico amplio y trabajamos continuamente para mejorar la experiencia del usuario para todos.<\/p>\n\n\n\n<h4 class=\"wp-block-heading\"><strong>2. Limitaciones Conocidas y Mejora Continua<\/strong><\/h4>\n\n\n\n<p>La accesibilidad es un proceso continuo. Somos conscientes de que algunas partes de nuestro sitio pueden no estar a\u00fan completamente optimizadas para todas las tecnolog\u00edas de asistencia. Evaluamos regularmente nuestro sitio para identificar y corregir las barreras de accesibilidad a medida que se desarrolla.<\/p>\n\n\n\n<h4 class=\"wp-block-heading\"><strong>3. Comentarios y Asistencia<\/strong><\/h4>\n\n\n\n<p>Su experiencia nos importa. Si encuentra alg\u00fan obst\u00e1culo para acceder a informaci\u00f3n o a un servicio en nuestro sitio, le animamos a que nos lo comunique. Haremos todo lo posible por proporcionarle el contenido en un formato alternativo adaptado a sus necesidades a la mayor brevedad posible.<\/p>\n\n\n\n<p><strong>P\u00f3ngase en contacto con nuestro departamento de administraci\u00f3n:<\/strong><\/p>\n\n\n\n<ul class=\"wp-block-list\">\n<li><strong>Correo:<\/strong> contact@endf.ca<\/li>\n\n\n\n<li><strong>Tel\u00e9fono:<\/strong> +1 (438) 238 4660<\/li>\n\n\n\n<li><strong>Direcci\u00f3n:<\/strong> 1626 Boul. Saint-Laurent Bureau 100, Montr\u00e9al, QC H2X 3V7<\/li>\n<\/ul>\n\n\n\n<p>Nos esforzamos por responder a las consultas sobre accesibilidad en un plazo de 3 a 5 d\u00edas h\u00e1biles.<\/p>\n\n\n\n<p><\/p>\n\n\n\n<p><\/p>\n\n\n\n<p><\/p>","protected":false},"excerpt":{"rendered":"<p>Derni\u00e8re mise \u00e0 jour : 15 avril 2026 L&rsquo;\u00c9cole Nationale de Fran\u00e7ais (ENDF) s&rsquo;engage \u00e0 offrir un environnement num\u00e9rique inclusif. Nous croyons que l&rsquo;\u00e9ducation et l&rsquo;information doivent \u00eatre accessibles \u00e0 tous, quelles que soient les capacit\u00e9s physiques ou technologiques de chacun. 1. Notre engagement Nous nous effor\u00e7ons de rendre notre site web (https:\/\/endf.ca\/) le plus [&hellip;]<\/p>","protected":false},"author":2,"featured_media":0,"parent":0,"menu_order":0,"comment_status":"closed","ping_status":"closed","template":"","meta":{"content-type":"","advanced_seo_description":"","jetpack_seo_html_title":"","jetpack_seo_noindex":false,"footnotes":""},"class_list":["post-2259","page","type-page","status-publish","hentry"],"jetpack_sharing_enabled":true,"_links":{"self":[{"href":"https:\/\/endf.ca\/es\/wp-json\/wp\/v2\/pages\/2259","targetHints":{"allow":["GET"]}}],"collection":[{"href":"https:\/\/endf.ca\/es\/wp-json\/wp\/v2\/pages"}],"about":[{"href":"https:\/\/endf.ca\/es\/wp-json\/wp\/v2\/types\/page"}],"author":[{"embeddable":true,"href":"https:\/\/endf.ca\/es\/wp-json\/wp\/v2\/users\/2"}],"replies":[{"embeddable":true,"href":"https:\/\/endf.ca\/es\/wp-json\/wp\/v2\/comments?post=2259"}],"version-history":[{"count":1,"href":"https:\/\/endf.ca\/es\/wp-json\/wp\/v2\/pages\/2259\/revisions"}],"predecessor-version":[{"id":2260,"href":"https:\/\/endf.ca\/es\/wp-json\/wp\/v2\/pages\/2259\/revisions\/2260"}],"wp:attachment":[{"href":"https:\/\/endf.ca\/es\/wp-json\/wp\/v2\/media?parent=2259"}],"curies":[{"name":"wp","href":"https:\/\/api.w.org\/{rel}","templated":true}]}}