{"id":310,"date":"2025-11-09T23:44:34","date_gmt":"2025-11-09T23:44:34","guid":{"rendered":"https:\/\/endf.ca\/?page_id=310"},"modified":"2026-04-15T13:08:34","modified_gmt":"2026-04-15T13:08:34","slug":"contactanos","status":"publish","type":"page","link":"https:\/\/endf.ca\/es\/contactanos\/","title":{"rendered":"contactez_nous"},"content":{"rendered":"<div class=\"wp-block-cover alignfull\" style=\"min-height:430px;aspect-ratio:unset;\"><img data-recalc-dims=\"1\" loading=\"lazy\" decoding=\"async\" width=\"1024\" height=\"683\" data-attachment-id=\"825\" data-permalink=\"https:\/\/endf.ca\/es\/contactanos\/2025-009-september-24_session-marialis_r6-304-copy\/\" data-orig-file=\"https:\/\/i0.wp.com\/endf.ca\/wp-content\/uploads\/2025\/11\/2025-009-September-24_SESSION-Marialis_R6-304-copy-scaled.jpg?fit=2560%2C1707&amp;ssl=1\" data-orig-size=\"2560,1707\" data-comments-opened=\"1\" data-image-meta=\"{&quot;aperture&quot;:&quot;2.8&quot;,&quot;credit&quot;:&quot;LUIS MANRIQUE&quot;,&quot;camera&quot;:&quot;Canon EOS R6m2&quot;,&quot;caption&quot;:&quot;&quot;,&quot;created_timestamp&quot;:&quot;1758743787&quot;,&quot;copyright&quot;:&quot;Luis Manrique Photography COPYRIGHT [www.luismanrique.ca]&quot;,&quot;focal_length&quot;:&quot;70&quot;,&quot;iso&quot;:&quot;100&quot;,&quot;shutter_speed&quot;:&quot;0.0008&quot;,&quot;title&quot;:&quot;&quot;,&quot;orientation&quot;:&quot;1&quot;}\" data-image-title=\"2025 009 September 24_SESSION Marialis_R6 (304) copy\" data-image-description=\"\" data-image-caption=\"\" data-large-file=\"https:\/\/i0.wp.com\/endf.ca\/wp-content\/uploads\/2025\/11\/2025-009-September-24_SESSION-Marialis_R6-304-copy-scaled.jpg?fit=1024%2C683&amp;ssl=1\" class=\"wp-block-cover__image-background wp-image-825 size-large\" alt=\"\" src=\"https:\/\/i0.wp.com\/endf.ca\/wp-content\/uploads\/2025\/11\/2025-009-September-24_SESSION-Marialis_R6-304-copy.jpg?resize=1024%2C683&#038;ssl=1\" style=\"object-position:50% 65%\" data-object-fit=\"cover\" data-object-position=\"50% 65%\" srcset=\"https:\/\/i0.wp.com\/endf.ca\/wp-content\/uploads\/2025\/11\/2025-009-September-24_SESSION-Marialis_R6-304-copy-scaled.jpg?resize=1024%2C683&amp;ssl=1 1024w, https:\/\/i0.wp.com\/endf.ca\/wp-content\/uploads\/2025\/11\/2025-009-September-24_SESSION-Marialis_R6-304-copy-scaled.jpg?resize=300%2C200&amp;ssl=1 300w, https:\/\/i0.wp.com\/endf.ca\/wp-content\/uploads\/2025\/11\/2025-009-September-24_SESSION-Marialis_R6-304-copy-scaled.jpg?resize=768%2C512&amp;ssl=1 768w, https:\/\/i0.wp.com\/endf.ca\/wp-content\/uploads\/2025\/11\/2025-009-September-24_SESSION-Marialis_R6-304-copy-scaled.jpg?resize=1536%2C1024&amp;ssl=1 1536w, https:\/\/i0.wp.com\/endf.ca\/wp-content\/uploads\/2025\/11\/2025-009-September-24_SESSION-Marialis_R6-304-copy-scaled.jpg?resize=2048%2C1365&amp;ssl=1 2048w, https:\/\/i0.wp.com\/endf.ca\/wp-content\/uploads\/2025\/11\/2025-009-September-24_SESSION-Marialis_R6-304-copy-scaled.jpg?resize=18%2C12&amp;ssl=1 18w, https:\/\/i0.wp.com\/endf.ca\/wp-content\/uploads\/2025\/11\/2025-009-September-24_SESSION-Marialis_R6-304-copy-scaled.jpg?resize=600%2C400&amp;ssl=1 600w\" sizes=\"auto, (max-width: 1000px) 100vw, 1000px\" \/><span aria-hidden=\"true\" class=\"wp-block-cover__background has-enf-deep-forest-background-color has-background-dim\"><\/span><div class=\"wp-block-cover__inner-container is-layout-flow wp-block-cover-is-layout-flow\">\n<figure class=\"wp-block-image aligncenter size-full\"><img data-recalc-dims=\"1\" decoding=\"async\" src=\"https:\/\/i0.wp.com\/endf.ca\/wp-content\/themes\/enf\/assets\/images\/image-2.png?ssl=1\" alt=\"\" class=\"wp-image-186\"\/><\/figure>\n<\/div><\/div>\n\n\n\n<div class=\"wp-block-group alignwide is-layout-flow wp-block-group-is-layout-flow\" style=\"padding-top:var(--wp--preset--spacing--50);padding-bottom:var(--wp--preset--spacing--50)\">\n<h2 class=\"wp-block-heading has-text-align-center has-serif-font-family has-xx-large-font-size\"><em><strong><strong>Cont\u00e1ctanos<\/strong><\/strong><\/em><\/h2>\n\n\n\n<p class=\"has-text-align-center has-small-font-size\">En \u00c9cole Nationale de Fran\u00e7ais, estamos para acompa\u00f1arte en tu camino hacia el dominio del franc\u00e9s y el crecimiento profesional que mereces. Si tienes dudas sobre nuestros programas, horarios o procesos de inscripci\u00f3n, o simplemente quieres saber cu\u00e1l es el nivel m\u00e1s adecuado para ti, nuestro equipo estar\u00e1 encantado de orientarte.<\/p>\n<\/div>\n\n\n\n<div class=\"wp-block-group alignfull is-layout-flow wp-block-group-is-layout-flow\">\n<div class=\"wp-block-group alignwide has-global-padding is-layout-constrained wp-block-group-is-layout-constrained\">\n<div class=\"wp-block-group alignwide has-global-padding is-layout-constrained wp-container-core-group-is-layout-46a1b8ef wp-block-group-is-layout-constrained\" style=\"padding-top:var(--wp--preset--spacing--80);padding-bottom:var(--wp--preset--spacing--80)\">\n<div class=\"wp-block-group alignwide is-layout-grid wp-container-core-group-is-layout-c001ff0d wp-block-group-is-layout-grid\">\n<div class=\"wp-block-group is-vertical is-content-justification-stretch is-layout-flex wp-container-core-group-is-layout-353c4f5a wp-block-group-is-layout-flex\">\n<div id=\"zf_div_66uysf3bebz7QgAaUS6xlGxq6buvWWLhZTDta3-D6Og\"><\/div>\r\n            <script type=\"text\/javascript\">\r\n                (function() {\r\n                    try{var f = document.createElement(\"iframe\");\r\n            f.src = \"https:\/\/forms.zohopublic.ca\/colenationaledefranais1\/form\/ContactUs\/formperma\/66uysf3bebz7QgAaUS6xlGxq6buvWWLhZTDta3-D6Og?zf_rszfm=1\";\r\n            f.style.border=\"none\";\r\n            f.style.height=\"600px\";\r\n            f.style.width=\"100%\";\r\n            f.style.transition=\"all 0.5s ease\";\r\n            f.setAttribute(\"allow\", \"geolocation;microphone;camera\");var d = document.getElementById(\"zf_div_66uysf3bebz7QgAaUS6xlGxq6buvWWLhZTDta3-D6Og\");\r\n            d.appendChild(f);window.addEventListener(\"message\", function () {\r\n                var evntData = event.data;\r\n                if(evntData && evntData.constructor == String) {\r\n                    var zf_ifrm_data = evntData.split(\"|\");\r\n                    if(zf_ifrm_data.length == 2 || zf_ifrm_data.length == 3) {\r\n                        var zf_perma = zf_ifrm_data[0];\r\n                        var zf_ifrm_ht_nw = (parseInt(zf_ifrm_data[1], 10) + 15) + \"px\";\r\n                        var iframe = document.getElementById(\"zf_div_66uysf3bebz7QgAaUS6xlGxq6buvWWLhZTDta3-D6Og\").getElementsByTagName(\"iframe\")[0];\r\n                        if((iframe.src).indexOf(\"formperma\") > 0 && (iframe.src).indexOf(zf_perma) > 0) {\r\n                            var prevIframeHeight = iframe.style.height;\r\n                            var zf_tout = false;\r\n                            if(zf_ifrm_data.length == 3) {\r\n                                iframe.scrollIntoView();\r\n                                zf_tout = true;\r\n                            }\r\n                            if(prevIframeHeight != zf_ifrm_ht_nw) {\r\n                                if(zf_tout) {\r\n                                    setTimeout(function() {\r\n                                        iframe.style.height = zf_ifrm_ht_nw;\r\n                                    }, 500);\r\n                                } else {\r\n                                    iframe.style.height = zf_ifrm_ht_nw;\r\n                                }\r\n                            }\r\n                        }\r\n                    }\r\n                }\r\n            }, false);}catch(e){}\r\n                })();\r\n            <\/script>\n\n\n\n<p><\/p>\n<\/div>\n\n\n\n<div class=\"wp-block-group is-vertical is-layout-flex wp-container-core-group-is-layout-d6b9ab57 wp-block-group-is-layout-flex\">\n<div class=\"wp-block-group has-global-padding is-layout-constrained wp-block-group-is-layout-constrained\">\n<h2 class=\"wp-block-heading has-large-font-size wp-container-content-f52b31c8\"><strong><strong>Estamos aqu\u00ed para crecer junto a ti.&nbsp;<\/strong><\/strong><\/h2>\n\n\n\n<p>Puedes comunicarte con nosotros por correo electr\u00f3nico, tel\u00e9fono o redes sociales.<\/p>\n\n\n\n<p>Tambi\u00e9n puedes agendar una reuni\u00f3n virtual con nuestro equipo acad\u00e9mico, \n que estar\u00e1 encantado de orientarte en tu proceso de aprendizaje o admisi\u00f3n.<\/p>\n\n\n\n<p><strong>Email : <a href=\"mailto:contact@endf.ca\" target=\"_blank\" rel=\"noreferrer noopener\">contact@endf.ca<\/a><br>Tel\u00e9fono<\/strong> : <strong><a href=\"tel:14382384660\" target=\"_blank\" rel=\"noreferrer noopener\">+1 (438) 238 4660<\/a><br>Direcci\u00f3n: 1626 Boul. Saint-Laurent Bureau 100, Montr\u00e9al, QC H2X 3V7<\/strong><\/p>\n\n\n\n<div class=\"wp-block-group has-global-padding is-layout-constrained wp-container-core-group-is-layout-19e250f3 wp-block-group-is-layout-constrained\">\n<p><strong>Atenci\u00f3n al p\u00fablico:&nbsp;<\/strong><\/p>\n\n\n\n<p>Lunes a Viernes, 10 h a 18 h&nbsp;<\/p>\n<\/div>\n\n\n\n<ul class=\"wp-block-social-links aligncenter has-icon-color has-icon-background-color is-style-default is-content-justification-left is-layout-flex wp-container-core-social-links-is-layout-fc4fd283 wp-block-social-links-is-layout-flex\"><li style=\"color:#ffffff;background-color:#22397c;\" class=\"wp-social-link wp-social-link-facebook has-white-color has-enf-blue-background-color wp-block-social-link\"><a href=\"https:\/\/www.facebook.com\/endf.ca\" class=\"wp-block-social-link-anchor\"><svg width=\"24\" height=\"24\" viewbox=\"0 0 24 24\" version=\"1.1\" xmlns=\"http:\/\/www.w3.org\/2000\/svg\" aria-hidden=\"true\" focusable=\"false\"><path d=\"M12 2C6.5 2 2 6.5 2 12c0 5 3.7 9.1 8.4 9.9v-7H7.9V12h2.5V9.8c0-2.5 1.5-3.9 3.8-3.9 1.1 0 2.2.2 2.2.2v2.5h-1.3c-1.2 0-1.6.8-1.6 1.6V12h2.8l-.4 2.9h-2.3v7C18.3 21.1 22 17 22 12c0-5.5-4.5-10-10-10z\"><\/path><\/svg><span class=\"wp-block-social-link-label screen-reader-text\">Facebook<\/span><\/a><\/li>\n\n<li style=\"color:#ffffff;background-color:#22397c;\" class=\"wp-social-link wp-social-link-linkedin has-white-color has-enf-blue-background-color wp-block-social-link\"><a href=\"https:\/\/www.linkedin.com\/company\/ecolenationaledefrancais\/\" class=\"wp-block-social-link-anchor\"><svg width=\"24\" height=\"24\" viewbox=\"0 0 24 24\" version=\"1.1\" xmlns=\"http:\/\/www.w3.org\/2000\/svg\" aria-hidden=\"true\" focusable=\"false\"><path d=\"M19.7,3H4.3C3.582,3,3,3.582,3,4.3v15.4C3,20.418,3.582,21,4.3,21h15.4c0.718,0,1.3-0.582,1.3-1.3V4.3 C21,3.582,20.418,3,19.7,3z M8.339,18.338H5.667v-8.59h2.672V18.338z M7.004,8.574c-0.857,0-1.549-0.694-1.549-1.548 c0-0.855,0.691-1.548,1.549-1.548c0.854,0,1.547,0.694,1.547,1.548C8.551,7.881,7.858,8.574,7.004,8.574z M18.339,18.338h-2.669 v-4.177c0-0.996-0.017-2.278-1.387-2.278c-1.389,0-1.601,1.086-1.601,2.206v4.249h-2.667v-8.59h2.559v1.174h0.037 c0.356-0.675,1.227-1.387,2.526-1.387c2.703,0,3.203,1.779,3.203,4.092V18.338z\"><\/path><\/svg><span class=\"wp-block-social-link-label screen-reader-text\">LinkedIn<\/span><\/a><\/li>\n\n<li style=\"color:#ffffff;background-color:#22397c;\" class=\"wp-social-link wp-social-link-instagram has-white-color has-enf-blue-background-color wp-block-social-link\"><a href=\"https:\/\/instagram.com\/endf.ca\" class=\"wp-block-social-link-anchor\"><svg width=\"24\" height=\"24\" viewbox=\"0 0 24 24\" version=\"1.1\" xmlns=\"http:\/\/www.w3.org\/2000\/svg\" aria-hidden=\"true\" focusable=\"false\"><path d=\"M12,4.622c2.403,0,2.688,0.009,3.637,0.052c0.877,0.04,1.354,0.187,1.671,0.31c0.42,0.163,0.72,0.358,1.035,0.673 c0.315,0.315,0.51,0.615,0.673,1.035c0.123,0.317,0.27,0.794,0.31,1.671c0.043,0.949,0.052,1.234,0.052,3.637 s-0.009,2.688-0.052,3.637c-0.04,0.877-0.187,1.354-0.31,1.671c-0.163,0.42-0.358,0.72-0.673,1.035 c-0.315,0.315-0.615,0.51-1.035,0.673c-0.317,0.123-0.794,0.27-1.671,0.31c-0.949,0.043-1.233,0.052-3.637,0.052 s-2.688-0.009-3.637-0.052c-0.877-0.04-1.354-0.187-1.671-0.31c-0.42-0.163-0.72-0.358-1.035-0.673 c-0.315-0.315-0.51-0.615-0.673-1.035c-0.123-0.317-0.27-0.794-0.31-1.671C4.631,14.688,4.622,14.403,4.622,12 s0.009-2.688,0.052-3.637c0.04-0.877,0.187-1.354,0.31-1.671c0.163-0.42,0.358-0.72,0.673-1.035 c0.315-0.315,0.615-0.51,1.035-0.673c0.317-0.123,0.794-0.27,1.671-0.31C9.312,4.631,9.597,4.622,12,4.622 M12,3 C9.556,3,9.249,3.01,8.289,3.054C7.331,3.098,6.677,3.25,6.105,3.472C5.513,3.702,5.011,4.01,4.511,4.511 c-0.5,0.5-0.808,1.002-1.038,1.594C3.25,6.677,3.098,7.331,3.054,8.289C3.01,9.249,3,9.556,3,12c0,2.444,0.01,2.751,0.054,3.711 c0.044,0.958,0.196,1.612,0.418,2.185c0.23,0.592,0.538,1.094,1.038,1.594c0.5,0.5,1.002,0.808,1.594,1.038 c0.572,0.222,1.227,0.375,2.185,0.418C9.249,20.99,9.556,21,12,21s2.751-0.01,3.711-0.054c0.958-0.044,1.612-0.196,2.185-0.418 c0.592-0.23,1.094-0.538,1.594-1.038c0.5-0.5,0.808-1.002,1.038-1.594c0.222-0.572,0.375-1.227,0.418-2.185 C20.99,14.751,21,14.444,21,12s-0.01-2.751-0.054-3.711c-0.044-0.958-0.196-1.612-0.418-2.185c-0.23-0.592-0.538-1.094-1.038-1.594 c-0.5-0.5-1.002-0.808-1.594-1.038c-0.572-0.222-1.227-0.375-2.185-0.418C14.751,3.01,14.444,3,12,3L12,3z M12,7.378 c-2.552,0-4.622,2.069-4.622,4.622S9.448,16.622,12,16.622s4.622-2.069,4.622-4.622S14.552,7.378,12,7.378z M12,15 c-1.657,0-3-1.343-3-3s1.343-3,3-3s3,1.343,3,3S13.657,15,12,15z M16.804,6.116c-0.596,0-1.08,0.484-1.08,1.08 s0.484,1.08,1.08,1.08c0.596,0,1.08-0.484,1.08-1.08S17.401,6.116,16.804,6.116z\"><\/path><\/svg><span class=\"wp-block-social-link-label screen-reader-text\">Instagram<\/span><\/a><\/li><\/ul>\n\n\n\n<p class=\"has-small-font-size\"><strong>En \u00c9cole Nationale de Fran\u00e7ais<\/strong>te acompa\u00f1amos a dar el siguiente paso en tu integraci\u00f3n y crecimiento en Qu\u00e9bec.&nbsp;<\/p>\n\n\n\n<p class=\"has-small-font-size\">Si tienes preguntas sobre nuestros programas, horarios o procesos de inscripci\u00f3n, o simplemente deseas conocer tu nivel de franc\u00e9s, nuestro equipo estar\u00e1 encantado de orientarte con claridad y cercan\u00eda.<\/p>\n\n\n\n<p class=\"has-small-font-size\"><br>Porque en ENDF, <strong>cada conversaci\u00f3n es el primer paso hacia una nueva oportunidad.&nbsp;<\/strong><\/p>\n<\/div>\n\n\n\n<p class=\"wp-container-content-69bc4bdf\"><\/p>\n<\/div>\n<\/div>\n\n\n\n<div class=\"wp-block-cover alignfull\" style=\"min-height:100%;aspect-ratio:unset;\"><img data-recalc-dims=\"1\" height=\"1024\" width=\"1024\" decoding=\"async\" class=\"wp-block-cover__image-background size-large\" alt=\"\" src=\"https:\/\/i0.wp.com\/endf.ca\/wp-content\/themes\/enf\/assets\/images\/a07063523d8267386b44a19ad3579dc156217aa8-1024x614.jpg?fit=1024%2C1024&#038;ssl=1\" data-object-fit=\"cover\"\/><span aria-hidden=\"true\" class=\"wp-block-cover__background has-enf-blue-background-color has-background-dim\"><\/span><div class=\"wp-block-cover__inner-container has-global-padding is-layout-constrained wp-block-cover-is-layout-constrained\">\n<div class=\"wp-block-group has-global-padding is-layout-constrained wp-container-core-group-is-layout-19e250f3 wp-block-group-is-layout-constrained\">\n<figure class=\"wp-block-image aligncenter size-full is-resized\"><img data-recalc-dims=\"1\" decoding=\"async\" src=\"https:\/\/i0.wp.com\/endf.ca\/wp-content\/themes\/enf\/assets\/images\/image.png?ssl=1\" alt=\"\" style=\"aspect-ratio:1.2765257443658498;object-fit:cover;width:150px\"\/><\/figure>\n\n\n\n<p class=\"has-text-align-center has-white-color has-text-color has-link-color has-large-font-size wp-elements-ed46c717f026fef3721ae09a7edcb0f7\" style=\"line-height:1\">\u00c9COLE NATIONALE <\/p>\n\n\n\n<p class=\"has-text-align-center has-white-color has-text-color has-link-color has-large-font-size wp-elements-5b5354b2804088c10eae4c16b24a37f6\" style=\"line-height:1\">DE FRAN\u00c7AIS<\/p>\n<\/div>\n<\/div><\/div>\n<\/div>\n<\/div>\n\n\n\n<div class=\"wp-block-cover alignfull is-light\" style=\"border-radius:0px;min-height:420px;aspect-ratio:unset;\"><img data-recalc-dims=\"1\" decoding=\"async\" class=\"wp-block-cover__image-background size-full\" alt=\"\" src=\"https:\/\/i0.wp.com\/endf.ca\/wp-content\/themes\/enf\/assets\/images\/enf-banner-aqua-1.png?ssl=1\" style=\"object-position:36% 47%\" data-object-fit=\"cover\" data-object-position=\"36% 47%\"\/><span aria-hidden=\"true\" class=\"wp-block-cover__background has-background-dim-0 has-background-dim\" style=\"background-color:#c5e9d4\"><\/span><div class=\"wp-block-cover__inner-container has-global-padding is-layout-constrained wp-block-cover-is-layout-constrained\">\n<div class=\"wp-block-group alignwide has-global-padding is-content-justification-left is-layout-constrained wp-container-core-group-is-layout-5c786a90 wp-block-group-is-layout-constrained\" style=\"margin-top:var(--wp--preset--spacing--80);margin-bottom:var(--wp--preset--spacing--80)\">\n<div class=\"wp-block-group has-global-padding is-layout-constrained wp-container-core-group-is-layout-19e250f3 wp-block-group-is-layout-constrained\">\n<p class=\"has-text-align-left has-enf-blue-color has-text-color has-link-color wp-elements-2cb53998f4a155cf2f6b48fdbe782fa1\" style=\"font-size:clamp(1.092rem, 1.092rem + ((1vw - 0.2rem) * 1.013), 1.7rem);\">Da el siguiente paso hacia nuevas oportunidades en franc\u00e9s.<\/p>\n\n\n\n<div style=\"height:19px\" aria-hidden=\"true\" class=\"wp-block-spacer\"><\/div>\n\n\n\n<p class=\"has-text-align-left has-enf-blue-color has-text-color has-serif-font-family\" style=\"font-size:clamp(0.875rem, 0.875rem + ((1vw - 0.2rem) * 0.708), 1.3rem);\"><em>Inicia tu proceso de admisi\u00f3n y empieza a construir la estabilidad y la confianza que te abrir\u00e1n nuevas puertas.<\/em><\/p>\n<\/div>\n\n\n\n<div class=\"wp-block-buttons is-content-justification-left is-nowrap is-layout-flex wp-container-core-buttons-is-layout-4afcac09 wp-block-buttons-is-layout-flex\" style=\"margin-top:30px\">\n<div class=\"wp-block-button\"><a class=\"wp-block-button__link has-white-color has-enf-blue-background-color has-text-color has-background has-small-font-size has-custom-font-size wp-element-button\" href=\"\/es\/programas\/\" style=\"border-radius:5px;font-style:normal;font-weight:700\">Voir nos programmes -&gt;<\/a><\/div>\n<\/div>\n<\/div>\n<\/div><\/div>\n<\/div>\n\n\n\n<p><\/p>","protected":false},"excerpt":{"rendered":"<p>Contactez-nous \u00c0 l&rsquo;\u00c9cole Nationale de Fran\u00e7ais, nous sommes l\u00e0 pour vous accompagner dans votre apprentissage du fran\u00e7ais et dans votre \u00e9volution professionnelle. Si vous avez des questions sur nos programmes, nos horaires ou nos proc\u00e9dures d&rsquo;inscription, ou si vous souhaitez. Nous sommes l\u00e0 pour grandir avec vous.&nbsp; Vous pouvez nous joindre par courriel, t\u00e9l\u00e9phone ou [&hellip;]<\/p>","protected":false},"author":2,"featured_media":0,"parent":0,"menu_order":0,"comment_status":"closed","ping_status":"closed","template":"page-no-title","meta":{"content-type":"","advanced_seo_description":"","jetpack_seo_html_title":"","jetpack_seo_noindex":false,"footnotes":""},"class_list":["post-310","page","type-page","status-publish","hentry"],"jetpack_sharing_enabled":true,"_links":{"self":[{"href":"https:\/\/endf.ca\/es\/wp-json\/wp\/v2\/pages\/310","targetHints":{"allow":["GET"]}}],"collection":[{"href":"https:\/\/endf.ca\/es\/wp-json\/wp\/v2\/pages"}],"about":[{"href":"https:\/\/endf.ca\/es\/wp-json\/wp\/v2\/types\/page"}],"author":[{"embeddable":true,"href":"https:\/\/endf.ca\/es\/wp-json\/wp\/v2\/users\/2"}],"replies":[{"embeddable":true,"href":"https:\/\/endf.ca\/es\/wp-json\/wp\/v2\/comments?post=310"}],"version-history":[{"count":75,"href":"https:\/\/endf.ca\/es\/wp-json\/wp\/v2\/pages\/310\/revisions"}],"predecessor-version":[{"id":2246,"href":"https:\/\/endf.ca\/es\/wp-json\/wp\/v2\/pages\/310\/revisions\/2246"}],"wp:attachment":[{"href":"https:\/\/endf.ca\/es\/wp-json\/wp\/v2\/media?parent=310"}],"curies":[{"name":"wp","href":"https:\/\/api.w.org\/{rel}","templated":true}]}}