{"id":391,"date":"2025-11-10T00:14:37","date_gmt":"2025-11-10T00:14:37","guid":{"rendered":"https:\/\/endf.ca\/?page_id=391"},"modified":"2025-12-01T21:04:58","modified_gmt":"2025-12-01T21:04:58","slug":"eventos","status":"publish","type":"page","link":"https:\/\/endf.ca\/es\/eventos\/","title":{"rendered":"Experiencia ENDF"},"content":{"rendered":"<div class=\"wp-block-group alignfull is-layout-flow wp-block-group-is-layout-flow\">\n<div class=\"wp-block-cover alignfull\" style=\"min-height:430px;aspect-ratio:unset;\"><img data-recalc-dims=\"1\" height=\"278\" width=\"1024\" decoding=\"async\" class=\"wp-block-cover__image-background wp-image-184\" alt=\"\" src=\"https:\/\/i0.wp.com\/endf.ca\/wp-content\/themes\/enf\/assets\/images\/image-1-1024x278.png?resize=1024%2C278&#038;ssl=1\" data-object-fit=\"cover\"\/><span aria-hidden=\"true\" class=\"wp-block-cover__background has-enf-deep-forest-background-color has-background-dim\"><\/span><div class=\"wp-block-cover__inner-container is-layout-flow wp-block-cover-is-layout-flow\">\n<figure class=\"wp-block-image aligncenter size-full\"><img data-recalc-dims=\"1\" decoding=\"async\" src=\"https:\/\/i0.wp.com\/endf.ca\/wp-content\/themes\/enf\/assets\/images\/image-2.png?ssl=1\" alt=\"\" class=\"wp-image-186\"\/><\/figure>\n<\/div><\/div>\n\n\n\n<div class=\"wp-block-group has-global-padding is-layout-constrained wp-container-core-group-is-layout-19e250f3 wp-block-group-is-layout-constrained\">\n<div class=\"wp-block-group alignwide has-global-padding is-layout-constrained wp-container-core-group-is-layout-17080d05 wp-block-group-is-layout-constrained\" style=\"padding-top:var(--wp--preset--spacing--80);padding-bottom:var(--wp--preset--spacing--80)\">\n<div class=\"wp-block-group alignwide has-global-padding is-layout-constrained wp-block-group-is-layout-constrained\">\n<h2 class=\"wp-block-heading has-text-align-center has-serif-font-family has-xx-large-font-size\"><em><strong>Experiencias ENDF&nbsp;<\/strong><\/em><\/h2>\n\n\n\n<p class=\"has-text-align-center has-small-font-size\">En \u00c9cole Nationale de Fran\u00e7ais creemos que el aprendizaje tambi\u00e9n sucede fuera del aula.<br>&nbsp;<br>Por eso organizamos actividades, talleres y encuentros que unen a las personas, fortalecen la confianza y te permiten descubrir la cultura quebequense desde dentro.&nbsp;<br>&nbsp;<br>Cada evento es una oportunidad para vivir el franc\u00e9s con naturalidad, conectar con otros y sentirte parte de una comunidad que avanza contigo.<\/p>\n\n\n\n<div style=\"height:1rem\" aria-hidden=\"true\" class=\"wp-block-spacer\"><\/div>\n<\/div>\n\n\n\n<div class=\"wp-block-group alignwide is-layout-grid wp-container-core-group-is-layout-6d9aace0 wp-block-group-is-layout-grid\">\n<div class=\"wp-block-group has-enf-blue-color has-enf-green-light-background-color has-text-color has-background has-link-color wp-elements-3813806ddccbb676a77ac0a18a408f06 wp-container-content-b982d074 is-vertical is-content-justification-stretch is-layout-flex wp-container-core-group-is-layout-69c550ab wp-block-group-is-layout-flex\" style=\"border-top-left-radius:4px;border-top-right-radius:4px;border-bottom-left-radius:4px;border-bottom-right-radius:4px\">\n<div class=\"wp-block-group has-global-padding is-layout-constrained wp-block-group-is-layout-constrained\">\n<figure class=\"wp-block-image alignfull size-large is-style-rounded wp-container-content-9cfa9a5a is-style-rounded--1\"><img data-recalc-dims=\"1\" loading=\"lazy\" decoding=\"async\" width=\"1024\" height=\"683\" data-attachment-id=\"921\" data-permalink=\"https:\/\/endf.ca\/es\/eventos\/2025-009-september-24_session-marialis_r6-5-copy\/\" data-orig-file=\"https:\/\/i0.wp.com\/endf.ca\/wp-content\/uploads\/2025\/11\/2025-009-September-24_SESSION-Marialis_R6-5-copy-scaled.jpg?fit=2560%2C1707&amp;ssl=1\" data-orig-size=\"2560,1707\" data-comments-opened=\"1\" data-image-meta=\"{&quot;aperture&quot;:&quot;2.8&quot;,&quot;credit&quot;:&quot;LUIS MANRIQUE&quot;,&quot;camera&quot;:&quot;Canon EOS R6m2&quot;,&quot;caption&quot;:&quot;&quot;,&quot;created_timestamp&quot;:&quot;1758726074&quot;,&quot;copyright&quot;:&quot;Luis Manrique Photography COPYRIGHT [www.luismanrique.ca]&quot;,&quot;focal_length&quot;:&quot;70&quot;,&quot;iso&quot;:&quot;1600&quot;,&quot;shutter_speed&quot;:&quot;0.002&quot;,&quot;title&quot;:&quot;&quot;,&quot;orientation&quot;:&quot;1&quot;}\" data-image-title=\"2025 009 September 24_SESSION Marialis_R6 (5) copy\" data-image-description=\"\" data-image-caption=\"\" data-large-file=\"https:\/\/i0.wp.com\/endf.ca\/wp-content\/uploads\/2025\/11\/2025-009-September-24_SESSION-Marialis_R6-5-copy-scaled.jpg?fit=1024%2C683&amp;ssl=1\" src=\"https:\/\/i0.wp.com\/endf.ca\/wp-content\/uploads\/2025\/11\/2025-009-September-24_SESSION-Marialis_R6-5-copy.jpg?resize=1024%2C683&#038;ssl=1\" alt=\"\" class=\"wp-image-921\" srcset=\"https:\/\/i0.wp.com\/endf.ca\/wp-content\/uploads\/2025\/11\/2025-009-September-24_SESSION-Marialis_R6-5-copy-scaled.jpg?resize=1024%2C683&amp;ssl=1 1024w, https:\/\/i0.wp.com\/endf.ca\/wp-content\/uploads\/2025\/11\/2025-009-September-24_SESSION-Marialis_R6-5-copy-scaled.jpg?resize=300%2C200&amp;ssl=1 300w, https:\/\/i0.wp.com\/endf.ca\/wp-content\/uploads\/2025\/11\/2025-009-September-24_SESSION-Marialis_R6-5-copy-scaled.jpg?resize=768%2C512&amp;ssl=1 768w, https:\/\/i0.wp.com\/endf.ca\/wp-content\/uploads\/2025\/11\/2025-009-September-24_SESSION-Marialis_R6-5-copy-scaled.jpg?resize=1536%2C1024&amp;ssl=1 1536w, https:\/\/i0.wp.com\/endf.ca\/wp-content\/uploads\/2025\/11\/2025-009-September-24_SESSION-Marialis_R6-5-copy-scaled.jpg?resize=2048%2C1365&amp;ssl=1 2048w, https:\/\/i0.wp.com\/endf.ca\/wp-content\/uploads\/2025\/11\/2025-009-September-24_SESSION-Marialis_R6-5-copy-scaled.jpg?resize=18%2C12&amp;ssl=1 18w, https:\/\/i0.wp.com\/endf.ca\/wp-content\/uploads\/2025\/11\/2025-009-September-24_SESSION-Marialis_R6-5-copy-scaled.jpg?resize=600%2C400&amp;ssl=1 600w\" sizes=\"auto, (max-width: 1000px) 100vw, 1000px\" \/><\/figure>\n<\/div>\n\n\n\n<div class=\"wp-block-group has-global-padding is-layout-constrained wp-container-core-group-is-layout-86dba5ee wp-block-group-is-layout-constrained\" style=\"border-bottom-width:1px;padding-top:var(--wp--preset--spacing--10);padding-right:var(--wp--preset--spacing--10);padding-bottom:var(--wp--preset--spacing--10);padding-left:var(--wp--preset--spacing--10)\">\n<h2 class=\"wp-block-heading has-large-font-size\"><strong>09  de diciembre 2025<\/strong><\/h2>\n<\/div>\n\n\n\n<div class=\"wp-block-group wp-container-content-9cfa9a5a has-global-padding is-layout-constrained wp-container-core-group-is-layout-86dba5ee wp-block-group-is-layout-constrained\" style=\"padding-top:var(--wp--preset--spacing--10);padding-right:var(--wp--preset--spacing--10);padding-bottom:var(--wp--preset--spacing--10);padding-left:var(--wp--preset--spacing--10)\">\n<h2 class=\"wp-block-heading has-serif-font-family has-large-font-size\"><em><strong>Jornada Puertas Abiertas<\/strong><\/em><\/h2>\n\n\n\n<p class=\"has-small-font-size\">Visita nuestras instalaciones, conoce a nuestros profesores y \u00fanete a una clase demostrativa gratuita. De 6:00 p.\u00a0m. a 8:00 p.\u00a0m., en el centro de  Montr\u00e9al.<\/p>\n<\/div>\n<\/div>\n\n\n\n<div class=\"wp-block-group has-enf-blue-color has-enf-green-light-background-color has-text-color has-background has-link-color wp-elements-e16613c2b5c0c714efc2ecc3935689d4 wp-container-content-631a1c04 is-vertical is-content-justification-stretch is-layout-flex wp-container-core-group-is-layout-69c550ab wp-block-group-is-layout-flex\" style=\"border-top-left-radius:4px;border-top-right-radius:4px;border-bottom-left-radius:4px;border-bottom-right-radius:4px\">\n<div class=\"wp-block-group has-global-padding is-layout-constrained wp-block-group-is-layout-constrained\">\n<figure class=\"wp-block-image alignfull size-large is-style-rounded wp-container-content-9cfa9a5a is-style-rounded--2\"><img data-recalc-dims=\"1\" loading=\"lazy\" decoding=\"async\" width=\"1024\" height=\"683\" data-attachment-id=\"828\" data-permalink=\"https:\/\/endf.ca\/es\/testimonios\/2025-009-september-24_session-marialis_r6-121-copy\/\" data-orig-file=\"https:\/\/i0.wp.com\/endf.ca\/wp-content\/uploads\/2025\/11\/2025-009-September-24_SESSION-Marialis_R6-121-copy-scaled.jpg?fit=2560%2C1706&amp;ssl=1\" data-orig-size=\"2560,1706\" data-comments-opened=\"1\" data-image-meta=\"{&quot;aperture&quot;:&quot;2.8&quot;,&quot;credit&quot;:&quot;LUIS MANRIQUE&quot;,&quot;camera&quot;:&quot;Canon EOS R6m2&quot;,&quot;caption&quot;:&quot;&quot;,&quot;created_timestamp&quot;:&quot;1758728483&quot;,&quot;copyright&quot;:&quot;Luis Manrique Photography COPYRIGHT [www.luismanrique.ca]&quot;,&quot;focal_length&quot;:&quot;45&quot;,&quot;iso&quot;:&quot;1600&quot;,&quot;shutter_speed&quot;:&quot;0.002&quot;,&quot;title&quot;:&quot;&quot;,&quot;orientation&quot;:&quot;1&quot;}\" data-image-title=\"2025 009 September 24_SESSION Marialis_R6 (121) copy\" data-image-description=\"\" data-image-caption=\"\" data-large-file=\"https:\/\/i0.wp.com\/endf.ca\/wp-content\/uploads\/2025\/11\/2025-009-September-24_SESSION-Marialis_R6-121-copy-scaled.jpg?fit=1024%2C683&amp;ssl=1\" src=\"https:\/\/i0.wp.com\/endf.ca\/wp-content\/uploads\/2025\/11\/2025-009-September-24_SESSION-Marialis_R6-121-copy.jpg?resize=1024%2C683&#038;ssl=1\" alt=\"\" class=\"wp-image-828\" srcset=\"https:\/\/i0.wp.com\/endf.ca\/wp-content\/uploads\/2025\/11\/2025-009-September-24_SESSION-Marialis_R6-121-copy-scaled.jpg?resize=1024%2C683&amp;ssl=1 1024w, https:\/\/i0.wp.com\/endf.ca\/wp-content\/uploads\/2025\/11\/2025-009-September-24_SESSION-Marialis_R6-121-copy-scaled.jpg?resize=300%2C200&amp;ssl=1 300w, https:\/\/i0.wp.com\/endf.ca\/wp-content\/uploads\/2025\/11\/2025-009-September-24_SESSION-Marialis_R6-121-copy-scaled.jpg?resize=768%2C512&amp;ssl=1 768w, https:\/\/i0.wp.com\/endf.ca\/wp-content\/uploads\/2025\/11\/2025-009-September-24_SESSION-Marialis_R6-121-copy-scaled.jpg?resize=1536%2C1024&amp;ssl=1 1536w, https:\/\/i0.wp.com\/endf.ca\/wp-content\/uploads\/2025\/11\/2025-009-September-24_SESSION-Marialis_R6-121-copy-scaled.jpg?resize=2048%2C1365&amp;ssl=1 2048w, https:\/\/i0.wp.com\/endf.ca\/wp-content\/uploads\/2025\/11\/2025-009-September-24_SESSION-Marialis_R6-121-copy-scaled.jpg?resize=18%2C12&amp;ssl=1 18w, https:\/\/i0.wp.com\/endf.ca\/wp-content\/uploads\/2025\/11\/2025-009-September-24_SESSION-Marialis_R6-121-copy-scaled.jpg?resize=600%2C400&amp;ssl=1 600w\" sizes=\"auto, (max-width: 1000px) 100vw, 1000px\" \/><\/figure>\n<\/div>\n\n\n\n<div class=\"wp-block-group has-global-padding is-layout-constrained wp-container-core-group-is-layout-86dba5ee wp-block-group-is-layout-constrained\" style=\"border-bottom-width:1px;padding-top:var(--wp--preset--spacing--10);padding-right:var(--wp--preset--spacing--10);padding-bottom:var(--wp--preset--spacing--10);padding-left:var(--wp--preset--spacing--10)\">\n<h2 class=\"wp-block-heading has-large-font-size\"><strong>28 de febrero 2026<\/strong><\/h2>\n<\/div>\n\n\n\n<div class=\"wp-block-group wp-container-content-9cfa9a5a has-global-padding is-layout-constrained wp-container-core-group-is-layout-86dba5ee wp-block-group-is-layout-constrained\" style=\"padding-top:var(--wp--preset--spacing--10);padding-right:var(--wp--preset--spacing--10);padding-bottom:var(--wp--preset--spacing--10);padding-left:var(--wp--preset--spacing--10)\">\n<h2 class=\"wp-block-heading has-serif-font-family has-large-font-size\"><em><strong>Taller de preparaci\u00f3n TEF<\/strong><\/em><\/h2>\n\n\n\n<p class=\"has-small-font-size\">Una sesi\u00f3n intensiva de estrategia con consejos para ex\u00e1menes oficiales. Limitada a 20 participantes.<\/p>\n<\/div>\n<\/div>\n\n\n\n<div class=\"wp-block-group has-enf-blue-color has-enf-green-light-background-color has-text-color has-background has-link-color wp-elements-14b634cd32ef3c9d7da76cf9b6d96f4a wp-container-content-7d42ac1e is-vertical is-content-justification-stretch is-layout-flex wp-container-core-group-is-layout-69c550ab wp-block-group-is-layout-flex\" style=\"border-top-left-radius:4px;border-top-right-radius:4px;border-bottom-left-radius:4px;border-bottom-right-radius:4px\">\n<div class=\"wp-block-group has-global-padding is-layout-constrained wp-block-group-is-layout-constrained\">\n<figure class=\"wp-block-image alignfull size-large is-style-rounded wp-container-content-9cfa9a5a is-style-rounded--3\"><img data-recalc-dims=\"1\" loading=\"lazy\" decoding=\"async\" width=\"1024\" height=\"683\" data-attachment-id=\"923\" data-permalink=\"https:\/\/endf.ca\/es\/eventos\/pexels-helenalopes-1015568\/\" data-orig-file=\"https:\/\/i0.wp.com\/endf.ca\/wp-content\/uploads\/2025\/11\/pexels-helenalopes-1015568-scaled.jpg?fit=2560%2C1707&amp;ssl=1\" data-orig-size=\"2560,1707\" data-comments-opened=\"1\" data-image-meta=\"{&quot;aperture&quot;:&quot;0&quot;,&quot;credit&quot;:&quot;&quot;,&quot;camera&quot;:&quot;&quot;,&quot;caption&quot;:&quot;&quot;,&quot;created_timestamp&quot;:&quot;0&quot;,&quot;copyright&quot;:&quot;&quot;,&quot;focal_length&quot;:&quot;0&quot;,&quot;iso&quot;:&quot;0&quot;,&quot;shutter_speed&quot;:&quot;0&quot;,&quot;title&quot;:&quot;&quot;,&quot;orientation&quot;:&quot;0&quot;}\" data-image-title=\"pexels-helenalopes-1015568\" data-image-description=\"\" data-image-caption=\"\" data-large-file=\"https:\/\/i0.wp.com\/endf.ca\/wp-content\/uploads\/2025\/11\/pexels-helenalopes-1015568-scaled.jpg?fit=1024%2C683&amp;ssl=1\" src=\"https:\/\/i0.wp.com\/endf.ca\/wp-content\/uploads\/2025\/11\/pexels-helenalopes-1015568.jpg?resize=1024%2C683&#038;ssl=1\" alt=\"\" class=\"wp-image-923\" srcset=\"https:\/\/i0.wp.com\/endf.ca\/wp-content\/uploads\/2025\/11\/pexels-helenalopes-1015568-scaled.jpg?resize=1024%2C683&amp;ssl=1 1024w, https:\/\/i0.wp.com\/endf.ca\/wp-content\/uploads\/2025\/11\/pexels-helenalopes-1015568-scaled.jpg?resize=300%2C200&amp;ssl=1 300w, https:\/\/i0.wp.com\/endf.ca\/wp-content\/uploads\/2025\/11\/pexels-helenalopes-1015568-scaled.jpg?resize=768%2C512&amp;ssl=1 768w, https:\/\/i0.wp.com\/endf.ca\/wp-content\/uploads\/2025\/11\/pexels-helenalopes-1015568-scaled.jpg?resize=1536%2C1024&amp;ssl=1 1536w, https:\/\/i0.wp.com\/endf.ca\/wp-content\/uploads\/2025\/11\/pexels-helenalopes-1015568-scaled.jpg?resize=2048%2C1365&amp;ssl=1 2048w, https:\/\/i0.wp.com\/endf.ca\/wp-content\/uploads\/2025\/11\/pexels-helenalopes-1015568-scaled.jpg?resize=18%2C12&amp;ssl=1 18w, https:\/\/i0.wp.com\/endf.ca\/wp-content\/uploads\/2025\/11\/pexels-helenalopes-1015568-scaled.jpg?resize=600%2C400&amp;ssl=1 600w\" sizes=\"auto, (max-width: 1000px) 100vw, 1000px\" \/><\/figure>\n<\/div>\n\n\n\n<div class=\"wp-block-group has-global-padding is-layout-constrained wp-container-core-group-is-layout-86dba5ee wp-block-group-is-layout-constrained\" style=\"border-bottom-width:1px;padding-top:var(--wp--preset--spacing--10);padding-right:var(--wp--preset--spacing--10);padding-bottom:var(--wp--preset--spacing--10);padding-left:var(--wp--preset--spacing--10)\">\n<h2 class=\"wp-block-heading has-large-font-size\"><strong>15 de marzo 2026<\/strong><\/h2>\n<\/div>\n\n\n\n<div class=\"wp-block-group wp-container-content-9cfa9a5a has-global-padding is-layout-constrained wp-container-core-group-is-layout-86dba5ee wp-block-group-is-layout-constrained\" style=\"padding-top:var(--wp--preset--spacing--10);padding-right:var(--wp--preset--spacing--10);padding-bottom:var(--wp--preset--spacing--10);padding-left:var(--wp--preset--spacing--10)\">\n<h2 class=\"wp-block-heading has-serif-font-family has-large-font-size\"><em><strong>Qu\u00e9bec Cultural Night at Pointe-\u00e0-Calli\u00e8re<\/strong><\/em><\/h2>\n\n\n\n<p class=\"has-small-font-size\">Recorrido guiado y r\u00e9sautage con antiguos alumnos y profesionales queb\u00e9cois. Actividad gratuita para estudiantes activos.<\/p>\n<\/div>\n<\/div>\n<\/div>\n<\/div>\n\n\n\n<div class=\"wp-block-group alignfull is-layout-flow wp-block-group-is-layout-flow\">\n<div class=\"wp-block-group has-enf-turquoise-background-color has-background has-global-padding is-layout-constrained wp-block-group-is-layout-constrained\" style=\"padding-top:var(--wp--preset--spacing--80);padding-bottom:var(--wp--preset--spacing--80)\">\n<div class=\"wp-block-columns alignwide are-vertically-aligned-center is-layout-flex wp-container-core-columns-is-layout-28f84493 wp-block-columns-is-layout-flex\">\n<div class=\"wp-block-column is-vertically-aligned-center is-layout-flow wp-block-column-is-layout-flow\">\n<div class=\"wp-block-group is-vertical is-layout-flex wp-container-core-group-is-layout-70a3d942 wp-block-group-is-layout-flex\" style=\"padding-top:0;padding-bottom:0\">\n<h2 class=\"wp-block-heading has-white-color has-text-color has-link-color has-serif-font-family has-xx-large-font-size wp-elements-265c324e71092af0c9f20cae295879b5\"><em>Suscr\u00edbete a nuestro<\/em><\/h2>\n\n\n\n<h2 class=\"wp-block-heading has-white-color has-text-color has-link-color wp-elements-0b9154fa4629d95f2c8c1e1fda9e9242\" style=\"font-size:clamp(2.2rem, 2.2rem + ((1vw - 0.2rem) * 3), 4rem);\">Bulet\u00edn<\/h2>\n<\/div>\n<\/div>\n\n\n\n<div class=\"wp-block-column is-vertically-aligned-center is-layout-flow wp-block-column-is-layout-flow\">\n<div class=\"wp-block-group has-global-padding is-layout-constrained wp-block-group-is-layout-constrained\">\n<div class=\"wp-block-group has-global-padding is-layout-constrained wp-container-core-group-is-layout-19e250f3 wp-block-group-is-layout-constrained\">\n<h2 class=\"wp-block-heading has-large-font-size\"><strong>No es una simple infolettre.<\/strong><\/h2>\n\n\n\n<h2 class=\"wp-block-heading has-large-font-size\"><strong>Es una experiencia.&nbsp;<\/strong><\/h2>\n<\/div>\n\n\n\n<p class=\"has-enf-blue-color has-text-color has-link-color has-small-font-size wp-elements-2c747e8ec529c2a193492f5d5811b6f0\">Recibe recursos creados con prop\u00f3sito: Gu\u00edas que abren tu camino y herramientas que hacen m\u00e1s f\u00e1cil tu vida en Qu\u00e9bec.&nbsp;<\/p>\n\n\n\n<p class=\"has-enf-blue-color has-text-color has-link-color has-small-font-size wp-elements-c982f5cf0ef4cf5f993e8ece8664b67f\">Todo pensado para que el franc\u00e9s se convierta en tu poder.<\/p>\n\n\n<div class=\"wp-block-enf-dialog\" data-wp-interactive=\"enf\/dialog\" data-wp-context=\"{&quot;id&quot;:&quot;0b7468ad-674a-413b-bf1a-0aea2498cf30&quot;}\" data-wp-key=\"0b7468ad-674a-413b-bf1a-0aea2498cf30\">\n<button class=\"wp-block-enf-dialog-trigger wp-block-enf-dialog-trigger\" id=\"dialog-trigger-4\" aria-haspopup=\"dialog\" aria-controls=\"0b7468ad-674a-413b-bf1a-0aea2498cf30\" data-wp-bind--aria-expanded=\"state.isOpen\" data-wp-interactive=\"enf\/dialog\" data-wp-on--click=\"actions.onClickOpen\" type=\"button\">\n\n<div class=\"wp-block-buttons is-layout-flex wp-block-buttons-is-layout-flex\">\n<div class=\"wp-block-button\"><a class=\"wp-block-button__link has-white-color has-enf-blue-background-color has-text-color has-background has-link-color has-small-font-size has-custom-font-size wp-element-button\">Suscribirme \u2192&nbsp;<\/a><\/div>\n<\/div>\n\n<\/button>\n\n<dialog style=\"--wp--style--dialog-animation-duration: 500ms;\" class=\"is-size-medium is-animation-fade wp-block-enf-dialog-element has-background has-enf-green-light-background-color is-layout-flow wp-block-enf-dialog-element-is-layout-flow\" id=\"0b7468ad-674a-413b-bf1a-0aea2498cf30\" role=\"dialog\" aria-modal=\"true\" aria-labelledby=\"dialog-heading-5\" data-wp-interactive=\"enf\/dialog\" data-wp-init=\"callbacks.onInit\" data-wp-class--is-closing=\"state.isClosing\" data-wp-on--click=\"callbacks.onBackdropClick\" data-wp-on-document--keydown=\"callbacks.onESCKey\" data-wp-watch--on-dialog-open=\"callbacks.onOpen\" data-wp-watch--on-dialog-close=\"callbacks.onClose\"><button class=\"wp-block-enf-dialog-element__close-button\" data-wp-on--click=\"actions.onClickClose\" type=\"button\" aria-label=\"Close dialog\"><svg aria-hidden=\"true\" viewbox=\"0 0 24 24\" width=\"20\" height=\"20\" focusable=\"false\"><path fill=\"currentColor\" d=\"M12 1.5a10.5 10.5 0 1 1 0 21 10.5 10.5 0 0 1 0-21zm0 1.5a9 9 0 1 0 0 18 9 9 0 0 0 0-18zm3.53 4.97.97.97L13.47 12l3.03 3.06-.97.97L12.5 12.97 9.47 16l-.97-.97L11.53 12 8.5 8.97l.97-.97 3.03 3.03 3.03-3.06z\"\/><\/svg><\/button><div class=\"wp-block-enf-dialog-element__inner\"><h2 id=\"dialog-heading-5\" class=\"screen-reader-text\">\/h<\/h2>\n\n<div class=\"wp-block-group has-global-padding is-layout-constrained wp-block-group-is-layout-constrained\">\n<iframe loading=\"lazy\" width=\"600\" height=\"800\" src=\"https:\/\/154918a4.sibforms.com\/serve\/MUIFADlAA3ixDhPMUiqhqNZrhGYXXwaw2ArlttodUhbi7sP7x-TdBlCOIdsMBpoUso9-IPvmSS1jL5vvDkR0-b2w_swAJ2TzKJz0NCD_S2u8Mzol47NHBoa8F6PAG-Vc5-POG8F90hTRSKxLpy_cIUudGF2cB74HlqkqjuE-IXW3_jmg4tvMxr0B5DHUSZEFv55a4ZasxtaIIBod7Q==\" frameborder=\"0\" scrolling=\"auto\" allowfullscreen style=\"display: block;margin:  auto;width: 100%;max-width: 100%;\"><\/iframe>\n\n\n\n\n<\/div>\n\n<\/div><\/dialog>\n<\/div><\/div>\n<\/div>\n<\/div>\n<\/div>\n<\/div>\n<\/div>\n<\/div>","protected":false},"excerpt":{"rendered":"<p>Exp\u00e9riences ENDF&nbsp; \u00c0 l\u2019\u00c9cole Nationale de Fran\u00e7ais, nous croyons que l\u2019apprentissage se poursuit aussi hors de la classe.&nbsp;C\u2019est pourquoi nous organisons des activit\u00e9s, des ateliers et des rencontres qui rassemblent les gens, renforcent la confiance et vous permettent de d\u00e9couvrir la culture qu\u00e9b\u00e9coise de l\u2019int\u00e9rieur.&nbsp;&nbsp;Chaque \u00e9v\u00e9nement est une occasion de vivre le fran\u00e7ais avec naturel, [&hellip;]<\/p>","protected":false},"author":2,"featured_media":0,"parent":0,"menu_order":0,"comment_status":"closed","ping_status":"closed","template":"page-no-title","meta":{"content-type":"","advanced_seo_description":"","jetpack_seo_html_title":"","jetpack_seo_noindex":false,"footnotes":""},"class_list":["post-391","page","type-page","status-publish","hentry"],"jetpack_sharing_enabled":true,"_links":{"self":[{"href":"https:\/\/endf.ca\/es\/wp-json\/wp\/v2\/pages\/391","targetHints":{"allow":["GET"]}}],"collection":[{"href":"https:\/\/endf.ca\/es\/wp-json\/wp\/v2\/pages"}],"about":[{"href":"https:\/\/endf.ca\/es\/wp-json\/wp\/v2\/types\/page"}],"author":[{"embeddable":true,"href":"https:\/\/endf.ca\/es\/wp-json\/wp\/v2\/users\/2"}],"replies":[{"embeddable":true,"href":"https:\/\/endf.ca\/es\/wp-json\/wp\/v2\/comments?post=391"}],"version-history":[{"count":21,"href":"https:\/\/endf.ca\/es\/wp-json\/wp\/v2\/pages\/391\/revisions"}],"predecessor-version":[{"id":1539,"href":"https:\/\/endf.ca\/es\/wp-json\/wp\/v2\/pages\/391\/revisions\/1539"}],"wp:attachment":[{"href":"https:\/\/endf.ca\/es\/wp-json\/wp\/v2\/media?parent=391"}],"curies":[{"name":"wp","href":"https:\/\/api.w.org\/{rel}","templated":true}]}}