{"id":1736,"date":"2025-12-09T21:16:57","date_gmt":"2025-12-09T21:16:57","guid":{"rendered":"https:\/\/endf.ca\/?post_type=product&#038;p=1736"},"modified":"2025-12-09T22:10:30","modified_gmt":"2025-12-09T22:10:30","slug":"frais-administratifs-annuels-dinscription","status":"publish","type":"product","link":"https:\/\/endf.ca\/es\/product\/frais-administratifs-annuels-dinscription\/","title":{"rendered":"Gasto administrativo anual de inscripci\u00f3n"},"content":{"rendered":"<p>La inscripci\u00f3n anual permite activar y mantener tu registro como estudiante en la \u00c9cole Nationale de Fran\u00e7ais, as\u00ed como tu acceso a nuestras plataformas de aprendizaje y a los servicios que acompa\u00f1an tu formaci\u00f3n.<\/p>\n<p>Se paga una sola vez al a\u00f1o y tiene una validez de 12 meses a partir de la fecha de pago. Si ya realizaste este pago en el a\u00f1o en curso, no tendr\u00e1s que volver a pagarlo.<\/p>\n<p>Al completar esta inscripci\u00f3n, podr\u00e1s registrarte en nuestras diferentes sesiones de cursos durante el a\u00f1o y disfrutar de tarifas preferenciales en actividades pedag\u00f3gicas y culturales (talleres de conversaci\u00f3n, eventos ling\u00fc\u00edsticos, etc.).<\/p>\n<p>Este pago se realiza en l\u00ednea al momento de tu primera inscripci\u00f3n del a\u00f1o y no es reembolsable.<\/p>\n<p>Gracias por ser parte de nuestra comunidad de aprendizaje.<br \/>\n\u00a1Nos alegra acompa\u00f1arte en tu camino hacia el franc\u00e9s!<\/p>","protected":false},"excerpt":{"rendered":"<p>Gasto administrativo de inscripci\u00f3n<\/p>","protected":false},"featured_media":1739,"comment_status":"open","ping_status":"closed","template":"","meta":{"content-type":"","advanced_seo_description":"","jetpack_seo_html_title":"","jetpack_seo_noindex":false},"product_brand":[],"product_cat":[47],"product_tag":[],"class_list":{"0":"post-1736","1":"product","2":"type-product","3":"status-publish","4":"has-post-thumbnail","6":"product_cat-inscription","8":"first","9":"instock","10":"virtual","11":"purchasable","12":"product-type-simple"},"jetpack_sharing_enabled":true,"_links":{"self":[{"href":"https:\/\/endf.ca\/es\/wp-json\/wp\/v2\/product\/1736","targetHints":{"allow":["GET"]}}],"collection":[{"href":"https:\/\/endf.ca\/es\/wp-json\/wp\/v2\/product"}],"about":[{"href":"https:\/\/endf.ca\/es\/wp-json\/wp\/v2\/types\/product"}],"replies":[{"embeddable":true,"href":"https:\/\/endf.ca\/es\/wp-json\/wp\/v2\/comments?post=1736"}],"wp:featuredmedia":[{"embeddable":true,"href":"https:\/\/endf.ca\/es\/wp-json\/wp\/v2\/media\/1739"}],"wp:attachment":[{"href":"https:\/\/endf.ca\/es\/wp-json\/wp\/v2\/media?parent=1736"}],"wp:term":[{"taxonomy":"product_brand","embeddable":true,"href":"https:\/\/endf.ca\/es\/wp-json\/wp\/v2\/product_brand?post=1736"},{"taxonomy":"product_cat","embeddable":true,"href":"https:\/\/endf.ca\/es\/wp-json\/wp\/v2\/product_cat?post=1736"},{"taxonomy":"product_tag","embeddable":true,"href":"https:\/\/endf.ca\/es\/wp-json\/wp\/v2\/product_tag?post=1736"}],"curies":[{"name":"wp","href":"https:\/\/api.w.org\/{rel}","templated":true}]}}