{"id":1807,"date":"2026-02-06T22:48:48","date_gmt":"2026-02-06T22:48:48","guid":{"rendered":"https:\/\/endf.ca\/?post_type=product&#038;p=1807"},"modified":"2026-02-06T23:06:54","modified_gmt":"2026-02-06T23:06:54","slug":"programme-pour-les-entreprises-fondation","status":"publish","type":"product","link":"https:\/\/endf.ca\/es\/product\/programme-pour-les-entreprises-fondation\/","title":{"rendered":"PROGRAMME POUR LES ENTREPRISES FONDATION"},"content":{"rendered":"<p><span class=\"TextRun Highlight SCXW15475445 BCX0\" lang=\"ES-ES\" xml:lang=\"ES-ES\" data-contrast=\"auto\"><span class=\"NormalTextRun SCXW15475445 BCX0\">Le <\/span><span class=\"NormalTextRun SpellingErrorV2Themed SCXW15475445 BCX0\">cours<\/span> <span class=\"NormalTextRun SpellingErrorV2Themed SCXW15475445 BCX0\">ne<\/span> <span class=\"NormalTextRun SpellingErrorV2Themed SCXW15475445 BCX0\">peut<\/span> <span class=\"NormalTextRun SpellingErrorV2Themed SCXW15475445 BCX0\">pas<\/span> <span class=\"NormalTextRun SpellingErrorV2Themed SCXW15475445 BCX0\">commencer<\/span><span class=\"NormalTextRun SCXW15475445 BCX0\"> la <\/span><span class=\"NormalTextRun SpellingErrorV2Themed SCXW15475445 BCX0\">semaine<\/span> <span class=\"NormalTextRun SpellingErrorV2Themed SCXW15475445 BCX0\">m\u00eame<\/span><span class=\"NormalTextRun SCXW15475445 BCX0\"> de <\/span><span class=\"NormalTextRun SpellingErrorV2Themed SCXW15475445 BCX0\">votre<\/span> <span class=\"NormalTextRun SpellingErrorV2Themed SCXW15475445 BCX0\">inscription<\/span><span class=\"NormalTextRun SCXW15475445 BCX0\">. La date <\/span><span class=\"NormalTextRun SpellingErrorV2Themed SCXW15475445 BCX0\">d\u00e9pendra<\/span><span class=\"NormalTextRun SCXW15475445 BCX0\"> de la <\/span><span class=\"NormalTextRun SpellingErrorV2Themed SCXW15475445 BCX0\">disponibilit\u00e9<\/span><span class=\"NormalTextRun SCXW15475445 BCX0\"> des <\/span><span class=\"NormalTextRun SpellingErrorV2Themed SCXW15475445 BCX0\">professeurs<\/span><span class=\"NormalTextRun SCXW15475445 BCX0\">. <\/span><span class=\"NormalTextRun SpellingErrorV2Themed SCXW15475445 BCX0\">Pour<\/span><span class=\"NormalTextRun SCXW15475445 BCX0\"> les demandes urgentes, <\/span><span class=\"NormalTextRun SpellingErrorV2Themed SCXW15475445 BCX0\">veuillez<\/span> <span class=\"NormalTextRun SpellingErrorV2Themed SCXW15475445 BCX0\">nous<\/span> <span class=\"NormalTextRun SpellingErrorV2Themed SCXW15475445 BCX0\">contacter<\/span><span class=\"NormalTextRun SCXW15475445 BCX0\"> \u00e0 <\/span><span class=\"NormalTextRun SpellingErrorV2Themed SCXW15475445 BCX0\">l&rsquo;adresse<\/span> <\/span><a class=\"Hyperlink SCXW15475445 BCX0\" href=\"mailto:contact@endf.ca\" target=\"_blank\" rel=\"noreferrer noopener\"><span class=\"TextRun Highlight Underlined SCXW15475445 BCX0\" lang=\"ES-ES\" xml:lang=\"ES-ES\" data-contrast=\"none\"><span class=\"NormalTextRun SCXW15475445 BCX0\" data-ccp-charstyle=\"Hyperlink\">contact@endf.ca<\/span><\/span><\/a><span class=\"TextRun Highlight SCXW15475445 BCX0\" lang=\"ES-ES\" xml:lang=\"ES-ES\" data-contrast=\"auto\"><span class=\"NormalTextRun SCXW15475445 BCX0\">. <\/span><span class=\"NormalTextRun SpellingErrorV2Themed SCXW15475445 BCX0\">Notre<\/span> <span class=\"NormalTextRun SpellingErrorV2Themed SCXW15475445 BCX0\">\u00e9quipe<\/span> <span class=\"NormalTextRun SpellingErrorV2Themed SCXW15475445 BCX0\">p\u00e9dagogique<\/span> <span class=\"NormalTextRun SpellingErrorV2Themed SCXW15475445 BCX0\">vous<\/span> <span class=\"NormalTextRun SpellingErrorV2Themed SCXW15475445 BCX0\">contactera<\/span> <span class=\"NormalTextRun SpellingErrorV2Themed SCXW15475445 BCX0\">pour<\/span> <span class=\"NormalTextRun SpellingErrorV2Themed SCXW15475445 BCX0\">d\u00e9finir<\/span><span class=\"NormalTextRun SCXW15475445 BCX0\"> les <\/span><span class=\"NormalTextRun SpellingErrorV2Themed SCXW15475445 BCX0\">objectifs<\/span><span class=\"NormalTextRun SCXW15475445 BCX0\">, les <\/span><span class=\"NormalTextRun SpellingErrorV2Themed SCXW15475445 BCX0\">horaires<\/span><span class=\"NormalTextRun SCXW15475445 BCX0\"> et le <\/span><span class=\"NormalTextRun SpellingErrorV2Themed SCXW15475445 BCX0\">mat\u00e9riel<\/span><span class=\"NormalTextRun SCXW15475445 BCX0\">.<\/span><\/span><span class=\"EOP SCXW15475445 BCX0\" data-ccp-props=\"{&quot;134233117&quot;:false,&quot;134233118&quot;:false,&quot;335551550&quot;:0,&quot;335551620&quot;:0,&quot;335559738&quot;:240,&quot;335559739&quot;:240}\">\u00a0<\/span><\/p>","protected":false},"excerpt":{"rendered":"<p>El curso no puede comenzar la misma semana de tu inscripci\u00f3n.  La fecha depender\u00e1 de la disponibilidad de los profesores. Para solicitudes urgentes, cont\u00e1ctanos a contact@endf.ca. Nuestro equipo pedag\u00f3gico se comunicar\u00e1 contigo para definir objetivos, horarios y material.\u00a0<\/p>","protected":false},"featured_media":1810,"comment_status":"open","ping_status":"closed","template":"","meta":{"content-type":"","advanced_seo_description":"","jetpack_seo_html_title":"","jetpack_seo_noindex":false},"product_brand":[],"product_cat":[44],"product_tag":[],"class_list":{"0":"post-1807","1":"product","2":"type-product","3":"status-publish","4":"has-post-thumbnail","6":"product_cat-cours-prives","8":"first","9":"instock","10":"virtual","11":"purchasable","12":"product-type-simple"},"jetpack_sharing_enabled":true,"_links":{"self":[{"href":"https:\/\/endf.ca\/es\/wp-json\/wp\/v2\/product\/1807","targetHints":{"allow":["GET"]}}],"collection":[{"href":"https:\/\/endf.ca\/es\/wp-json\/wp\/v2\/product"}],"about":[{"href":"https:\/\/endf.ca\/es\/wp-json\/wp\/v2\/types\/product"}],"replies":[{"embeddable":true,"href":"https:\/\/endf.ca\/es\/wp-json\/wp\/v2\/comments?post=1807"}],"wp:featuredmedia":[{"embeddable":true,"href":"https:\/\/endf.ca\/es\/wp-json\/wp\/v2\/media\/1810"}],"wp:attachment":[{"href":"https:\/\/endf.ca\/es\/wp-json\/wp\/v2\/media?parent=1807"}],"wp:term":[{"taxonomy":"product_brand","embeddable":true,"href":"https:\/\/endf.ca\/es\/wp-json\/wp\/v2\/product_brand?post=1807"},{"taxonomy":"product_cat","embeddable":true,"href":"https:\/\/endf.ca\/es\/wp-json\/wp\/v2\/product_cat?post=1807"},{"taxonomy":"product_tag","embeddable":true,"href":"https:\/\/endf.ca\/es\/wp-json\/wp\/v2\/product_tag?post=1807"}],"curies":[{"name":"wp","href":"https:\/\/api.w.org\/{rel}","templated":true}]}}